{"id":890,"date":"2023-07-20T19:38:42","date_gmt":"2023-07-20T19:38:42","guid":{"rendered":"https:\/\/nver.clinicaegurrola.com.mx\/?page_id=890"},"modified":"2023-09-12T19:20:46","modified_gmt":"2023-09-12T19:20:46","slug":"aparatologia-11","status":"publish","type":"page","link":"https:\/\/nver.clinicaegurrola.com.mx\/index.php\/aparatologia-11\/","title":{"rendered":"Equipos"},"content":{"rendered":"\n<div class=\"section-wrapper\" data-id=\"zp2kfV\"><section class=\"wp-block-gutenverse-section guten-element guten-section guten-zp2kfV layout-boxed align-stretch\"><div class=\"guten-background-overlay\"><\/div><div class=\"guten-shape-divider guten-shape-divider-top\"><\/div><div class=\"guten-shape-divider guten-shape-divider-bottom\"><\/div><div class=\"guten-container guten-column-gap-default\">\n<div class=\"wp-block-gutenverse-column guten-element guten-column guten-BQvg6e\"><div class=\"guten-background-overlay\"><\/div><div class=\"sticky-wrapper\" data-id=\"BQvg6e\"><div class=\"guten-column-wrapper\">\n<h2 class=\"wp-block-gutenverse-heading guten-element guten-InN6lf animated guten-element-hide desktop-fadeInUp\">APARATOLOG\u00cdA DE PUNTA<\/h2>\n\n\n\n<div class=\"guten-element gutenverse-text-editor guten-sMdNct animated guten-element-hide desktop-fadeInUp\"><div class=\"text-content-inner\">\n<div class=\"wp-block-gutenverse-divider guten-element guten-divider guten-sG2zwc\"><div class=\"guten-divider-wrapper\"><div class=\"guten-divider-dotted guten-divider-line guten-divider-regular\"><\/div><\/div><\/div>\n\n\n\n<p class=\"has-normal-font-size\" style=\"margin-top:0;margin-right:0;margin-bottom:0;margin-left:0;padding-top:0;padding-right:0;padding-bottom:0;padding-left:0\">Sistemas avanzados no invasivos<\/p>\n<\/div><\/div>\n<\/div><\/div><\/div>\n<\/div><\/section><\/div>\n\n\n\n<div class=\"section-wrapper\" data-id=\"yYySSj\"><section class=\"wp-block-gutenverse-section guten-element guten-section guten-yYySSj layout-fullwidth align-stretch\"><div class=\"guten-background-overlay\"><\/div><div class=\"guten-shape-divider guten-shape-divider-top\"><\/div><div class=\"guten-shape-divider guten-shape-divider-bottom\"><\/div><div class=\"guten-container guten-column-gap-no\">\n<div class=\"wp-block-gutenverse-column guten-element guten-column guten-jp5AkC\"><div class=\"guten-background-overlay\"><\/div><div class=\"sticky-wrapper\" data-id=\"jp5AkC\"><div class=\"guten-column-wrapper\">\n<div class=\"guten-element gutenverse-text-editor guten-xoKvTV animated guten-element-hide desktop-fadeInLeft\"><div class=\"text-content-inner\">\n<h2 class=\"wp-block-gutenverse-heading guten-element guten-QVzhTQ\"><strong>Contamos con los mejores y m\u00e1s sofisticados equipos para todos los tipos de tratamientos est\u00e9ticos, para poder brindarle una excelente atenci\u00f3n.<\/strong><br>&nbsp;<br><strong>\u2022 RAYOS L\u00c1SER<\/strong><br><strong>\u2022 CORRIENTES GALV\u00c1NICAS<\/strong><br><strong>\u2022 FARADICAS<\/strong><br><strong>\u2022 VAPOR<\/strong><br><strong>\u2022 OZONO<\/strong><br><strong>\u2022 ALTA FRECUENCIA<\/strong><br><strong>\u2022 GIMNASIA PASIVA<\/strong><br><strong>\u2022 CROMOTERAPIA<\/strong><br><strong>\u2022 ULTRASONIDO<br>\u2022 ASPIRED<br>\u2022 OXIGENOTERAPIA<br>\u2022 SINERGYLIGHT<br>\u2022 PRESOR 03<br>\u2022 RADIOFRECUENCIA<\/strong><br><strong>\u2022 L\u00c1SER DE FOTOREJUVENECIMIENTO IPL<\/strong><br><strong>\u2022 DEPILACI\u00d3N DEFINITIVA L\u00c1SER DIODO LIGHTSHEER ET<\/strong><br><strong>\u2022 L\u00c1SER LIPOLITICO EN FR\u00cdO<\/strong><br><strong>\u2022 SKINLIGTH<\/strong><br><strong>\u2022 CAVITACI\u00d3N<\/strong><br><strong>\u2022 BELX08<\/strong><br><strong>\u2022 US-5000<\/strong><br><strong>\u2022 SILDERMIC<\/strong><br><strong>\u2022 L\u00c1SER DE FOTOREJUVENECIMIENTO D-LIGHT SR<\/strong><\/h2>\n\n\n\n<div class=\"guten-element guten-advanced-heading guten-Tqo417\"><div class=\"heading-section \"><h2 class=\"heading-title\"> CARBOXITERAPIA: Tratamiento corporal reductivo y facial anti-edad<span class=\"heading-focus\"><\/span><\/h2><\/div><span class=\"heading-subtitle\">Son infiltraciones de di\u00f3xido de carbono bajo la piel. Su aplicaci\u00f3n produce la oxigenaci\u00f3n de las c\u00e9lulas corporales, mejora la circulaci\u00f3n y reduce la grasa acumulada.<\/span><\/div>\n\n\n\n<div class=\"guten-element guten-spacer guten-CVeV5z\"><\/div>\n\n\n\n<div class=\"guten-element guten-advanced-heading guten-tDGYDs\"><div class=\"heading-section \"><h2 class=\"heading-title\"> COOLIFTING: Tratamiento anti-edad<span class=\"heading-focus\"><\/span><\/h2><\/div><span class=\"heading-subtitle\">Tratamiento revolucionario que rejuvenece el rostro que, a trav\u00e9s de una pistola de alta presi\u00f3n, aplica un potente flujo de CO2 y activos nebulizados a muy baja temperatura.<\/span><\/div>\n\n\n\n<div class=\"guten-element guten-spacer guten-bWxjrA\"><\/div>\n\n\n\n<div class=\"guten-element guten-advanced-heading guten-XBUmkT\"><div class=\"heading-section \"><h2 class=\"heading-title\">ELECTROPORACI\u00d3N: Tratamiento anti-edad<span class=\"heading-focus\"><\/span><\/h2><\/div><span class=\"heading-subtitle\">Tratamiento regenerador basado en la electrovaporaci\u00f3n, lo que le permite llegar a las capas m\u00e1s internas de la piel, aportando hidrataci\u00f3n, luminosidad y elasticidad.<\/span><\/div>\n\n\n\n<div class=\"guten-element guten-spacer guten-OqeYfe\"><\/div>\n\n\n\n<div class=\"guten-element guten-advanced-heading guten-0gLG4X\"><div class=\"heading-section \"><h2 class=\"heading-title\">LIFTING: Tratamiento anti-edad<span class=\"heading-focus\"><\/span><\/h2><\/div><span class=\"heading-subtitle\">Tratamiento sin cirug\u00eda y m\u00ednimamente invasivo cuyo objetivo es mejorar la apariencia de arrugas y l\u00edneas finas, dando una apariencia m\u00e1s juvenil.<\/span><\/div>\n\n\n\n<div class=\"guten-element guten-spacer guten-1y6XTc\"><\/div>\n\n\n\n<div class=\"guten-element guten-advanced-heading guten-7MLAU4\"><div class=\"heading-section \"><h2 class=\"heading-title\">TERAPIA LED: Tratamiento anti-edad<span class=\"heading-focus\"><\/span><\/h2><\/div><span class=\"heading-subtitle\">Es el uso de haz monocrom\u00e1tico que produce fotones que penetran en la piel para estimular la producci\u00f3n de col\u00e1geno.<\/span><\/div>\n\n\n\n<div class=\"guten-element guten-spacer guten-n2tXgB\"><\/div>\n\n\n\n<div class=\"guten-element guten-advanced-heading guten-D0gge7\"><div class=\"heading-section \"><h2 class=\"heading-title\">WELLBOX LPG: Tratamiento anti-edad<span class=\"heading-focus\"><\/span><\/h2><\/div><span class=\"heading-subtitle\">Estimulaci\u00f3n celular en un tratamiento antiedad, no invasivo, que te ayuda a desvanecer las arrugas.<\/span><\/div>\n\n\n\n<div class=\"guten-element guten-spacer guten-hDE9BU\"><\/div>\n\n\n\n<div class=\"guten-element guten-advanced-heading guten-Z1J0WE\"><div class=\"heading-section \"><h2 class=\"heading-title\">DIATERMIA: Facial anti-edad y Corporal anti-celulitis<span class=\"heading-focus\"><\/span><\/h2><\/div><span class=\"heading-subtitle\">Uno de los tratamientos de est\u00e9tica m\u00e1s revolucionarios de este siglo que act\u00faa sobre la dermis profunda del rostro para restablecer naturalmente la producci\u00f3n del col\u00e1geno y en el cuerpo combate la celulitis.<\/span><\/div>\n\n\n\n<div class=\"guten-element guten-spacer guten-dN6JZS\"><\/div>\n\n\n\n<div class=\"guten-element guten-advanced-heading guten-kg3XIC\"><div class=\"heading-section \"><h2 class=\"heading-title\">DERMATECH PEN: Anti-edad y Anti-imperfecci\u00f3n<span class=\"heading-focus\"><\/span><\/h2><\/div><span class=\"heading-subtitle\">Un dispositivo de micropunci\u00f3n que proporciona una terapia que combate las imperfecciones y aten\u00faa el paso del tiempo, estimulando el rejuvenecimiento de la piel de tu rostro, sin alterar su expresi\u00f3n.<\/span><\/div>\n\n\n\n<div class=\"guten-element guten-spacer guten-q4Y1sB\"><\/div>\n\n\n\n<div class=\"guten-element guten-advanced-heading guten-yAtBG0\"><div class=\"heading-section \"><h2 class=\"heading-title\">PEELING QUIMICO: Anti-edad y Anti-imperfecci\u00f3n Despigmentante<span class=\"heading-focus\"><\/span><\/h2><\/div><span class=\"heading-subtitle\">Tratamiento ideal para combatir en tu rostro las marcas causadas por el acn\u00e9, las manchas solares y las l\u00edneas de expresi\u00f3n.<\/span><\/div>\n\n\n\n<div class=\"guten-element guten-spacer guten-f5vwpt\"><\/div>\n\n\n\n<div class=\"guten-element guten-advanced-heading guten-N2vfHa\"><div class=\"heading-section \"><h2 class=\"heading-title\">ULTRASONIDO FACIAL: Anti-edad y Anti-imperfecci\u00f3n<span class=\"heading-focus\"><\/span><\/h2><\/div><span class=\"heading-subtitle\">En el rostro desvanece las se\u00f1ales del paso de tiempo y tambi\u00e9n combate cicatrices provocadas por el acn\u00e9.<\/span><\/div>\n\n\n\n<div class=\"guten-element guten-spacer guten-sf8zEv\"><\/div>\n\n\n\n<div class=\"guten-element guten-advanced-heading guten-kdEU34\"><div class=\"heading-section \"><h2 class=\"heading-title\">SKIN SCRUBER: Exfoliaci\u00f3n y Anti-imperfecci\u00f3n<span class=\"heading-focus\"><\/span><\/h2><\/div><span class=\"heading-subtitle\">Es un instrumento de uso cosm\u00e9tico y dermatol\u00f3gico para el tratamiento de secuelas de acn\u00e9, limpiezas profundas y exfoliaciones, entre otras.<\/span><\/div>\n\n\n\n<div class=\"guten-element guten-spacer guten-EhYZlq\"><\/div>\n\n\n\n<div class=\"guten-element guten-advanced-heading guten-eU7CC6\"><div class=\"heading-section \"><h2 class=\"heading-title\">CORPO 02: Moldeante y Anti-celulitis<span class=\"heading-focus\"><\/span><\/h2><\/div><span class=\"heading-subtitle\">T\u00e9cnica de electroterapia que reafirma y remodela la figura, disminuyendo la grasa corporal y aumentando la tonicidad muscular para mejorar la est\u00e9tica de tu cuerpo.<\/span><\/div>\n\n\n\n<div class=\"guten-element guten-spacer guten-Z7v6ur\"><\/div>\n\n\n\n<div class=\"guten-element guten-advanced-heading guten-0MlnxM\"><div class=\"heading-section \"><h2 class=\"heading-title\">VACUMTERAPIA: Anti-celulitis<span class=\"heading-focus\"><\/span><\/h2><\/div><span class=\"heading-subtitle\">Tratamiento \u00abno invasivo\u00bb para combatir la celulitis mediante aparatolog\u00eda que drena el tejido adiposo que movilizan la grasa hacia el sistema linf\u00e1tico.<\/span><\/div>\n\n\n\n<div class=\"guten-element guten-spacer guten-MMtypZ\"><\/div>\n\n\n\n<div class=\"guten-element guten-advanced-heading guten-5gG4s5\"><div class=\"heading-section \"><h2 class=\"heading-title\">PRESOTERAPIA: Anti-celulitis<span class=\"heading-focus\"><\/span><\/h2><\/div><span class=\"heading-subtitle\">Tratamiento que genera un drenaje linf\u00e1tico por medio de botas neum\u00e1ticas que realizan masaje y vaciado; contrarrestando la retenci\u00f3n de l\u00edquidos, la obesidad y los s\u00edntomas de la varices.<\/span><\/div>\n\n\n\n<div class=\"guten-element guten-spacer guten-XjkBxJ\"><\/div>\n\n\n\n<div class=\"guten-element guten-advanced-heading guten-zmYaP7\"><div class=\"heading-section \"><h2 class=\"heading-title\">DERMOSONIC: Anti-celulitis<span class=\"heading-focus\"><\/span><\/h2><\/div><span class=\"heading-subtitle\">Terapia contra la celulitis y la flacidez, capaz de eliminar de tu figura la grasa, mediante la combinaci\u00f3n de ultrasonidos y tratamiento no invasivo.<\/span><\/div>\n\n\n\n<div class=\"guten-element guten-spacer guten-kiW07q\"><\/div>\n\n\n\n<div class=\"guten-element guten-advanced-heading guten-VXinhT\"><div class=\"heading-section \"><h2 class=\"heading-title\">ULTRASONIDO CORPORAL: Anti-celulitis, Anti estr\u00edas y Drenaje Linf\u00e1tico<span class=\"heading-focus\"><\/span><\/h2><\/div><span class=\"heading-subtitle\">Terapia contra la celulitis y la flacidez, capaz de eliminar de tu figura la grasa, mediante la combinaci\u00f3n de ultrasonidos y tratamiento no invasivo.<\/span><\/div>\n\n\n\n<div class=\"guten-element guten-spacer guten-DaqJqJ\"><\/div>\n\n\n\n<div class=\"guten-element guten-advanced-heading guten-R6uGqp\"><div class=\"heading-section \"><h2 class=\"heading-title\">LUMICELL TOUCH: Tratamiento Moldeante<span class=\"heading-focus\"><\/span><\/h2><\/div><span class=\"heading-subtitle\">Es un aparato de masaje subd\u00e9rmico profundo para el tratamiento de la celulitis. Adem\u00e1s de remodelar y tonificar tu cuerpo.<\/span><\/div>\n\n\n\n<div class=\"guten-element guten-spacer guten-OBDW7i\"><\/div>\n\n\n\n<div class=\"guten-element guten-advanced-heading guten-eC9obz\"><div class=\"heading-section \"><h2 class=\"heading-title\">REVERSE: Facial reafirmante y Corporal moldeante<span class=\"heading-focus\"><\/span><\/h2><\/div><span class=\"heading-subtitle\">Tratamiento facial y corporal que tonifica la piel, reafirm\u00e1ndola por medio del barrido de electrodos bipolares que generan una electroestimulaci\u00f3n que promueve su hidrataci\u00f3n, elasticidad y firmeza.<\/span><\/div>\n\n\n\n<div class=\"guten-element guten-spacer guten-Qn3XHF\"><\/div>\n\n\n\n<div class=\"guten-element guten-advanced-heading guten-1Uvnlf\"><div class=\"heading-section \"><h2 class=\"heading-title\">ANALIZADOR DE PIEL<span class=\"heading-focus\"><\/span><\/h2><\/div><span class=\"heading-subtitle\">Avanzado equipo que realiza un diagn\u00f3stico facial personalizado en im\u00e1genes multi-espectrales en 3D para conocer el estado de la piel y sus necesidades en apenas quince segundos.<\/span><\/div>\n\n\n\n<div class=\"guten-element guten-spacer guten-MS6Z8P\"><\/div>\n\n\n\n<div class=\"guten-element guten-advanced-heading guten-FJ4Gmt\"><div class=\"heading-section \"><h2 class=\"heading-title\">MICRO DERMOABRASI\u00d3N: Exfoliante<span class=\"heading-focus\"><\/span><\/h2><\/div><span class=\"heading-subtitle\">T\u00e9cnica que elimina las capas m\u00e1s superficiales de la piel para mejorar el aspecto del rostro en casos de cicatrices por acn\u00e9, por cirug\u00edas previas o por accidente.<\/span><\/div>\n\n\n\n<div class=\"guten-element guten-spacer guten-fomjue\"><\/div>\n\n\n\n<div class=\"guten-element guten-advanced-heading guten-C2kbwA\"><div class=\"heading-section \"><h2 class=\"heading-title\">G5: Reductivo y Anti-celulitis<span class=\"heading-focus\"><\/span><\/h2><\/div><span class=\"heading-subtitle\">Terapia vibratoria de tecnolog\u00eda avanzada que aporta el masaje vibracional, giratorio y de percusi\u00f3n, que no es posible realizar con las manos. Es \u00fatil en tratamientos est\u00e9ticos y terap\u00e9uticos.<\/span><\/div>\n\n\n\n<div class=\"guten-element guten-spacer guten-qvAIZi\"><\/div>\n\n\n\n<div class=\"guten-element guten-advanced-heading guten-fs2W5n\"><div class=\"heading-section \"><h2 class=\"heading-title\">C\u00c1MARA INFRATERAPIST: Reductivo y Drenaje Linf\u00e1tico<span class=\"heading-focus\"><\/span><\/h2><\/div><span class=\"heading-subtitle\">Es un tratamiento que emite ondas infrarrojas que permiten adelgazar de manera natural, eliminar toxinas e incrementar la circulaci\u00f3n sangu\u00ednea.<\/span><\/div>\n\n\n\n<div class=\"guten-element guten-spacer guten-X6ZQmr\"><\/div>\n\n\n\n<div class=\"guten-element guten-advanced-heading guten-M2n1Cv\"><div class=\"heading-section \"><h2 class=\"heading-title\">TERMOSLIM: Reductivo<span class=\"heading-focus\"><\/span><\/h2><\/div><span class=\"heading-subtitle\">T\u00e9cnica que combina calor infrarrojo, electrodos y masajes reductores con cremas especiales para combatir la celulitis y adiposidad en tu figura.<\/span><\/div>\n\n\n\n<div class=\"guten-element guten-spacer guten-3Ehxti\"><\/div>\n\n\n\n<div class=\"guten-element guten-advanced-heading guten-OxBe1Q\"><div class=\"heading-section \"><h2 class=\"heading-title\">L\u00c1SER LIPOLIPTICO: Reductivo<span class=\"heading-focus\"><\/span><\/h2><\/div><span class=\"heading-subtitle\">Sistema de l\u00e1ser diodo con forma de almohadillas que se posiciona sobre la piel y le transmite energ\u00eda para eliminar grasa corporal en diferentes zonas del cuerpo.<\/span><\/div>\n<\/div><\/div>\n\n\n\n<div class=\"guten-element guten-button-wrapper guten-dBZAAS\"><a class=\"guten-button animated guten-element-hide desktop-fadeInLeft guten-button-sm\" href=\"https:\/\/nver.clinicaegurrola.com.mx\/index.php\/aparatologia\/\"><span>regresar<\/span><\/a><\/div>\n<\/div><\/div><\/div>\n\n\n\n<div class=\"wp-block-gutenverse-column guten-element guten-column guten-8nbEt0\"><div class=\"guten-background-overlay\"><\/div><div class=\"sticky-wrapper\" data-id=\"8nbEt0\"><div class=\"guten-column-wrapper\"><\/div><\/div><\/div>\n<\/div><\/section><\/div>\n","protected":false},"excerpt":{"rendered":"","protected":false},"author":1,"featured_media":0,"parent":0,"menu_order":0,"comment_status":"closed","ping_status":"closed","template":"wp-custom-template-base","meta":{"_eb_attr":"","footnotes":""},"class_list":["post-890","page","type-page","status-publish","hentry"],"yoast_head":"<!-- This site is optimized with the Yoast SEO plugin v21.0 - https:\/\/yoast.com\/wordpress\/plugins\/seo\/ -->\n<title>Equipos - EGURROLA Cl\u00ednica Cosmetol\u00f3gica<\/title>\n<meta name=\"robots\" content=\"index, follow, max-snippet:-1, max-image-preview:large, max-video-preview:-1\" \/>\n<link rel=\"canonical\" href=\"https:\/\/nver.clinicaegurrola.com.mx\/index.php\/aparatologia-11\/\" \/>\n<meta property=\"og:locale\" content=\"es_ES\" \/>\n<meta property=\"og:type\" content=\"article\" \/>\n<meta property=\"og:title\" content=\"Equipos - EGURROLA Cl\u00ednica Cosmetol\u00f3gica\" \/>\n<meta property=\"og:url\" content=\"https:\/\/nver.clinicaegurrola.com.mx\/index.php\/aparatologia-11\/\" \/>\n<meta property=\"og:site_name\" content=\"EGURROLA Cl\u00ednica Cosmetol\u00f3gica\" \/>\n<meta property=\"article:modified_time\" content=\"2023-09-12T19:20:46+00:00\" \/>\n<meta name=\"twitter:card\" content=\"summary_large_image\" \/>\n<meta name=\"twitter:label1\" content=\"Tiempo de lectura\" \/>\n\t<meta name=\"twitter:data1\" content=\"4 minutos\" \/>\n<script type=\"application\/ld+json\" class=\"yoast-schema-graph\">{\"@context\":\"https:\/\/schema.org\",\"@graph\":[{\"@type\":\"WebPage\",\"@id\":\"https:\/\/nver.clinicaegurrola.com.mx\/index.php\/aparatologia-11\/\",\"url\":\"https:\/\/nver.clinicaegurrola.com.mx\/index.php\/aparatologia-11\/\",\"name\":\"Equipos - EGURROLA Cl\u00ednica Cosmetol\u00f3gica\",\"isPartOf\":{\"@id\":\"https:\/\/nver.clinicaegurrola.com.mx\/#website\"},\"datePublished\":\"2023-07-20T19:38:42+00:00\",\"dateModified\":\"2023-09-12T19:20:46+00:00\",\"breadcrumb\":{\"@id\":\"https:\/\/nver.clinicaegurrola.com.mx\/index.php\/aparatologia-11\/#breadcrumb\"},\"inLanguage\":\"es\",\"potentialAction\":[{\"@type\":\"ReadAction\",\"target\":[\"https:\/\/nver.clinicaegurrola.com.mx\/index.php\/aparatologia-11\/\"]}]},{\"@type\":\"BreadcrumbList\",\"@id\":\"https:\/\/nver.clinicaegurrola.com.mx\/index.php\/aparatologia-11\/#breadcrumb\",\"itemListElement\":[{\"@type\":\"ListItem\",\"position\":1,\"name\":\"Portada\",\"item\":\"https:\/\/nver.clinicaegurrola.com.mx\/\"},{\"@type\":\"ListItem\",\"position\":2,\"name\":\"Equipos\"}]},{\"@type\":\"WebSite\",\"@id\":\"https:\/\/nver.clinicaegurrola.com.mx\/#website\",\"url\":\"https:\/\/nver.clinicaegurrola.com.mx\/\",\"name\":\"EGURROLA Cl\u00ednica Cosmetol\u00f3gica\",\"description\":\"\",\"publisher\":{\"@id\":\"https:\/\/nver.clinicaegurrola.com.mx\/#organization\"},\"potentialAction\":[{\"@type\":\"SearchAction\",\"target\":{\"@type\":\"EntryPoint\",\"urlTemplate\":\"https:\/\/nver.clinicaegurrola.com.mx\/?s={search_term_string}\"},\"query-input\":\"required name=search_term_string\"}],\"inLanguage\":\"es\"},{\"@type\":\"Organization\",\"@id\":\"https:\/\/nver.clinicaegurrola.com.mx\/#organization\",\"name\":\"EGURROLA Cl\u00ednica Cosmetol\u00f3gica\",\"url\":\"https:\/\/nver.clinicaegurrola.com.mx\/\",\"logo\":{\"@type\":\"ImageObject\",\"inLanguage\":\"es\",\"@id\":\"https:\/\/nver.clinicaegurrola.com.mx\/#\/schema\/logo\/image\/\",\"url\":\"https:\/\/nver.clinicaegurrola.com.mx\/wp-content\/uploads\/2023\/11\/qr-egurrola.jpg\",\"contentUrl\":\"https:\/\/nver.clinicaegurrola.com.mx\/wp-content\/uploads\/2023\/11\/qr-egurrola.jpg\",\"width\":450,\"height\":450,\"caption\":\"EGURROLA Cl\u00ednica Cosmetol\u00f3gica\"},\"image\":{\"@id\":\"https:\/\/nver.clinicaegurrola.com.mx\/#\/schema\/logo\/image\/\"}}]}<\/script>\n<!-- \/ Yoast SEO plugin. -->","yoast_head_json":{"title":"Equipos - EGURROLA Cl\u00ednica Cosmetol\u00f3gica","robots":{"index":"index","follow":"follow","max-snippet":"max-snippet:-1","max-image-preview":"max-image-preview:large","max-video-preview":"max-video-preview:-1"},"canonical":"https:\/\/nver.clinicaegurrola.com.mx\/index.php\/aparatologia-11\/","og_locale":"es_ES","og_type":"article","og_title":"Equipos - EGURROLA Cl\u00ednica Cosmetol\u00f3gica","og_url":"https:\/\/nver.clinicaegurrola.com.mx\/index.php\/aparatologia-11\/","og_site_name":"EGURROLA Cl\u00ednica Cosmetol\u00f3gica","article_modified_time":"2023-09-12T19:20:46+00:00","twitter_card":"summary_large_image","twitter_misc":{"Tiempo de lectura":"4 minutos"},"schema":{"@context":"https:\/\/schema.org","@graph":[{"@type":"WebPage","@id":"https:\/\/nver.clinicaegurrola.com.mx\/index.php\/aparatologia-11\/","url":"https:\/\/nver.clinicaegurrola.com.mx\/index.php\/aparatologia-11\/","name":"Equipos - EGURROLA Cl\u00ednica Cosmetol\u00f3gica","isPartOf":{"@id":"https:\/\/nver.clinicaegurrola.com.mx\/#website"},"datePublished":"2023-07-20T19:38:42+00:00","dateModified":"2023-09-12T19:20:46+00:00","breadcrumb":{"@id":"https:\/\/nver.clinicaegurrola.com.mx\/index.php\/aparatologia-11\/#breadcrumb"},"inLanguage":"es","potentialAction":[{"@type":"ReadAction","target":["https:\/\/nver.clinicaegurrola.com.mx\/index.php\/aparatologia-11\/"]}]},{"@type":"BreadcrumbList","@id":"https:\/\/nver.clinicaegurrola.com.mx\/index.php\/aparatologia-11\/#breadcrumb","itemListElement":[{"@type":"ListItem","position":1,"name":"Portada","item":"https:\/\/nver.clinicaegurrola.com.mx\/"},{"@type":"ListItem","position":2,"name":"Equipos"}]},{"@type":"WebSite","@id":"https:\/\/nver.clinicaegurrola.com.mx\/#website","url":"https:\/\/nver.clinicaegurrola.com.mx\/","name":"EGURROLA Cl\u00ednica Cosmetol\u00f3gica","description":"","publisher":{"@id":"https:\/\/nver.clinicaegurrola.com.mx\/#organization"},"potentialAction":[{"@type":"SearchAction","target":{"@type":"EntryPoint","urlTemplate":"https:\/\/nver.clinicaegurrola.com.mx\/?s={search_term_string}"},"query-input":"required name=search_term_string"}],"inLanguage":"es"},{"@type":"Organization","@id":"https:\/\/nver.clinicaegurrola.com.mx\/#organization","name":"EGURROLA Cl\u00ednica Cosmetol\u00f3gica","url":"https:\/\/nver.clinicaegurrola.com.mx\/","logo":{"@type":"ImageObject","inLanguage":"es","@id":"https:\/\/nver.clinicaegurrola.com.mx\/#\/schema\/logo\/image\/","url":"https:\/\/nver.clinicaegurrola.com.mx\/wp-content\/uploads\/2023\/11\/qr-egurrola.jpg","contentUrl":"https:\/\/nver.clinicaegurrola.com.mx\/wp-content\/uploads\/2023\/11\/qr-egurrola.jpg","width":450,"height":450,"caption":"EGURROLA Cl\u00ednica Cosmetol\u00f3gica"},"image":{"@id":"https:\/\/nver.clinicaegurrola.com.mx\/#\/schema\/logo\/image\/"}}]}},"_links":{"self":[{"href":"https:\/\/nver.clinicaegurrola.com.mx\/index.php\/wp-json\/wp\/v2\/pages\/890","targetHints":{"allow":["GET"]}}],"collection":[{"href":"https:\/\/nver.clinicaegurrola.com.mx\/index.php\/wp-json\/wp\/v2\/pages"}],"about":[{"href":"https:\/\/nver.clinicaegurrola.com.mx\/index.php\/wp-json\/wp\/v2\/types\/page"}],"author":[{"embeddable":true,"href":"https:\/\/nver.clinicaegurrola.com.mx\/index.php\/wp-json\/wp\/v2\/users\/1"}],"replies":[{"embeddable":true,"href":"https:\/\/nver.clinicaegurrola.com.mx\/index.php\/wp-json\/wp\/v2\/comments?post=890"}],"version-history":[{"count":42,"href":"https:\/\/nver.clinicaegurrola.com.mx\/index.php\/wp-json\/wp\/v2\/pages\/890\/revisions"}],"predecessor-version":[{"id":2627,"href":"https:\/\/nver.clinicaegurrola.com.mx\/index.php\/wp-json\/wp\/v2\/pages\/890\/revisions\/2627"}],"wp:attachment":[{"href":"https:\/\/nver.clinicaegurrola.com.mx\/index.php\/wp-json\/wp\/v2\/media?parent=890"}],"curies":[{"name":"wp","href":"https:\/\/api.w.org\/{rel}","templated":true}]}}