{"id":860,"date":"2023-07-20T18:51:18","date_gmt":"2023-07-20T18:51:18","guid":{"rendered":"https:\/\/nver.clinicaegurrola.com.mx\/?page_id=860"},"modified":"2023-08-28T19:55:09","modified_gmt":"2023-08-28T19:55:09","slug":"aparatologia-8","status":"publish","type":"page","link":"https:\/\/nver.clinicaegurrola.com.mx\/index.php\/aparatologia-8\/","title":{"rendered":"Equipos"},"content":{"rendered":"\n<div class=\"section-wrapper\" data-id=\"zp2kfV\"><section class=\"wp-block-gutenverse-section guten-element guten-section guten-zp2kfV layout-boxed align-stretch\"><div class=\"guten-background-overlay\"><\/div><div class=\"guten-shape-divider guten-shape-divider-top\"><\/div><div class=\"guten-shape-divider guten-shape-divider-bottom\"><\/div><div class=\"guten-container guten-column-gap-default\">\n<div class=\"wp-block-gutenverse-column guten-element guten-column guten-BQvg6e\"><div class=\"guten-background-overlay\"><\/div><div class=\"sticky-wrapper\" data-id=\"BQvg6e\"><div class=\"guten-column-wrapper\">\n<h2 class=\"wp-block-gutenverse-heading guten-element guten-InN6lf animated guten-element-hide desktop-fadeInUp\">SKINLIGHT<\/h2>\n\n\n\n<div class=\"guten-element gutenverse-text-editor guten-sMdNct animated guten-element-hide desktop-fadeInUp\"><div class=\"text-content-inner\">\n<div class=\"wp-block-gutenverse-divider guten-element guten-divider guten-sG2zwc\"><div class=\"guten-divider-wrapper\"><div class=\"guten-divider-dotted guten-divider-line guten-divider-regular\"><\/div><\/div><\/div>\n\n\n\n<p class=\"has-normal-font-size\">Perfecta para la resoluci\u00f3n de las principales alteraciones de la est\u00e9tica facial<\/p>\n<\/div><\/div>\n<\/div><\/div><\/div>\n<\/div><\/section><\/div>\n\n\n\n<div class=\"section-wrapper\" data-id=\"yYySSj\"><section class=\"wp-block-gutenverse-section guten-element guten-section guten-yYySSj layout-fullwidth align-stretch\"><div class=\"guten-background-overlay\"><\/div><div class=\"guten-shape-divider guten-shape-divider-top\"><\/div><div class=\"guten-shape-divider guten-shape-divider-bottom\"><\/div><div class=\"guten-container guten-column-gap-no\">\n<div class=\"wp-block-gutenverse-column guten-element guten-column guten-jp5AkC\"><div class=\"guten-background-overlay\"><\/div><div class=\"sticky-wrapper\" data-id=\"jp5AkC\"><div class=\"guten-column-wrapper\">\n<div class=\"guten-element gutenverse-text-editor guten-xoKvTV animated guten-element-hide desktop-fadeInLeft\"><div class=\"text-content-inner\">\n<h2 class=\"wp-block-gutenverse-heading guten-element guten-QVzhTQ\"><strong>La fuerza del diamante y la pureza de la luz, contra el paso del tiempo<\/strong><br>&nbsp;<br><strong>\u00bfQu\u00e9 es y para qu\u00e9 sirve el SKINLIGTH?<\/strong><br>El SKINLIGHT es un equipo dise\u00f1ado para tratamientos faciales que combina distintas t\u00e9cnicas para la resoluci\u00f3n de los principales alteraciones de la est\u00e9tica facial: flacidez, arrugas, alteraciones pigmentarias e hidrataci\u00f3n de la piel.<br>&nbsp;<br><strong>\u00bfEn qu\u00e9 t\u00e9cnicas se basa su tratamiento?<\/strong><br>El SKINLIGHT combina drenaje por vacuum, dermoabrasi\u00f3n con puntas de diamantes, electroporaci\u00f3n, fotoporaci\u00f3n, fototerapia y crioterapia para tratamientos faciales.<br>&nbsp;<br><strong>\u00bfQu\u00e9 es y qu\u00e9 ventajas supone la Electroporaci\u00f3n?<\/strong><br>La electroporaci\u00f3n consiste en el uso de corrientes de media frecuencia para la abertura de microporos transitorios en la capa externa de la piel y en la membrana celular, lo cual facilita la penetraci\u00f3n de los activos del cosm\u00e9tico utilizado, e incrementando la efectividad del tratamiento. Es la alternativa m\u00e1s eficaz e indolora a la mesoterapia con agujas.<br>&nbsp;<br><strong>\u00bfQu\u00e9 es y qu\u00e9 ventajas supone la Fotoporaci\u00f3n?<\/strong><br>La fotoporaci\u00f3n consiste en la abertura de microporos transitorios en la capa externa de la piel y en la membrana celular, mediante luz emitida por un LED. Con ello se consigue una mayor penetraci\u00f3n de los activos del cosm\u00e9tico, y que en combinaci\u00f3n con la t\u00e9cnica de la electroporaci\u00f3n, asegura una mayor efectividad y focalizaci\u00f3n del tratamiento en los niveles m\u00e1s profundos de la piel.<br>&nbsp;<br><strong>\u00bfQu\u00e9 es y qu\u00e9 ventajas supone la Fototerapia?<\/strong><br>La luz es un importante est\u00edmulo del ATP (principal mol\u00e9cula energ\u00e9tica de la c\u00e9lula), aumentando la capacidad energ\u00e9tica de la c\u00e9lula que a nivel d\u00e9rmico se manifiesta con aumento de la s\u00edntesis de col\u00e1geno y fibras el\u00e1sticas. Este proceso supone un aumento del metabolismo reparador de las c\u00e9lulas y mejora el estado de la piel en general.<br>&nbsp;<br><strong>\u00bfQu\u00e9 es y qu\u00e9 ventajas supone la Crioterapia?<\/strong><br>La crioterapia consiste en la aplicaci\u00f3n de fr\u00edo sobre el organismo para aprovecharse de sus efectos: descongestivos, tonificantes y tensores de la piel.<br><br><br>* Al iniciar tratamiento gratis limpieza facial profunda<br>* Precios Accesibles<\/h2>\n<\/div><\/div>\n\n\n\n<div class=\"guten-element guten-button-wrapper guten-dBZAAS\"><a class=\"guten-button animated guten-element-hide desktop-fadeInLeft guten-button-sm\" href=\"https:\/\/nver.clinicaegurrola.com.mx\/index.php\/aparatologia\/\"><span>regresar<\/span><\/a><\/div>\n<\/div><\/div><\/div>\n\n\n\n<div class=\"wp-block-gutenverse-column guten-element guten-column guten-8nbEt0\"><div class=\"guten-background-overlay\"><\/div><div class=\"sticky-wrapper\" data-id=\"8nbEt0\"><div class=\"guten-column-wrapper\"><\/div><\/div><\/div>\n<\/div><\/section><\/div>\n","protected":false},"excerpt":{"rendered":"","protected":false},"author":1,"featured_media":0,"parent":0,"menu_order":0,"comment_status":"closed","ping_status":"closed","template":"wp-custom-template-base","meta":{"_eb_attr":"","footnotes":""},"class_list":["post-860","page","type-page","status-publish","hentry"],"yoast_head":"<!-- This site is optimized with the Yoast SEO plugin v21.0 - https:\/\/yoast.com\/wordpress\/plugins\/seo\/ -->\n<title>Equipos - EGURROLA Cl\u00ednica Cosmetol\u00f3gica<\/title>\n<meta name=\"robots\" content=\"index, follow, max-snippet:-1, max-image-preview:large, max-video-preview:-1\" \/>\n<link rel=\"canonical\" href=\"https:\/\/nver.clinicaegurrola.com.mx\/index.php\/aparatologia-8\/\" \/>\n<meta property=\"og:locale\" content=\"es_ES\" \/>\n<meta property=\"og:type\" content=\"article\" \/>\n<meta property=\"og:title\" content=\"Equipos - EGURROLA Cl\u00ednica Cosmetol\u00f3gica\" \/>\n<meta property=\"og:url\" content=\"https:\/\/nver.clinicaegurrola.com.mx\/index.php\/aparatologia-8\/\" \/>\n<meta property=\"og:site_name\" content=\"EGURROLA Cl\u00ednica Cosmetol\u00f3gica\" \/>\n<meta property=\"article:modified_time\" content=\"2023-08-28T19:55:09+00:00\" \/>\n<meta name=\"twitter:card\" content=\"summary_large_image\" \/>\n<meta name=\"twitter:label1\" content=\"Tiempo de lectura\" \/>\n\t<meta name=\"twitter:data1\" content=\"2 minutos\" \/>\n<script type=\"application\/ld+json\" class=\"yoast-schema-graph\">{\"@context\":\"https:\/\/schema.org\",\"@graph\":[{\"@type\":\"WebPage\",\"@id\":\"https:\/\/nver.clinicaegurrola.com.mx\/index.php\/aparatologia-8\/\",\"url\":\"https:\/\/nver.clinicaegurrola.com.mx\/index.php\/aparatologia-8\/\",\"name\":\"Equipos - EGURROLA Cl\u00ednica Cosmetol\u00f3gica\",\"isPartOf\":{\"@id\":\"https:\/\/nver.clinicaegurrola.com.mx\/#website\"},\"datePublished\":\"2023-07-20T18:51:18+00:00\",\"dateModified\":\"2023-08-28T19:55:09+00:00\",\"breadcrumb\":{\"@id\":\"https:\/\/nver.clinicaegurrola.com.mx\/index.php\/aparatologia-8\/#breadcrumb\"},\"inLanguage\":\"es\",\"potentialAction\":[{\"@type\":\"ReadAction\",\"target\":[\"https:\/\/nver.clinicaegurrola.com.mx\/index.php\/aparatologia-8\/\"]}]},{\"@type\":\"BreadcrumbList\",\"@id\":\"https:\/\/nver.clinicaegurrola.com.mx\/index.php\/aparatologia-8\/#breadcrumb\",\"itemListElement\":[{\"@type\":\"ListItem\",\"position\":1,\"name\":\"Portada\",\"item\":\"https:\/\/nver.clinicaegurrola.com.mx\/\"},{\"@type\":\"ListItem\",\"position\":2,\"name\":\"Equipos\"}]},{\"@type\":\"WebSite\",\"@id\":\"https:\/\/nver.clinicaegurrola.com.mx\/#website\",\"url\":\"https:\/\/nver.clinicaegurrola.com.mx\/\",\"name\":\"EGURROLA Cl\u00ednica Cosmetol\u00f3gica\",\"description\":\"\",\"publisher\":{\"@id\":\"https:\/\/nver.clinicaegurrola.com.mx\/#organization\"},\"potentialAction\":[{\"@type\":\"SearchAction\",\"target\":{\"@type\":\"EntryPoint\",\"urlTemplate\":\"https:\/\/nver.clinicaegurrola.com.mx\/?s={search_term_string}\"},\"query-input\":\"required name=search_term_string\"}],\"inLanguage\":\"es\"},{\"@type\":\"Organization\",\"@id\":\"https:\/\/nver.clinicaegurrola.com.mx\/#organization\",\"name\":\"EGURROLA Cl\u00ednica Cosmetol\u00f3gica\",\"url\":\"https:\/\/nver.clinicaegurrola.com.mx\/\",\"logo\":{\"@type\":\"ImageObject\",\"inLanguage\":\"es\",\"@id\":\"https:\/\/nver.clinicaegurrola.com.mx\/#\/schema\/logo\/image\/\",\"url\":\"https:\/\/nver.clinicaegurrola.com.mx\/wp-content\/uploads\/2023\/11\/qr-egurrola.jpg\",\"contentUrl\":\"https:\/\/nver.clinicaegurrola.com.mx\/wp-content\/uploads\/2023\/11\/qr-egurrola.jpg\",\"width\":450,\"height\":450,\"caption\":\"EGURROLA Cl\u00ednica Cosmetol\u00f3gica\"},\"image\":{\"@id\":\"https:\/\/nver.clinicaegurrola.com.mx\/#\/schema\/logo\/image\/\"}}]}<\/script>\n<!-- \/ Yoast SEO plugin. -->","yoast_head_json":{"title":"Equipos - EGURROLA Cl\u00ednica Cosmetol\u00f3gica","robots":{"index":"index","follow":"follow","max-snippet":"max-snippet:-1","max-image-preview":"max-image-preview:large","max-video-preview":"max-video-preview:-1"},"canonical":"https:\/\/nver.clinicaegurrola.com.mx\/index.php\/aparatologia-8\/","og_locale":"es_ES","og_type":"article","og_title":"Equipos - EGURROLA Cl\u00ednica Cosmetol\u00f3gica","og_url":"https:\/\/nver.clinicaegurrola.com.mx\/index.php\/aparatologia-8\/","og_site_name":"EGURROLA Cl\u00ednica Cosmetol\u00f3gica","article_modified_time":"2023-08-28T19:55:09+00:00","twitter_card":"summary_large_image","twitter_misc":{"Tiempo de lectura":"2 minutos"},"schema":{"@context":"https:\/\/schema.org","@graph":[{"@type":"WebPage","@id":"https:\/\/nver.clinicaegurrola.com.mx\/index.php\/aparatologia-8\/","url":"https:\/\/nver.clinicaegurrola.com.mx\/index.php\/aparatologia-8\/","name":"Equipos - EGURROLA Cl\u00ednica Cosmetol\u00f3gica","isPartOf":{"@id":"https:\/\/nver.clinicaegurrola.com.mx\/#website"},"datePublished":"2023-07-20T18:51:18+00:00","dateModified":"2023-08-28T19:55:09+00:00","breadcrumb":{"@id":"https:\/\/nver.clinicaegurrola.com.mx\/index.php\/aparatologia-8\/#breadcrumb"},"inLanguage":"es","potentialAction":[{"@type":"ReadAction","target":["https:\/\/nver.clinicaegurrola.com.mx\/index.php\/aparatologia-8\/"]}]},{"@type":"BreadcrumbList","@id":"https:\/\/nver.clinicaegurrola.com.mx\/index.php\/aparatologia-8\/#breadcrumb","itemListElement":[{"@type":"ListItem","position":1,"name":"Portada","item":"https:\/\/nver.clinicaegurrola.com.mx\/"},{"@type":"ListItem","position":2,"name":"Equipos"}]},{"@type":"WebSite","@id":"https:\/\/nver.clinicaegurrola.com.mx\/#website","url":"https:\/\/nver.clinicaegurrola.com.mx\/","name":"EGURROLA Cl\u00ednica Cosmetol\u00f3gica","description":"","publisher":{"@id":"https:\/\/nver.clinicaegurrola.com.mx\/#organization"},"potentialAction":[{"@type":"SearchAction","target":{"@type":"EntryPoint","urlTemplate":"https:\/\/nver.clinicaegurrola.com.mx\/?s={search_term_string}"},"query-input":"required name=search_term_string"}],"inLanguage":"es"},{"@type":"Organization","@id":"https:\/\/nver.clinicaegurrola.com.mx\/#organization","name":"EGURROLA Cl\u00ednica Cosmetol\u00f3gica","url":"https:\/\/nver.clinicaegurrola.com.mx\/","logo":{"@type":"ImageObject","inLanguage":"es","@id":"https:\/\/nver.clinicaegurrola.com.mx\/#\/schema\/logo\/image\/","url":"https:\/\/nver.clinicaegurrola.com.mx\/wp-content\/uploads\/2023\/11\/qr-egurrola.jpg","contentUrl":"https:\/\/nver.clinicaegurrola.com.mx\/wp-content\/uploads\/2023\/11\/qr-egurrola.jpg","width":450,"height":450,"caption":"EGURROLA Cl\u00ednica Cosmetol\u00f3gica"},"image":{"@id":"https:\/\/nver.clinicaegurrola.com.mx\/#\/schema\/logo\/image\/"}}]}},"_links":{"self":[{"href":"https:\/\/nver.clinicaegurrola.com.mx\/index.php\/wp-json\/wp\/v2\/pages\/860","targetHints":{"allow":["GET"]}}],"collection":[{"href":"https:\/\/nver.clinicaegurrola.com.mx\/index.php\/wp-json\/wp\/v2\/pages"}],"about":[{"href":"https:\/\/nver.clinicaegurrola.com.mx\/index.php\/wp-json\/wp\/v2\/types\/page"}],"author":[{"embeddable":true,"href":"https:\/\/nver.clinicaegurrola.com.mx\/index.php\/wp-json\/wp\/v2\/users\/1"}],"replies":[{"embeddable":true,"href":"https:\/\/nver.clinicaegurrola.com.mx\/index.php\/wp-json\/wp\/v2\/comments?post=860"}],"version-history":[{"count":6,"href":"https:\/\/nver.clinicaegurrola.com.mx\/index.php\/wp-json\/wp\/v2\/pages\/860\/revisions"}],"predecessor-version":[{"id":2127,"href":"https:\/\/nver.clinicaegurrola.com.mx\/index.php\/wp-json\/wp\/v2\/pages\/860\/revisions\/2127"}],"wp:attachment":[{"href":"https:\/\/nver.clinicaegurrola.com.mx\/index.php\/wp-json\/wp\/v2\/media?parent=860"}],"curies":[{"name":"wp","href":"https:\/\/api.w.org\/{rel}","templated":true}]}}