{"id":2559,"date":"2023-09-11T21:11:38","date_gmt":"2023-09-11T21:11:38","guid":{"rendered":"https:\/\/nver.clinicaegurrola.com.mx\/?page_id=2559"},"modified":"2023-09-12T18:07:55","modified_gmt":"2023-09-12T18:07:55","slug":"especializados-6","status":"publish","type":"page","link":"https:\/\/nver.clinicaegurrola.com.mx\/index.php\/especializados-6\/","title":{"rendered":"Especializados"},"content":{"rendered":"\n<div class=\"guten-element guten-advanced-heading guten-4vmb7i\"><div class=\"heading-section \"><div class=\"heading-line before\"><\/div><h2 class=\"heading-title\">LIMPIEZA<span class=\"heading-focus\"><\/span><\/h2><\/div><span class=\"heading-subtitle\">Siempre los mejores tratamientos para ti<\/span><\/div>\n\n\n\n<div class=\"guten-element guten-spacer guten-pWHW9Z\"><\/div>\n\n\n\n<div class=\"section-wrapper\" data-id=\"In38DJ\"><section class=\"wp-block-gutenverse-section guten-element guten-section guten-In38DJ layout-fullwidth align-stretch\"><div class=\"guten-background-overlay\"><\/div><div class=\"guten-shape-divider guten-shape-divider-top\"><\/div><div class=\"guten-shape-divider guten-shape-divider-bottom\"><\/div><div class=\"guten-container guten-column-gap-default\">\n<div class=\"wp-block-gutenverse-column guten-element guten-column guten-kSG6Vg animated guten-element-hide desktop-fadeInLeft\"><div class=\"guten-background-overlay\"><\/div><div class=\"sticky-wrapper\" data-id=\"kSG6Vg\"><div class=\"guten-column-wrapper\">\n<div class=\"guten-element guten-spacer guten-eNWcqS\"><\/div>\n<\/div><\/div><\/div>\n\n\n\n<div class=\"wp-block-gutenverse-column guten-element guten-column guten-Z2qrIq\"><div class=\"guten-background-overlay\"><\/div><div class=\"sticky-wrapper\" data-id=\"Z2qrIq\"><div class=\"guten-column-wrapper\">\n<div class=\"section-wrapper\" data-id=\"by8B1c\"><section class=\"wp-block-gutenverse-section guten-element guten-section guten-by8B1c layout-boxed align-stretch\"><div class=\"guten-background-overlay\"><\/div><div class=\"guten-shape-divider guten-shape-divider-top\"><\/div><div class=\"guten-shape-divider guten-shape-divider-bottom\"><\/div><div class=\"guten-container guten-column-gap-no\">\n<div class=\"wp-block-gutenverse-column guten-element guten-column guten-bRrMFZ\"><div class=\"guten-background-overlay\"><\/div><div class=\"sticky-wrapper\" data-id=\"bRrMFZ\"><div class=\"guten-column-wrapper\">\n<div class=\"guten-element gutenverse-text-editor guten-99Hahq animated guten-element-hide desktop-fadeInRight\"><div class=\"text-content-inner\">\n<div class=\"guten-element guten-spacer guten-lgqkri\"><\/div>\n\n\n\n<div class=\"guten-element guten-advanced-heading guten-tDGYDs\"><div class=\"heading-section \"><h2 class=\"heading-title\">LIMPIEZA DE ESPALDA<span class=\"heading-focus\"><\/span><\/h2><\/div><span class=\"heading-subtitle\">Exfoliaci\u00f3n y Extracci\u00f3n de Impurezas en la Piel<\/span><\/div>\n\n\n\n<div class=\"guten-element guten-spacer guten-uTUvMK\"><\/div>\n\n\n\n<div class=\"guten-element guten-advanced-heading guten-jck8d8\"><div class=\"heading-section \"><h2 class=\"heading-title\">LIMPIEZA DE GL\u00daTEOS<span class=\"heading-focus\"><\/span><\/h2><\/div><span class=\"heading-subtitle\">Exfoliaci\u00f3n y Extracci\u00f3n de Impurezas en la Piel<\/span><\/div>\n\n\n\n<div class=\"guten-element guten-spacer guten-xcrgsP\"><\/div>\n\n\n\n<div class=\"guten-element guten-advanced-heading guten-2eyE8E\"><div class=\"heading-section \"><h2 class=\"heading-title\">LIMPIEZA DE PECTORAL<span class=\"heading-focus\"><\/span><\/h2><\/div><span class=\"heading-subtitle\">Exfoliaci\u00f3n y Extracci\u00f3n de Impurezas en la Piel<\/span><\/div>\n\n\n\n<div class=\"guten-element guten-spacer guten-M1Vu6e\"><\/div>\n\n\n\n<div class=\"guten-element guten-advanced-heading guten-VQ4tik\"><div class=\"heading-section \"><h2 class=\"heading-title\">LIMPIEZA DE BRAZOS<span class=\"heading-focus\"><\/span><\/h2><\/div><span class=\"heading-subtitle\">Exfoliaci\u00f3n y Extracci\u00f3n de Impurezas en la Piel<\/span><\/div>\n\n\n\n<div class=\"guten-element guten-spacer guten-y12rdx\"><\/div>\n\n\n\n<div class=\"guten-element guten-advanced-heading guten-RCoNvD\"><div class=\"heading-section \"><h2 class=\"heading-title\">LIMPIEZA DE AXILAS<span class=\"heading-focus\"><\/span><\/h2><\/div><span class=\"heading-subtitle\">Exfoliaci\u00f3n y Extracci\u00f3n de Impurezas en la Piel<\/span><\/div>\n\n\n\n<div class=\"guten-element guten-spacer guten-UeUgyK\"><\/div>\n\n\n\n<div class=\"guten-element guten-advanced-heading guten-1PLNhI\"><div class=\"heading-section \"><h2 class=\"heading-title\">LIMPIEZA DE OREJA<span class=\"heading-focus\"><\/span><\/h2><\/div><span class=\"heading-subtitle\">Exfoliaci\u00f3n y Extracci\u00f3n de Impurezas del \u00c1rea del Pabell\u00f3n<\/span><\/div>\n\n\n\n<div class=\"guten-element guten-spacer guten-hNNSL3\"><\/div>\n\n\n\n<div class=\"guten-element guten-advanced-heading guten-X0fgAd\"><div class=\"heading-section \"><h2 class=\"heading-title\">LIMPIEZA ENTRE PIERNAS<span class=\"heading-focus\"><\/span><\/h2><\/div><span class=\"heading-subtitle\">Exfoliaci\u00f3n y Extracci\u00f3n de Impurezas en la Piel<\/span><\/div>\n\n\n\n<div class=\"guten-element guten-spacer guten-wUypa0\"><\/div>\n\n\n\n<div class=\"guten-element guten-advanced-heading guten-7PeqhC\"><div class=\"heading-section \"><h2 class=\"heading-title\">LIMPIEZA CAPILAR<span class=\"heading-focus\"><\/span><\/h2><\/div><span class=\"heading-subtitle\">Exfoliaci\u00f3n del Cuero Cabelludo, vaporizaci\u00f3n y aplicaci\u00f3n de activos capilares de acuerdo a sus necesidades<\/span><\/div>\n\n\n\n<div class=\"guten-element guten-spacer guten-q1y0tj\"><\/div>\n\n\n\n<div class=\"guten-element guten-advanced-heading guten-02TZHS\"><div class=\"heading-section \"><h2 class=\"heading-title\">LIMPIEZA FACIAL PROFUNDA<span class=\"heading-focus\"><\/span><\/h2><\/div><span class=\"heading-subtitle\">Exfoliaci\u00f3n, Aspiraci\u00f3n y Extracci\u00f3n de Impurezas en la Piel<\/span><\/div>\n\n\n\n<div class=\"guten-element guten-spacer guten-ngCVLi\"><\/div>\n\n\n\n<div class=\"guten-element guten-advanced-heading guten-Zm03F3\"><div class=\"heading-section \"><h2 class=\"heading-title\">LIMPIEZA DE ACN\u00c9<span class=\"heading-focus\"><\/span><\/h2><\/div><span class=\"heading-subtitle\">Procedimiento de Exfoliaci\u00f3n y Extracci\u00f3n de elementos grasos e impurezas en la piel con acn\u00e9<\/span><\/div>\n\n\n\n<div class=\"guten-element guten-spacer guten-HT5NJb\"><\/div>\n\n\n\n<div class=\"guten-element guten-advanced-heading guten-7gxdeE\"><div class=\"heading-section \"><h2 class=\"heading-title\">LIMPIEZA CON ULTRASONIDO<span class=\"heading-focus\"><\/span><\/h2><\/div><span class=\"heading-subtitle\">Micromasaje, Exfoliaci\u00f3n, Aspiraci\u00f3n y Extracci\u00f3n de Impurezas en la Piel<\/span><\/div>\n\n\n\n<div class=\"guten-element guten-spacer guten-e0BFhH\"><\/div>\n\n\n\n<p class=\"has-link-color wp-elements-57827dfd72101f3dc9b281c4df05a4b9\"><strong><a href=\"https:\/\/nver.clinicaegurrola.com.mx\/index.php\/especializados\"><strong>Regresar a Especializados<\/strong><\/a><\/strong><\/p>\n<\/div><\/div>\n<\/div><\/div><\/div>\n<\/div><\/section><\/div>\n<\/div><\/div><\/div>\n<\/div><\/section><\/div>\n","protected":false},"excerpt":{"rendered":"","protected":false},"author":1,"featured_media":0,"parent":0,"menu_order":0,"comment_status":"closed","ping_status":"closed","template":"","meta":{"_eb_attr":"","footnotes":""},"class_list":["post-2559","page","type-page","status-publish","hentry"],"yoast_head":"<!-- This site is optimized with the Yoast SEO plugin v21.0 - https:\/\/yoast.com\/wordpress\/plugins\/seo\/ -->\n<title>Especializados - EGURROLA Cl\u00ednica Cosmetol\u00f3gica<\/title>\n<meta name=\"robots\" content=\"index, follow, max-snippet:-1, max-image-preview:large, max-video-preview:-1\" \/>\n<link rel=\"canonical\" href=\"https:\/\/nver.clinicaegurrola.com.mx\/index.php\/especializados-6\/\" \/>\n<meta property=\"og:locale\" content=\"es_ES\" \/>\n<meta property=\"og:type\" content=\"article\" \/>\n<meta property=\"og:title\" content=\"Especializados - EGURROLA Cl\u00ednica Cosmetol\u00f3gica\" \/>\n<meta property=\"og:url\" content=\"https:\/\/nver.clinicaegurrola.com.mx\/index.php\/especializados-6\/\" \/>\n<meta property=\"og:site_name\" content=\"EGURROLA Cl\u00ednica Cosmetol\u00f3gica\" \/>\n<meta property=\"article:modified_time\" content=\"2023-09-12T18:07:55+00:00\" \/>\n<meta name=\"twitter:card\" content=\"summary_large_image\" \/>\n<meta name=\"twitter:label1\" content=\"Tiempo de lectura\" \/>\n\t<meta name=\"twitter:data1\" content=\"1 minuto\" \/>\n<script type=\"application\/ld+json\" class=\"yoast-schema-graph\">{\"@context\":\"https:\/\/schema.org\",\"@graph\":[{\"@type\":\"WebPage\",\"@id\":\"https:\/\/nver.clinicaegurrola.com.mx\/index.php\/especializados-6\/\",\"url\":\"https:\/\/nver.clinicaegurrola.com.mx\/index.php\/especializados-6\/\",\"name\":\"Especializados - EGURROLA Cl\u00ednica Cosmetol\u00f3gica\",\"isPartOf\":{\"@id\":\"https:\/\/nver.clinicaegurrola.com.mx\/#website\"},\"datePublished\":\"2023-09-11T21:11:38+00:00\",\"dateModified\":\"2023-09-12T18:07:55+00:00\",\"breadcrumb\":{\"@id\":\"https:\/\/nver.clinicaegurrola.com.mx\/index.php\/especializados-6\/#breadcrumb\"},\"inLanguage\":\"es\",\"potentialAction\":[{\"@type\":\"ReadAction\",\"target\":[\"https:\/\/nver.clinicaegurrola.com.mx\/index.php\/especializados-6\/\"]}]},{\"@type\":\"BreadcrumbList\",\"@id\":\"https:\/\/nver.clinicaegurrola.com.mx\/index.php\/especializados-6\/#breadcrumb\",\"itemListElement\":[{\"@type\":\"ListItem\",\"position\":1,\"name\":\"Portada\",\"item\":\"https:\/\/nver.clinicaegurrola.com.mx\/\"},{\"@type\":\"ListItem\",\"position\":2,\"name\":\"Especializados\"}]},{\"@type\":\"WebSite\",\"@id\":\"https:\/\/nver.clinicaegurrola.com.mx\/#website\",\"url\":\"https:\/\/nver.clinicaegurrola.com.mx\/\",\"name\":\"EGURROLA Cl\u00ednica Cosmetol\u00f3gica\",\"description\":\"\",\"publisher\":{\"@id\":\"https:\/\/nver.clinicaegurrola.com.mx\/#organization\"},\"potentialAction\":[{\"@type\":\"SearchAction\",\"target\":{\"@type\":\"EntryPoint\",\"urlTemplate\":\"https:\/\/nver.clinicaegurrola.com.mx\/?s={search_term_string}\"},\"query-input\":\"required name=search_term_string\"}],\"inLanguage\":\"es\"},{\"@type\":\"Organization\",\"@id\":\"https:\/\/nver.clinicaegurrola.com.mx\/#organization\",\"name\":\"EGURROLA Cl\u00ednica Cosmetol\u00f3gica\",\"url\":\"https:\/\/nver.clinicaegurrola.com.mx\/\",\"logo\":{\"@type\":\"ImageObject\",\"inLanguage\":\"es\",\"@id\":\"https:\/\/nver.clinicaegurrola.com.mx\/#\/schema\/logo\/image\/\",\"url\":\"https:\/\/nver.clinicaegurrola.com.mx\/wp-content\/uploads\/2023\/11\/qr-egurrola.jpg\",\"contentUrl\":\"https:\/\/nver.clinicaegurrola.com.mx\/wp-content\/uploads\/2023\/11\/qr-egurrola.jpg\",\"width\":450,\"height\":450,\"caption\":\"EGURROLA Cl\u00ednica Cosmetol\u00f3gica\"},\"image\":{\"@id\":\"https:\/\/nver.clinicaegurrola.com.mx\/#\/schema\/logo\/image\/\"}}]}<\/script>\n<!-- \/ Yoast SEO plugin. -->","yoast_head_json":{"title":"Especializados - EGURROLA Cl\u00ednica Cosmetol\u00f3gica","robots":{"index":"index","follow":"follow","max-snippet":"max-snippet:-1","max-image-preview":"max-image-preview:large","max-video-preview":"max-video-preview:-1"},"canonical":"https:\/\/nver.clinicaegurrola.com.mx\/index.php\/especializados-6\/","og_locale":"es_ES","og_type":"article","og_title":"Especializados - EGURROLA Cl\u00ednica Cosmetol\u00f3gica","og_url":"https:\/\/nver.clinicaegurrola.com.mx\/index.php\/especializados-6\/","og_site_name":"EGURROLA Cl\u00ednica Cosmetol\u00f3gica","article_modified_time":"2023-09-12T18:07:55+00:00","twitter_card":"summary_large_image","twitter_misc":{"Tiempo de lectura":"1 minuto"},"schema":{"@context":"https:\/\/schema.org","@graph":[{"@type":"WebPage","@id":"https:\/\/nver.clinicaegurrola.com.mx\/index.php\/especializados-6\/","url":"https:\/\/nver.clinicaegurrola.com.mx\/index.php\/especializados-6\/","name":"Especializados - EGURROLA Cl\u00ednica Cosmetol\u00f3gica","isPartOf":{"@id":"https:\/\/nver.clinicaegurrola.com.mx\/#website"},"datePublished":"2023-09-11T21:11:38+00:00","dateModified":"2023-09-12T18:07:55+00:00","breadcrumb":{"@id":"https:\/\/nver.clinicaegurrola.com.mx\/index.php\/especializados-6\/#breadcrumb"},"inLanguage":"es","potentialAction":[{"@type":"ReadAction","target":["https:\/\/nver.clinicaegurrola.com.mx\/index.php\/especializados-6\/"]}]},{"@type":"BreadcrumbList","@id":"https:\/\/nver.clinicaegurrola.com.mx\/index.php\/especializados-6\/#breadcrumb","itemListElement":[{"@type":"ListItem","position":1,"name":"Portada","item":"https:\/\/nver.clinicaegurrola.com.mx\/"},{"@type":"ListItem","position":2,"name":"Especializados"}]},{"@type":"WebSite","@id":"https:\/\/nver.clinicaegurrola.com.mx\/#website","url":"https:\/\/nver.clinicaegurrola.com.mx\/","name":"EGURROLA Cl\u00ednica Cosmetol\u00f3gica","description":"","publisher":{"@id":"https:\/\/nver.clinicaegurrola.com.mx\/#organization"},"potentialAction":[{"@type":"SearchAction","target":{"@type":"EntryPoint","urlTemplate":"https:\/\/nver.clinicaegurrola.com.mx\/?s={search_term_string}"},"query-input":"required name=search_term_string"}],"inLanguage":"es"},{"@type":"Organization","@id":"https:\/\/nver.clinicaegurrola.com.mx\/#organization","name":"EGURROLA Cl\u00ednica Cosmetol\u00f3gica","url":"https:\/\/nver.clinicaegurrola.com.mx\/","logo":{"@type":"ImageObject","inLanguage":"es","@id":"https:\/\/nver.clinicaegurrola.com.mx\/#\/schema\/logo\/image\/","url":"https:\/\/nver.clinicaegurrola.com.mx\/wp-content\/uploads\/2023\/11\/qr-egurrola.jpg","contentUrl":"https:\/\/nver.clinicaegurrola.com.mx\/wp-content\/uploads\/2023\/11\/qr-egurrola.jpg","width":450,"height":450,"caption":"EGURROLA Cl\u00ednica Cosmetol\u00f3gica"},"image":{"@id":"https:\/\/nver.clinicaegurrola.com.mx\/#\/schema\/logo\/image\/"}}]}},"_links":{"self":[{"href":"https:\/\/nver.clinicaegurrola.com.mx\/index.php\/wp-json\/wp\/v2\/pages\/2559","targetHints":{"allow":["GET"]}}],"collection":[{"href":"https:\/\/nver.clinicaegurrola.com.mx\/index.php\/wp-json\/wp\/v2\/pages"}],"about":[{"href":"https:\/\/nver.clinicaegurrola.com.mx\/index.php\/wp-json\/wp\/v2\/types\/page"}],"author":[{"embeddable":true,"href":"https:\/\/nver.clinicaegurrola.com.mx\/index.php\/wp-json\/wp\/v2\/users\/1"}],"replies":[{"embeddable":true,"href":"https:\/\/nver.clinicaegurrola.com.mx\/index.php\/wp-json\/wp\/v2\/comments?post=2559"}],"version-history":[{"count":13,"href":"https:\/\/nver.clinicaegurrola.com.mx\/index.php\/wp-json\/wp\/v2\/pages\/2559\/revisions"}],"predecessor-version":[{"id":2586,"href":"https:\/\/nver.clinicaegurrola.com.mx\/index.php\/wp-json\/wp\/v2\/pages\/2559\/revisions\/2586"}],"wp:attachment":[{"href":"https:\/\/nver.clinicaegurrola.com.mx\/index.php\/wp-json\/wp\/v2\/media?parent=2559"}],"curies":[{"name":"wp","href":"https:\/\/api.w.org\/{rel}","templated":true}]}}