{"id":1728,"date":"2023-08-01T19:56:21","date_gmt":"2023-08-01T19:56:21","guid":{"rendered":"https:\/\/nver.clinicaegurrola.com.mx\/?page_id=1728"},"modified":"2023-11-15T19:09:12","modified_gmt":"2023-11-15T19:09:12","slug":"especializados-5","status":"publish","type":"page","link":"https:\/\/nver.clinicaegurrola.com.mx\/index.php\/especializados-5\/","title":{"rendered":"Especializados"},"content":{"rendered":"\n<div class=\"guten-element guten-advanced-heading guten-4vmb7i\"><div class=\"heading-section \"><div class=\"heading-line before\"><\/div><h2 class=\"heading-title\">MASAJE DE RELAJACI\u00d3N<span class=\"heading-focus\"><\/span><\/h2><\/div><span class=\"heading-subtitle\">Siempre los mejores tratamientos para ti<\/span><\/div>\n\n\n\n<div class=\"guten-element guten-spacer guten-pWHW9Z\"><\/div>\n\n\n\n<div class=\"section-wrapper\" data-id=\"In38DJ\"><section class=\"wp-block-gutenverse-section guten-element guten-section guten-In38DJ layout-fullwidth align-stretch\"><div class=\"guten-background-overlay\"><\/div><div class=\"guten-shape-divider guten-shape-divider-top\"><\/div><div class=\"guten-shape-divider guten-shape-divider-bottom\"><\/div><div class=\"guten-container guten-column-gap-default\">\n<div class=\"wp-block-gutenverse-column guten-element guten-column guten-kSG6Vg animated guten-element-hide desktop-fadeInLeft\"><div class=\"guten-background-overlay\"><\/div><div class=\"sticky-wrapper\" data-id=\"kSG6Vg\"><div class=\"guten-column-wrapper\">\n<div class=\"guten-element guten-spacer guten-eNWcqS\"><\/div>\n<\/div><\/div><\/div>\n\n\n\n<div class=\"wp-block-gutenverse-column guten-element guten-column guten-Z2qrIq\"><div class=\"guten-background-overlay\"><\/div><div class=\"sticky-wrapper\" data-id=\"Z2qrIq\"><div class=\"guten-column-wrapper\">\n<div class=\"section-wrapper\" data-id=\"by8B1c\"><section class=\"wp-block-gutenverse-section guten-element guten-section guten-by8B1c layout-boxed align-stretch\"><div class=\"guten-background-overlay\"><\/div><div class=\"guten-shape-divider guten-shape-divider-top\"><\/div><div class=\"guten-shape-divider guten-shape-divider-bottom\"><\/div><div class=\"guten-container guten-column-gap-no\">\n<div class=\"wp-block-gutenverse-column guten-element guten-column guten-bRrMFZ\"><div class=\"guten-background-overlay\"><\/div><div class=\"sticky-wrapper\" data-id=\"bRrMFZ\"><div class=\"guten-column-wrapper\">\n<div class=\"guten-element gutenverse-text-editor guten-99Hahq animated guten-element-hide desktop-fadeInRight\"><div class=\"text-content-inner\">\n<h2 class=\"wp-block-gutenverse-heading guten-element guten-WGfw4Z\"><br><strong>TU CUERPO LO NECESITA<\/strong><br><br>Estos tipos de masaje fija su atenci\u00f3n en descargar la tensi\u00f3n acumulada. Siendo su efecto la relajaci\u00f3n y disminuci\u00f3n del tono muscular, a trav\u00e9s de un contacto no agresivo por parte de la persona que lo aplica.<br>\u00a0<br><br><strong>Terapias Alternativas<\/strong><br><br>\u2022 MASAJE DE AROMAS<br><br>\u2022 MASAJE EN PAREJA<br><\/h2>\n\n\n\n<div class=\"guten-element guten-advanced-heading guten-Tqo417\"><div class=\"heading-section \"><h2 class=\"heading-title\">MASAJE BOMB\u00d3M<span class=\"heading-focus\"><\/span><\/h2><\/div><span class=\"heading-subtitle\">Realizado con un bomb\u00f3m de crema para masaje que al aplicar humecta y relaja tu piel.<\/span><\/div>\n\n\n\n<div class=\"guten-element guten-spacer guten-DD0vjK\"><\/div>\n\n\n\n<div class=\"guten-element guten-advanced-heading guten-HJWfso\"><div class=\"heading-section \"><h2 class=\"heading-title\">MASAJE DESCONTRACTURANTE<span class=\"heading-focus\"><\/span><\/h2><\/div><span class=\"heading-subtitle\">T\u00e9cnica de masaje profundo que relaja y disuelve las contracturas musculares provocadas por estr\u00e9s, malas posturas, vida sedentaria y falta de descanso.<\/span><\/div>\n\n\n\n<div class=\"guten-element guten-spacer guten-e5jTb9\"><\/div>\n\n\n\n<div class=\"guten-element guten-advanced-heading guten-qIOcIv\"><div class=\"heading-section \"><h2 class=\"heading-title\">MASAJE GEOTERMAL<span class=\"heading-focus\"><\/span><\/h2><\/div><span class=\"heading-subtitle\">T\u00e9cnica de masaje terap\u00e9utico realizado con piedras volc\u00e1nicas calientes en distintas partes del cuerpo para relajar, armonizar y equilibrar los m\u00fasculos.<\/span><\/div>\n\n\n\n<div class=\"guten-element guten-spacer guten-deWfyS\"><\/div>\n\n\n\n<div class=\"guten-element guten-advanced-heading guten-jQtyY3\"><div class=\"heading-section \"><h2 class=\"heading-title\">MASAJE REDUCTIVO<span class=\"heading-focus\"><\/span><\/h2><\/div><span class=\"heading-subtitle\">Tratamiento que ayuda a moldear tu cuerpo al atacar zonas espec\u00edficas con grasa localizada.<\/span><\/div>\n\n\n\n<div class=\"guten-element guten-spacer guten-bRgiYW\"><\/div>\n\n\n\n<div class=\"guten-element guten-advanced-heading guten-AN7oMN\"><div class=\"heading-section \"><h2 class=\"heading-title\">MASAJE DE PIERNAS<span class=\"heading-focus\"><\/span><\/h2><\/div><span class=\"heading-subtitle\">Especialmente dise\u00f1ados para aliviar el dolor y mejorar la circulaci\u00f3n de tus piernas.<\/span><\/div>\n\n\n\n<div class=\"guten-element guten-spacer guten-wMpfj9\"><\/div>\n\n\n\n<div class=\"guten-element guten-advanced-heading guten-lj2e7u\"><div class=\"heading-section \"><h2 class=\"heading-title\">MASAJE DRENAJE LINF\u00c1TICO<span class=\"heading-focus\"><\/span><\/h2><\/div><span class=\"heading-subtitle\">T\u00e9cnica de masaje terap\u00e9utico con efecto relajante que activa el sistema linf\u00e1tico para atenuar la celulitis y los l\u00edquidos estancados.<\/span><\/div>\n\n\n\n<div class=\"guten-element guten-spacer guten-jvZ2st\"><\/div>\n\n\n\n<div class=\"guten-element guten-advanced-heading guten-XVBPyY\"><div class=\"heading-section \"><h2 class=\"heading-title\">MASAJE FULL RELAX<span class=\"heading-focus\"><\/span><\/h2><\/div><span class=\"heading-subtitle\">Mezcla de t\u00e9cnicas de masaje dise\u00f1ado para relajar y descontracturar los m\u00fasculos de tu cuerpo.<\/span><\/div>\n\n\n\n<div class=\"guten-element guten-spacer guten-sUDP9C\"><\/div>\n\n\n\n<div class=\"guten-element guten-advanced-heading guten-xFsEWT\"><div class=\"heading-section \"><h2 class=\"heading-title\">MASAJE PODAL<span class=\"heading-focus\"><\/span><\/h2><\/div><span class=\"heading-subtitle\">Consiste en realizar masajes suaves y profundos en los pies, que es la parte del cuerpo donde van a parar multitud de terminaciones nerviosas y se acumulan tensiones.<\/span><\/div>\n\n\n\n<div class=\"guten-element guten-spacer guten-0DW9pO\"><\/div>\n\n\n\n<div class=\"guten-element guten-advanced-heading guten-i1cNje\"><div class=\"heading-section \"><h2 class=\"heading-title\">MASAJE PAIDO<span class=\"heading-focus\"><\/span><\/h2><\/div><span class=\"heading-subtitle\">T\u00e9cnica dise\u00f1ada especialmente para ni\u00f1os y adolescentes para estimular el sistema nervioso y propiciar relajaci\u00f3n.<\/span><\/div>\n\n\n\n<div class=\"guten-element guten-spacer guten-CKbCFY\"><\/div>\n\n\n\n<div class=\"guten-element guten-advanced-heading guten-iKsG5j\"><div class=\"heading-section \"><h2 class=\"heading-title\">MASAJE LASAI<span class=\"heading-focus\"><\/span><\/h2><\/div><span class=\"heading-subtitle\">Masaje antiestr\u00e9s que utiliza el aceite org\u00e1nico de lavanda por sus propiedades relajantes y calmantes.<\/span><\/div>\n\n\n\n<div class=\"guten-element guten-spacer guten-u6H6X4\"><\/div>\n\n\n\n<div class=\"guten-element guten-advanced-heading guten-bKJBJ7\"><div class=\"heading-section \"><h2 class=\"heading-title\">MASAJE A CUATRO MANOS<span class=\"heading-focus\"><\/span><\/h2><\/div><span class=\"heading-subtitle\">Masaje doble sincronizado que proporciona una experiencia sensorial que libera la tensi\u00f3n, recomendado para personas sometidas a mucho nerviosismo o ansiedad.<\/span><\/div>\n\n\n\n<div class=\"guten-element guten-spacer guten-GPp7ls\"><\/div>\n\n\n\n<div class=\"guten-element guten-advanced-heading guten-KAfbyo\"><div class=\"heading-section \"><h2 class=\"heading-title\">MASAJE A LAS VELAS<span class=\"heading-focus\"><\/span><\/h2><\/div><span class=\"heading-subtitle\">La cera de soya es un componente ideal para el alivio de la tensi\u00f3n muscular pues mejora la circulaci\u00f3n sangu\u00ednea que, al combinarlo con la aromaterapia, favorecen a la relajaci\u00f3n.<\/span><\/div>\n\n\n\n<div class=\"guten-element guten-spacer guten-Wj2nKN\"><\/div>\n\n\n\n<div class=\"guten-element guten-advanced-heading guten-jqZ8nU\"><div class=\"heading-section \"><h2 class=\"heading-title\">MASAJE COMBO<span class=\"heading-focus\"><\/span><\/h2><\/div><span class=\"heading-subtitle\">Integra diferentes t\u00e9cnicas de masajes relajantes y descontracturantes para brindar alivio y relajaci\u00f3n al cuerpo completo.<\/span><\/div>\n\n\n\n<div class=\"guten-element guten-spacer guten-jmbn7J\"><\/div>\n\n\n\n<div class=\"guten-element guten-advanced-heading guten-2aOnwd\"><div class=\"heading-section \"><h2 class=\"heading-title\">MASAJE SENSORELAX<span class=\"heading-focus\"><\/span><\/h2><\/div><span class=\"heading-subtitle\">Tecnica de masaje corporal suave, sedante y sensitivo, que ofrecen relajaci\u00f3n f\u00edsica y mental.<\/span><\/div>\n\n\n\n<div class=\"guten-element guten-spacer guten-bb4Fcy\"><\/div>\n\n\n\n<div class=\"guten-element guten-advanced-heading guten-2Bwidg\"><div class=\"heading-section \"><h2 class=\"heading-title\">MASAJE HOL\u00cdSTICO<span class=\"heading-focus\"><\/span><\/h2><\/div><span class=\"heading-subtitle\">T\u00e9cnica de masaje que mediante fricciones en diferentes zonas del cuerpo busca la relajaci\u00f3n que consiga la perfecta armon\u00eda entre la energ\u00eda mental y la energ\u00eda corporal.<\/span><\/div>\n\n\n\n<div class=\"guten-element guten-spacer guten-i9t5i9\"><\/div>\n\n\n\n<div class=\"guten-element guten-advanced-heading guten-OG6n52\"><div class=\"heading-section \"><h2 class=\"heading-title\">MASAJE CHAMPI<span class=\"heading-focus\"><\/span><\/h2><\/div><span class=\"heading-subtitle\">Masaje concentrado en la zona craneal: cabeza, cuello y hombros, que relaja y mejora la oxigenaci\u00f3n por el aumento del flujo sang\u00edneo de esa zona.<\/span><\/div>\n\n\n\n<div class=\"guten-element guten-spacer guten-1IjO5H\"><\/div>\n\n\n\n<div class=\"guten-element guten-advanced-heading guten-8uUrl1\"><div class=\"heading-section \"><h2 class=\"heading-title\">MASAJE DOMIN\u00d3<span class=\"heading-focus\"><\/span><\/h2><\/div><span class=\"heading-subtitle\">Masaje que combina piedras volc\u00e1nicas calientes, que mejoran la circulaci\u00f3n, y piedras de m\u00e1rmol fr\u00edas, que alivian el dolor e inhiben la inflamaci\u00f3n.<\/span><\/div>\n\n\n\n<div class=\"guten-element guten-spacer guten-eqTygs\"><\/div>\n\n\n\n<div class=\"guten-element guten-advanced-heading guten-05dSKB\"><div class=\"heading-section \"><h2 class=\"heading-title\">MASAJE T\u00c9 VERDE<span class=\"heading-focus\"><\/span><\/h2><\/div><span class=\"heading-subtitle\">La aplicaci\u00f3n de antioxidantes del t\u00e9 verde, proveniente de la planta \u00abCamellia Sinensis\u00bb, tiene propiedades astringentes y favorece en la recuperaci\u00f3n muscular.<\/span><\/div>\n\n\n\n<div class=\"guten-element guten-spacer guten-LulnyH\"><\/div>\n\n\n\n<div class=\"guten-element guten-advanced-heading guten-XoxpzX\"><div class=\"heading-section \"><h2 class=\"heading-title\">MASAJE CRANEOFACIAL<span class=\"heading-focus\"><\/span><\/h2><\/div><span class=\"heading-subtitle\">Dise\u00f1ado para atender la zona craneal y facial para activar su circulaci\u00f3n y oxigenaci\u00f3n para eliminar la tensi\u00f3n acumulada en ellas.<\/span><\/div>\n\n\n\n<div class=\"guten-element guten-spacer guten-e0BFhH\"><\/div>\n\n\n\n<p class=\"has-link-color wp-elements-57827dfd72101f3dc9b281c4df05a4b9\"><strong><a href=\"https:\/\/nver.clinicaegurrola.com.mx\/index.php\/especializados\"><strong>Regresar a Especializados<\/strong><\/a><\/strong><\/p>\n<\/div><\/div>\n<\/div><\/div><\/div>\n<\/div><\/section><\/div>\n<\/div><\/div><\/div>\n<\/div><\/section><\/div>\n","protected":false},"excerpt":{"rendered":"","protected":false},"author":1,"featured_media":0,"parent":0,"menu_order":0,"comment_status":"closed","ping_status":"closed","template":"","meta":{"_eb_attr":"","footnotes":""},"class_list":["post-1728","page","type-page","status-publish","hentry"],"yoast_head":"<!-- This site is optimized with the Yoast SEO plugin v21.0 - https:\/\/yoast.com\/wordpress\/plugins\/seo\/ -->\n<title>Especializados - EGURROLA Cl\u00ednica Cosmetol\u00f3gica<\/title>\n<meta name=\"robots\" content=\"index, follow, max-snippet:-1, max-image-preview:large, max-video-preview:-1\" \/>\n<link rel=\"canonical\" href=\"https:\/\/nver.clinicaegurrola.com.mx\/index.php\/especializados-5\/\" \/>\n<meta property=\"og:locale\" content=\"es_ES\" \/>\n<meta property=\"og:type\" content=\"article\" \/>\n<meta property=\"og:title\" content=\"Especializados - EGURROLA Cl\u00ednica Cosmetol\u00f3gica\" \/>\n<meta property=\"og:url\" content=\"https:\/\/nver.clinicaegurrola.com.mx\/index.php\/especializados-5\/\" \/>\n<meta property=\"og:site_name\" content=\"EGURROLA Cl\u00ednica Cosmetol\u00f3gica\" \/>\n<meta property=\"article:modified_time\" content=\"2023-11-15T19:09:12+00:00\" \/>\n<meta name=\"twitter:card\" content=\"summary_large_image\" \/>\n<meta name=\"twitter:label1\" content=\"Tiempo de lectura\" \/>\n\t<meta name=\"twitter:data1\" content=\"3 minutos\" \/>\n<script type=\"application\/ld+json\" class=\"yoast-schema-graph\">{\"@context\":\"https:\/\/schema.org\",\"@graph\":[{\"@type\":\"WebPage\",\"@id\":\"https:\/\/nver.clinicaegurrola.com.mx\/index.php\/especializados-5\/\",\"url\":\"https:\/\/nver.clinicaegurrola.com.mx\/index.php\/especializados-5\/\",\"name\":\"Especializados - EGURROLA Cl\u00ednica Cosmetol\u00f3gica\",\"isPartOf\":{\"@id\":\"https:\/\/nver.clinicaegurrola.com.mx\/#website\"},\"datePublished\":\"2023-08-01T19:56:21+00:00\",\"dateModified\":\"2023-11-15T19:09:12+00:00\",\"breadcrumb\":{\"@id\":\"https:\/\/nver.clinicaegurrola.com.mx\/index.php\/especializados-5\/#breadcrumb\"},\"inLanguage\":\"es\",\"potentialAction\":[{\"@type\":\"ReadAction\",\"target\":[\"https:\/\/nver.clinicaegurrola.com.mx\/index.php\/especializados-5\/\"]}]},{\"@type\":\"BreadcrumbList\",\"@id\":\"https:\/\/nver.clinicaegurrola.com.mx\/index.php\/especializados-5\/#breadcrumb\",\"itemListElement\":[{\"@type\":\"ListItem\",\"position\":1,\"name\":\"Portada\",\"item\":\"https:\/\/nver.clinicaegurrola.com.mx\/\"},{\"@type\":\"ListItem\",\"position\":2,\"name\":\"Especializados\"}]},{\"@type\":\"WebSite\",\"@id\":\"https:\/\/nver.clinicaegurrola.com.mx\/#website\",\"url\":\"https:\/\/nver.clinicaegurrola.com.mx\/\",\"name\":\"EGURROLA Cl\u00ednica Cosmetol\u00f3gica\",\"description\":\"\",\"publisher\":{\"@id\":\"https:\/\/nver.clinicaegurrola.com.mx\/#organization\"},\"potentialAction\":[{\"@type\":\"SearchAction\",\"target\":{\"@type\":\"EntryPoint\",\"urlTemplate\":\"https:\/\/nver.clinicaegurrola.com.mx\/?s={search_term_string}\"},\"query-input\":\"required name=search_term_string\"}],\"inLanguage\":\"es\"},{\"@type\":\"Organization\",\"@id\":\"https:\/\/nver.clinicaegurrola.com.mx\/#organization\",\"name\":\"EGURROLA Cl\u00ednica Cosmetol\u00f3gica\",\"url\":\"https:\/\/nver.clinicaegurrola.com.mx\/\",\"logo\":{\"@type\":\"ImageObject\",\"inLanguage\":\"es\",\"@id\":\"https:\/\/nver.clinicaegurrola.com.mx\/#\/schema\/logo\/image\/\",\"url\":\"https:\/\/nver.clinicaegurrola.com.mx\/wp-content\/uploads\/2023\/11\/qr-egurrola.jpg\",\"contentUrl\":\"https:\/\/nver.clinicaegurrola.com.mx\/wp-content\/uploads\/2023\/11\/qr-egurrola.jpg\",\"width\":450,\"height\":450,\"caption\":\"EGURROLA Cl\u00ednica Cosmetol\u00f3gica\"},\"image\":{\"@id\":\"https:\/\/nver.clinicaegurrola.com.mx\/#\/schema\/logo\/image\/\"}}]}<\/script>\n<!-- \/ Yoast SEO plugin. -->","yoast_head_json":{"title":"Especializados - EGURROLA Cl\u00ednica Cosmetol\u00f3gica","robots":{"index":"index","follow":"follow","max-snippet":"max-snippet:-1","max-image-preview":"max-image-preview:large","max-video-preview":"max-video-preview:-1"},"canonical":"https:\/\/nver.clinicaegurrola.com.mx\/index.php\/especializados-5\/","og_locale":"es_ES","og_type":"article","og_title":"Especializados - EGURROLA Cl\u00ednica Cosmetol\u00f3gica","og_url":"https:\/\/nver.clinicaegurrola.com.mx\/index.php\/especializados-5\/","og_site_name":"EGURROLA Cl\u00ednica Cosmetol\u00f3gica","article_modified_time":"2023-11-15T19:09:12+00:00","twitter_card":"summary_large_image","twitter_misc":{"Tiempo de lectura":"3 minutos"},"schema":{"@context":"https:\/\/schema.org","@graph":[{"@type":"WebPage","@id":"https:\/\/nver.clinicaegurrola.com.mx\/index.php\/especializados-5\/","url":"https:\/\/nver.clinicaegurrola.com.mx\/index.php\/especializados-5\/","name":"Especializados - EGURROLA Cl\u00ednica Cosmetol\u00f3gica","isPartOf":{"@id":"https:\/\/nver.clinicaegurrola.com.mx\/#website"},"datePublished":"2023-08-01T19:56:21+00:00","dateModified":"2023-11-15T19:09:12+00:00","breadcrumb":{"@id":"https:\/\/nver.clinicaegurrola.com.mx\/index.php\/especializados-5\/#breadcrumb"},"inLanguage":"es","potentialAction":[{"@type":"ReadAction","target":["https:\/\/nver.clinicaegurrola.com.mx\/index.php\/especializados-5\/"]}]},{"@type":"BreadcrumbList","@id":"https:\/\/nver.clinicaegurrola.com.mx\/index.php\/especializados-5\/#breadcrumb","itemListElement":[{"@type":"ListItem","position":1,"name":"Portada","item":"https:\/\/nver.clinicaegurrola.com.mx\/"},{"@type":"ListItem","position":2,"name":"Especializados"}]},{"@type":"WebSite","@id":"https:\/\/nver.clinicaegurrola.com.mx\/#website","url":"https:\/\/nver.clinicaegurrola.com.mx\/","name":"EGURROLA Cl\u00ednica Cosmetol\u00f3gica","description":"","publisher":{"@id":"https:\/\/nver.clinicaegurrola.com.mx\/#organization"},"potentialAction":[{"@type":"SearchAction","target":{"@type":"EntryPoint","urlTemplate":"https:\/\/nver.clinicaegurrola.com.mx\/?s={search_term_string}"},"query-input":"required name=search_term_string"}],"inLanguage":"es"},{"@type":"Organization","@id":"https:\/\/nver.clinicaegurrola.com.mx\/#organization","name":"EGURROLA Cl\u00ednica Cosmetol\u00f3gica","url":"https:\/\/nver.clinicaegurrola.com.mx\/","logo":{"@type":"ImageObject","inLanguage":"es","@id":"https:\/\/nver.clinicaegurrola.com.mx\/#\/schema\/logo\/image\/","url":"https:\/\/nver.clinicaegurrola.com.mx\/wp-content\/uploads\/2023\/11\/qr-egurrola.jpg","contentUrl":"https:\/\/nver.clinicaegurrola.com.mx\/wp-content\/uploads\/2023\/11\/qr-egurrola.jpg","width":450,"height":450,"caption":"EGURROLA Cl\u00ednica Cosmetol\u00f3gica"},"image":{"@id":"https:\/\/nver.clinicaegurrola.com.mx\/#\/schema\/logo\/image\/"}}]}},"_links":{"self":[{"href":"https:\/\/nver.clinicaegurrola.com.mx\/index.php\/wp-json\/wp\/v2\/pages\/1728","targetHints":{"allow":["GET"]}}],"collection":[{"href":"https:\/\/nver.clinicaegurrola.com.mx\/index.php\/wp-json\/wp\/v2\/pages"}],"about":[{"href":"https:\/\/nver.clinicaegurrola.com.mx\/index.php\/wp-json\/wp\/v2\/types\/page"}],"author":[{"embeddable":true,"href":"https:\/\/nver.clinicaegurrola.com.mx\/index.php\/wp-json\/wp\/v2\/users\/1"}],"replies":[{"embeddable":true,"href":"https:\/\/nver.clinicaegurrola.com.mx\/index.php\/wp-json\/wp\/v2\/comments?post=1728"}],"version-history":[{"count":25,"href":"https:\/\/nver.clinicaegurrola.com.mx\/index.php\/wp-json\/wp\/v2\/pages\/1728\/revisions"}],"predecessor-version":[{"id":2996,"href":"https:\/\/nver.clinicaegurrola.com.mx\/index.php\/wp-json\/wp\/v2\/pages\/1728\/revisions\/2996"}],"wp:attachment":[{"href":"https:\/\/nver.clinicaegurrola.com.mx\/index.php\/wp-json\/wp\/v2\/media?parent=1728"}],"curies":[{"name":"wp","href":"https:\/\/api.w.org\/{rel}","templated":true}]}}