{"id":1720,"date":"2023-08-01T19:49:14","date_gmt":"2023-08-01T19:49:14","guid":{"rendered":"https:\/\/nver.clinicaegurrola.com.mx\/?page_id=1720"},"modified":"2023-08-01T19:56:27","modified_gmt":"2023-08-01T19:56:27","slug":"especializados-4","status":"publish","type":"page","link":"https:\/\/nver.clinicaegurrola.com.mx\/index.php\/especializados-4\/","title":{"rendered":"Especializados"},"content":{"rendered":"\n<div class=\"guten-element guten-advanced-heading guten-4vmb7i\"><div class=\"heading-section \"><div class=\"heading-line before\"><\/div><h2 class=\"heading-title\">HIDROTERAPIA<span class=\"heading-focus\"><\/span><\/h2><\/div><span class=\"heading-subtitle\">Siempre los mejores tratamientos para ti<\/span><\/div>\n\n\n\n<div class=\"guten-element guten-spacer guten-pWHW9Z\"><\/div>\n\n\n\n<div class=\"section-wrapper\" data-id=\"In38DJ\"><section class=\"wp-block-gutenverse-section guten-element guten-section guten-In38DJ layout-fullwidth align-stretch\"><div class=\"guten-background-overlay\"><\/div><div class=\"guten-shape-divider guten-shape-divider-top\"><\/div><div class=\"guten-shape-divider guten-shape-divider-bottom\"><\/div><div class=\"guten-container guten-column-gap-default\">\n<div class=\"wp-block-gutenverse-column guten-element guten-column guten-kSG6Vg animated guten-element-hide desktop-fadeInLeft\"><div class=\"guten-background-overlay\"><\/div><div class=\"sticky-wrapper\" data-id=\"kSG6Vg\"><div class=\"guten-column-wrapper\">\n<div class=\"guten-element guten-spacer guten-eNWcqS\"><\/div>\n<\/div><\/div><\/div>\n\n\n\n<div class=\"wp-block-gutenverse-column guten-element guten-column guten-Z2qrIq\"><div class=\"guten-background-overlay\"><\/div><div class=\"sticky-wrapper\" data-id=\"Z2qrIq\"><div class=\"guten-column-wrapper\">\n<div class=\"section-wrapper\" data-id=\"by8B1c\"><section class=\"wp-block-gutenverse-section guten-element guten-section guten-by8B1c layout-boxed align-stretch\"><div class=\"guten-background-overlay\"><\/div><div class=\"guten-shape-divider guten-shape-divider-top\"><\/div><div class=\"guten-shape-divider guten-shape-divider-bottom\"><\/div><div class=\"guten-container guten-column-gap-no\">\n<div class=\"wp-block-gutenverse-column guten-element guten-column guten-bRrMFZ\"><div class=\"guten-background-overlay\"><\/div><div class=\"sticky-wrapper\" data-id=\"bRrMFZ\"><div class=\"guten-column-wrapper\">\n<div class=\"guten-element gutenverse-text-editor guten-99Hahq animated guten-element-hide desktop-fadeInRight\"><div class=\"text-content-inner\">\n<h2 class=\"wp-block-gutenverse-heading guten-element guten-WGfw4Z\"><br><strong>APLICADAS A LA EST\u00c9TICA<\/strong><br>\u00a0<br><strong>MASCARILLA CORPORAL REDUCTIVAS CON ALGAS MARINAS LINEA SPA<\/strong><br>El tratamiento corporal con algas marinas tipo SPA est\u00e1 basada en la Talasoterapia. Ayuda a eliminar toxinas, mantener la firmeza, elasticidad y suavidad de la piel. Mejora la circulaci\u00f3n, por su alto contenido de Oligoelementos obteni\u00e9ndose frescura, suavidad, vitalidad y relajamiento.<br>\u00a0<br><strong>BA\u00d1OS CON LODOS HERBALES<\/strong><br>Los principales componentes en los ba\u00f1os con lodos herbales son: el extracto de hiedra, algas marinas, aceites especiales de lim\u00f3n, romero y azuleno. Son ideales, para personas estresadas o que quieran reducir de peso, desintoxic\u00e1ndose de esta forma todo el organismo.<br>\u00a0<br><strong>SUDACIONES<\/strong><br>Las sudaciones provocan un relajamiento completo en todo el cuerpo. Elimina toxinas, mejora la funci\u00f3n cardiovascular y ayuda en la limpieza de la epidermis en profundidad.<br>\u00a0<br><strong>BA\u00d1OS CON SALES MINERALES Y MARINAS<\/strong><br>Los ba\u00f1os corporales con sales minerales como potasio, magnesio, sodio, calcio, cloruro, bromuro y sales marinas, tienen una composici\u00f3n tal que producen efectos relajantes para el cuerpo. Adem\u00e1s de obtener una gran suavidad.<br>\u00a0<br><strong>MASAJE LINF\u00c1TICO DE DESCANSO MUSCULAR<\/strong><br>El masaje linf\u00e1tico, favorece una mejor circulaci\u00f3n sangu\u00ednea, contribuyendo as\u00ed a un mayor descanso. Este tratamiento est\u00e1 enriquecido con aromaterapia, que trabaja aceites esenciales, rodillo chino y electro-sue\u00f1o. Especial para personas que trabajan intensamente y sufren estr\u00e9s.<br>\u00a0<br><strong>TRATAMIENTO ESPECIAL PARA NOVIAS Y QUINCEA\u00d1ERAS<\/strong><br>El ba\u00f1o de novios es el conjunto de varios tratamientos en: Faciales, Capilares y Corporales para realzar tu belleza en ese d\u00eda tan especial.<br>\u00a0<br><strong>Incluye<\/strong><br>\u2022 Limpieza profunda en cara y cuerpo<br>\u2022 Hidrataci\u00f3n facial y corporal<br>\u2022 Nutrici\u00f3n facial y corporal<br>\u2022 Reafirmaci\u00f3n facial y corporal<br>\u2022 Lifting en p\u00e1rpados<br>\u2022 Tratamiento de limpieza capilar en cuero cabelludo y cabello<br>\u2022 Depilaci\u00f3n l\u00ednea de bikini, piernas, axila, bigote, cejas (s\u00f3lo damas)<br>\u2022 Ba\u00f1o con lodos herbales y sales minerales<br>\u2022 Masaje linf\u00e1tico de descanso muscular<strong><br><\/strong><\/h2>\n\n\n\n<div class=\"guten-element guten-spacer guten-e0BFhH\"><\/div>\n\n\n\n<p class=\"has-link-color wp-elements-57827dfd72101f3dc9b281c4df05a4b9\"><strong><a href=\"https:\/\/nver.clinicaegurrola.com.mx\/index.php\/especializados\"><strong>Regresar a Especializados<\/strong><\/a><\/strong><\/p>\n<\/div><\/div>\n<\/div><\/div><\/div>\n<\/div><\/section><\/div>\n<\/div><\/div><\/div>\n<\/div><\/section><\/div>\n","protected":false},"excerpt":{"rendered":"","protected":false},"author":1,"featured_media":0,"parent":0,"menu_order":0,"comment_status":"closed","ping_status":"closed","template":"","meta":{"_eb_attr":"","footnotes":""},"class_list":["post-1720","page","type-page","status-publish","hentry"],"yoast_head":"<!-- This site is optimized with the Yoast SEO plugin v21.0 - https:\/\/yoast.com\/wordpress\/plugins\/seo\/ -->\n<title>Especializados - EGURROLA Cl\u00ednica Cosmetol\u00f3gica<\/title>\n<meta name=\"robots\" content=\"index, follow, max-snippet:-1, max-image-preview:large, max-video-preview:-1\" \/>\n<link rel=\"canonical\" href=\"https:\/\/nver.clinicaegurrola.com.mx\/index.php\/especializados-4\/\" \/>\n<meta property=\"og:locale\" content=\"es_ES\" \/>\n<meta property=\"og:type\" content=\"article\" \/>\n<meta property=\"og:title\" content=\"Especializados - EGURROLA Cl\u00ednica Cosmetol\u00f3gica\" \/>\n<meta property=\"og:url\" content=\"https:\/\/nver.clinicaegurrola.com.mx\/index.php\/especializados-4\/\" \/>\n<meta property=\"og:site_name\" content=\"EGURROLA Cl\u00ednica Cosmetol\u00f3gica\" \/>\n<meta property=\"article:modified_time\" content=\"2023-08-01T19:56:27+00:00\" \/>\n<meta name=\"twitter:card\" content=\"summary_large_image\" \/>\n<meta name=\"twitter:label1\" content=\"Tiempo de lectura\" \/>\n\t<meta name=\"twitter:data1\" content=\"2 minutos\" \/>\n<script type=\"application\/ld+json\" class=\"yoast-schema-graph\">{\"@context\":\"https:\/\/schema.org\",\"@graph\":[{\"@type\":\"WebPage\",\"@id\":\"https:\/\/nver.clinicaegurrola.com.mx\/index.php\/especializados-4\/\",\"url\":\"https:\/\/nver.clinicaegurrola.com.mx\/index.php\/especializados-4\/\",\"name\":\"Especializados - EGURROLA Cl\u00ednica Cosmetol\u00f3gica\",\"isPartOf\":{\"@id\":\"https:\/\/nver.clinicaegurrola.com.mx\/#website\"},\"datePublished\":\"2023-08-01T19:49:14+00:00\",\"dateModified\":\"2023-08-01T19:56:27+00:00\",\"breadcrumb\":{\"@id\":\"https:\/\/nver.clinicaegurrola.com.mx\/index.php\/especializados-4\/#breadcrumb\"},\"inLanguage\":\"es\",\"potentialAction\":[{\"@type\":\"ReadAction\",\"target\":[\"https:\/\/nver.clinicaegurrola.com.mx\/index.php\/especializados-4\/\"]}]},{\"@type\":\"BreadcrumbList\",\"@id\":\"https:\/\/nver.clinicaegurrola.com.mx\/index.php\/especializados-4\/#breadcrumb\",\"itemListElement\":[{\"@type\":\"ListItem\",\"position\":1,\"name\":\"Portada\",\"item\":\"https:\/\/nver.clinicaegurrola.com.mx\/\"},{\"@type\":\"ListItem\",\"position\":2,\"name\":\"Especializados\"}]},{\"@type\":\"WebSite\",\"@id\":\"https:\/\/nver.clinicaegurrola.com.mx\/#website\",\"url\":\"https:\/\/nver.clinicaegurrola.com.mx\/\",\"name\":\"EGURROLA Cl\u00ednica Cosmetol\u00f3gica\",\"description\":\"\",\"publisher\":{\"@id\":\"https:\/\/nver.clinicaegurrola.com.mx\/#organization\"},\"potentialAction\":[{\"@type\":\"SearchAction\",\"target\":{\"@type\":\"EntryPoint\",\"urlTemplate\":\"https:\/\/nver.clinicaegurrola.com.mx\/?s={search_term_string}\"},\"query-input\":\"required name=search_term_string\"}],\"inLanguage\":\"es\"},{\"@type\":\"Organization\",\"@id\":\"https:\/\/nver.clinicaegurrola.com.mx\/#organization\",\"name\":\"EGURROLA Cl\u00ednica Cosmetol\u00f3gica\",\"url\":\"https:\/\/nver.clinicaegurrola.com.mx\/\",\"logo\":{\"@type\":\"ImageObject\",\"inLanguage\":\"es\",\"@id\":\"https:\/\/nver.clinicaegurrola.com.mx\/#\/schema\/logo\/image\/\",\"url\":\"https:\/\/nver.clinicaegurrola.com.mx\/wp-content\/uploads\/2023\/11\/qr-egurrola.jpg\",\"contentUrl\":\"https:\/\/nver.clinicaegurrola.com.mx\/wp-content\/uploads\/2023\/11\/qr-egurrola.jpg\",\"width\":450,\"height\":450,\"caption\":\"EGURROLA Cl\u00ednica Cosmetol\u00f3gica\"},\"image\":{\"@id\":\"https:\/\/nver.clinicaegurrola.com.mx\/#\/schema\/logo\/image\/\"}}]}<\/script>\n<!-- \/ Yoast SEO plugin. -->","yoast_head_json":{"title":"Especializados - EGURROLA Cl\u00ednica Cosmetol\u00f3gica","robots":{"index":"index","follow":"follow","max-snippet":"max-snippet:-1","max-image-preview":"max-image-preview:large","max-video-preview":"max-video-preview:-1"},"canonical":"https:\/\/nver.clinicaegurrola.com.mx\/index.php\/especializados-4\/","og_locale":"es_ES","og_type":"article","og_title":"Especializados - EGURROLA Cl\u00ednica Cosmetol\u00f3gica","og_url":"https:\/\/nver.clinicaegurrola.com.mx\/index.php\/especializados-4\/","og_site_name":"EGURROLA Cl\u00ednica Cosmetol\u00f3gica","article_modified_time":"2023-08-01T19:56:27+00:00","twitter_card":"summary_large_image","twitter_misc":{"Tiempo de lectura":"2 minutos"},"schema":{"@context":"https:\/\/schema.org","@graph":[{"@type":"WebPage","@id":"https:\/\/nver.clinicaegurrola.com.mx\/index.php\/especializados-4\/","url":"https:\/\/nver.clinicaegurrola.com.mx\/index.php\/especializados-4\/","name":"Especializados - EGURROLA Cl\u00ednica Cosmetol\u00f3gica","isPartOf":{"@id":"https:\/\/nver.clinicaegurrola.com.mx\/#website"},"datePublished":"2023-08-01T19:49:14+00:00","dateModified":"2023-08-01T19:56:27+00:00","breadcrumb":{"@id":"https:\/\/nver.clinicaegurrola.com.mx\/index.php\/especializados-4\/#breadcrumb"},"inLanguage":"es","potentialAction":[{"@type":"ReadAction","target":["https:\/\/nver.clinicaegurrola.com.mx\/index.php\/especializados-4\/"]}]},{"@type":"BreadcrumbList","@id":"https:\/\/nver.clinicaegurrola.com.mx\/index.php\/especializados-4\/#breadcrumb","itemListElement":[{"@type":"ListItem","position":1,"name":"Portada","item":"https:\/\/nver.clinicaegurrola.com.mx\/"},{"@type":"ListItem","position":2,"name":"Especializados"}]},{"@type":"WebSite","@id":"https:\/\/nver.clinicaegurrola.com.mx\/#website","url":"https:\/\/nver.clinicaegurrola.com.mx\/","name":"EGURROLA Cl\u00ednica Cosmetol\u00f3gica","description":"","publisher":{"@id":"https:\/\/nver.clinicaegurrola.com.mx\/#organization"},"potentialAction":[{"@type":"SearchAction","target":{"@type":"EntryPoint","urlTemplate":"https:\/\/nver.clinicaegurrola.com.mx\/?s={search_term_string}"},"query-input":"required name=search_term_string"}],"inLanguage":"es"},{"@type":"Organization","@id":"https:\/\/nver.clinicaegurrola.com.mx\/#organization","name":"EGURROLA Cl\u00ednica Cosmetol\u00f3gica","url":"https:\/\/nver.clinicaegurrola.com.mx\/","logo":{"@type":"ImageObject","inLanguage":"es","@id":"https:\/\/nver.clinicaegurrola.com.mx\/#\/schema\/logo\/image\/","url":"https:\/\/nver.clinicaegurrola.com.mx\/wp-content\/uploads\/2023\/11\/qr-egurrola.jpg","contentUrl":"https:\/\/nver.clinicaegurrola.com.mx\/wp-content\/uploads\/2023\/11\/qr-egurrola.jpg","width":450,"height":450,"caption":"EGURROLA Cl\u00ednica Cosmetol\u00f3gica"},"image":{"@id":"https:\/\/nver.clinicaegurrola.com.mx\/#\/schema\/logo\/image\/"}}]}},"_links":{"self":[{"href":"https:\/\/nver.clinicaegurrola.com.mx\/index.php\/wp-json\/wp\/v2\/pages\/1720","targetHints":{"allow":["GET"]}}],"collection":[{"href":"https:\/\/nver.clinicaegurrola.com.mx\/index.php\/wp-json\/wp\/v2\/pages"}],"about":[{"href":"https:\/\/nver.clinicaegurrola.com.mx\/index.php\/wp-json\/wp\/v2\/types\/page"}],"author":[{"embeddable":true,"href":"https:\/\/nver.clinicaegurrola.com.mx\/index.php\/wp-json\/wp\/v2\/users\/1"}],"replies":[{"embeddable":true,"href":"https:\/\/nver.clinicaegurrola.com.mx\/index.php\/wp-json\/wp\/v2\/comments?post=1720"}],"version-history":[{"count":4,"href":"https:\/\/nver.clinicaegurrola.com.mx\/index.php\/wp-json\/wp\/v2\/pages\/1720\/revisions"}],"predecessor-version":[{"id":1745,"href":"https:\/\/nver.clinicaegurrola.com.mx\/index.php\/wp-json\/wp\/v2\/pages\/1720\/revisions\/1745"}],"wp:attachment":[{"href":"https:\/\/nver.clinicaegurrola.com.mx\/index.php\/wp-json\/wp\/v2\/media?parent=1720"}],"curies":[{"name":"wp","href":"https:\/\/api.w.org\/{rel}","templated":true}]}}