{"id":1504,"date":"2023-07-28T18:05:09","date_gmt":"2023-07-28T18:05:09","guid":{"rendered":"https:\/\/nver.clinicaegurrola.com.mx\/?page_id=1504"},"modified":"2023-10-13T18:36:57","modified_gmt":"2023-10-13T18:36:57","slug":"productos-2","status":"publish","type":"page","link":"https:\/\/nver.clinicaegurrola.com.mx\/index.php\/productos-2\/","title":{"rendered":"Productos"},"content":{"rendered":"\n<div class=\"section-wrapper\" data-id=\"Ag8TTr\"><section class=\"wp-block-gutenverse-section guten-element guten-section guten-Ag8TTr layout-boxed align-stretch\"><div class=\"guten-background-overlay\"><\/div><div class=\"guten-shape-divider guten-shape-divider-top\"><\/div><div class=\"guten-shape-divider guten-shape-divider-bottom\"><\/div><div class=\"guten-container guten-column-gap-default\">\n<div class=\"wp-block-gutenverse-column guten-element guten-column guten-sET2K4\"><div class=\"guten-background-overlay\"><\/div><div class=\"sticky-wrapper\" data-id=\"sET2K4\"><div class=\"guten-column-wrapper\">\n<div class=\"guten-element guten-button-wrapper guten-ZHn6zq\"><a class=\"guten-button guten-button-sm\" href=\"https:\/\/nver.clinicaegurrola.com.mx\/index.php\/tienda\"><span>TIENDA<\/span><\/a><\/div>\n<\/div><\/div><\/div>\n\n\n\n<div class=\"wp-block-gutenverse-column guten-element guten-column guten-W9CSTV\"><div class=\"guten-background-overlay\"><\/div><div class=\"sticky-wrapper\" data-id=\"W9CSTV\"><div class=\"guten-column-wrapper\"><\/div><\/div><\/div>\n<\/div><\/section><\/div>\n\n\n\n<div class=\"guten-element guten-advanced-heading guten-NMEm56\"><div class=\"heading-section \"><h2 class=\"heading-title\">Profesionales de la belleza<span class=\"heading-focus\"><\/span><\/h2><\/div><span class=\"heading-subtitle\">Usamos los mejores productos en todos los tratamientos<\/span><\/div>\n\n\n\n<div class=\"wp-block-gutenverse-divider guten-element guten-divider guten-JQlEPG\"><div class=\"guten-divider-wrapper\"><div class=\"guten-divider-dotted guten-divider-line guten-divider-regular\"><\/div><\/div><\/div>\n\n\n\n<div class=\"guten-element guten-spacer guten-tHxO4S\"><\/div>\n\n\n\n<div class=\"wp-block-essential-blocks-interactive-promo\"><div class=\"eb-parent-wrapper eb-parent-eb-interactive-promo-su2oibt \"><div class=\"eb-interactive-promo-wrapper eb-interactive-promo-su2oibt\"><div class=\"eb-interactive-promo-container\" data-effect=\"lexi\"><div class=\"eb-interactive-promo hover-effect\"><figure class=\"effect-lexi\"><img decoding=\"async\" src=\"https:\/\/nver.clinicaegurrola.com.mx\/wp-content\/uploads\/2023\/08\/p1.jpg\" alt=\"\"\/><figcaption><h2 class=\"eb-interactive-promo-header\"><\/h2><p class=\"eb-interactive-promo-content\">Innovadoras l\u00edneas cosm\u00e9ticas que defiende tu piel frente a la contaminaci\u00f3n moderna y redescubre el poder de tu piel<\/p><a href=\"https:\/\/nver.clinicaegurrola.com.mx\/index.php\/productos-3\" target=\"_self\" rel=\"noopener noreferrer\"><\/a><\/figcaption><\/figure><\/div><\/div><\/div><\/div><\/div>\n\n\n\n<div class=\"guten-element guten-spacer guten-nozHCG\"><\/div>\n\n\n\n<div class=\"wp-block-gutenverse-divider guten-element guten-divider guten-Gnkixp\"><div class=\"guten-divider-wrapper\"><div class=\"guten-divider-dotted guten-divider-line guten-divider-regular\"><\/div><\/div><\/div>\n\n\n\n<div class=\"guten-element guten-spacer guten-dXPJDe\"><\/div>\n\n\n\n<div class=\"wp-block-essential-blocks-interactive-promo\"><div class=\"eb-parent-wrapper eb-parent-eb-interactive-promo-m0j9l12 \"><div class=\"eb-interactive-promo-wrapper eb-interactive-promo-m0j9l12\"><div class=\"eb-interactive-promo-container\" data-effect=\"lexi\"><div class=\"eb-interactive-promo hover-effect\"><figure class=\"effect-lexi\"><img decoding=\"async\" src=\"https:\/\/nver.clinicaegurrola.com.mx\/wp-content\/uploads\/2023\/08\/p2.jpg\" alt=\"\"\/><figcaption><h2 class=\"eb-interactive-promo-header\"><\/h2><p class=\"eb-interactive-promo-content\">Germaine de Capuccini a trav\u00e9s de los cosm\u00e9ticos m\u00e1s innovadores del mercado dispone de una avanzada cosm\u00e9tica facial, corporal, capilar que se adaptan a las necesidades de tu piel.<\/p><a href=\"https:\/\/nver.clinicaegurrola.com.mx\/index.php\/productos-5\" target=\"_self\" rel=\"noopener noreferrer\"><\/a><\/figcaption><\/figure><\/div><\/div><\/div><\/div><\/div>\n\n\n\n<div class=\"guten-element guten-spacer guten-NjWPrT\"><\/div>\n\n\n\n<div class=\"wp-block-gutenverse-divider guten-element guten-divider guten-cPa19o\"><div class=\"guten-divider-wrapper\"><div class=\"guten-divider-dotted guten-divider-line guten-divider-regular\"><\/div><\/div><\/div>\n\n\n\n<div class=\"guten-element guten-spacer guten-HnRFhK\"><\/div>\n\n\n\n<div class=\"wp-block-essential-blocks-interactive-promo\"><div class=\"eb-parent-wrapper eb-parent-eb-interactive-promo-47qybs5 \"><div class=\"eb-interactive-promo-wrapper eb-interactive-promo-47qybs5\"><div class=\"eb-interactive-promo-container\" data-effect=\"lexi\"><div class=\"eb-interactive-promo hover-effect\"><figure class=\"effect-lexi\"><img decoding=\"async\" src=\"https:\/\/nver.clinicaegurrola.com.mx\/wp-content\/uploads\/2023\/08\/p3.jpg\" alt=\"\"\/><figcaption><h2 class=\"eb-interactive-promo-header\"><\/h2><p class=\"eb-interactive-promo-content\">Los profesionales de la cosm\u00e9tica sienten el respaldo de la experiencia, el prestigio y la notoriedad de una marca fuerte y s\u00f3lida.<\/p><a href=\"https:\/\/nver.clinicaegurrola.com.mx\/index.php\/productos-6\" target=\"_self\" rel=\"noopener noreferrer\"><\/a><\/figcaption><\/figure><\/div><\/div><\/div><\/div><\/div>\n\n\n\n<div class=\"guten-element guten-spacer guten-L56Dit\"><\/div>\n","protected":false},"excerpt":{"rendered":"","protected":false},"author":1,"featured_media":0,"parent":0,"menu_order":0,"comment_status":"closed","ping_status":"closed","template":"wp-custom-template-base-3","meta":{"_eb_attr":"","footnotes":""},"class_list":["post-1504","page","type-page","status-publish","hentry"],"yoast_head":"<!-- This site is optimized with the Yoast SEO plugin v21.0 - https:\/\/yoast.com\/wordpress\/plugins\/seo\/ -->\n<title>Productos - EGURROLA Cl\u00ednica Cosmetol\u00f3gica<\/title>\n<meta name=\"robots\" content=\"index, follow, max-snippet:-1, max-image-preview:large, max-video-preview:-1\" \/>\n<link rel=\"canonical\" href=\"https:\/\/nver.clinicaegurrola.com.mx\/index.php\/productos-2\/\" \/>\n<meta property=\"og:locale\" content=\"es_ES\" \/>\n<meta property=\"og:type\" content=\"article\" \/>\n<meta property=\"og:title\" content=\"Productos - EGURROLA Cl\u00ednica Cosmetol\u00f3gica\" \/>\n<meta property=\"og:url\" content=\"https:\/\/nver.clinicaegurrola.com.mx\/index.php\/productos-2\/\" \/>\n<meta property=\"og:site_name\" content=\"EGURROLA Cl\u00ednica Cosmetol\u00f3gica\" \/>\n<meta property=\"article:modified_time\" content=\"2023-10-13T18:36:57+00:00\" \/>\n<meta property=\"og:image\" content=\"https:\/\/nver.clinicaegurrola.com.mx\/wp-content\/uploads\/2023\/08\/p1.jpg\" \/>\n<meta name=\"twitter:card\" content=\"summary_large_image\" \/>\n<meta name=\"twitter:label1\" content=\"Tiempo de lectura\" \/>\n\t<meta name=\"twitter:data1\" content=\"1 minuto\" \/>\n<script type=\"application\/ld+json\" class=\"yoast-schema-graph\">{\"@context\":\"https:\/\/schema.org\",\"@graph\":[{\"@type\":\"WebPage\",\"@id\":\"https:\/\/nver.clinicaegurrola.com.mx\/index.php\/productos-2\/\",\"url\":\"https:\/\/nver.clinicaegurrola.com.mx\/index.php\/productos-2\/\",\"name\":\"Productos - EGURROLA Cl\u00ednica Cosmetol\u00f3gica\",\"isPartOf\":{\"@id\":\"https:\/\/nver.clinicaegurrola.com.mx\/#website\"},\"datePublished\":\"2023-07-28T18:05:09+00:00\",\"dateModified\":\"2023-10-13T18:36:57+00:00\",\"breadcrumb\":{\"@id\":\"https:\/\/nver.clinicaegurrola.com.mx\/index.php\/productos-2\/#breadcrumb\"},\"inLanguage\":\"es\",\"potentialAction\":[{\"@type\":\"ReadAction\",\"target\":[\"https:\/\/nver.clinicaegurrola.com.mx\/index.php\/productos-2\/\"]}]},{\"@type\":\"BreadcrumbList\",\"@id\":\"https:\/\/nver.clinicaegurrola.com.mx\/index.php\/productos-2\/#breadcrumb\",\"itemListElement\":[{\"@type\":\"ListItem\",\"position\":1,\"name\":\"Portada\",\"item\":\"https:\/\/nver.clinicaegurrola.com.mx\/\"},{\"@type\":\"ListItem\",\"position\":2,\"name\":\"Productos\"}]},{\"@type\":\"WebSite\",\"@id\":\"https:\/\/nver.clinicaegurrola.com.mx\/#website\",\"url\":\"https:\/\/nver.clinicaegurrola.com.mx\/\",\"name\":\"EGURROLA Cl\u00ednica Cosmetol\u00f3gica\",\"description\":\"\",\"publisher\":{\"@id\":\"https:\/\/nver.clinicaegurrola.com.mx\/#organization\"},\"potentialAction\":[{\"@type\":\"SearchAction\",\"target\":{\"@type\":\"EntryPoint\",\"urlTemplate\":\"https:\/\/nver.clinicaegurrola.com.mx\/?s={search_term_string}\"},\"query-input\":\"required name=search_term_string\"}],\"inLanguage\":\"es\"},{\"@type\":\"Organization\",\"@id\":\"https:\/\/nver.clinicaegurrola.com.mx\/#organization\",\"name\":\"EGURROLA Cl\u00ednica Cosmetol\u00f3gica\",\"url\":\"https:\/\/nver.clinicaegurrola.com.mx\/\",\"logo\":{\"@type\":\"ImageObject\",\"inLanguage\":\"es\",\"@id\":\"https:\/\/nver.clinicaegurrola.com.mx\/#\/schema\/logo\/image\/\",\"url\":\"https:\/\/nver.clinicaegurrola.com.mx\/wp-content\/uploads\/2023\/11\/qr-egurrola.jpg\",\"contentUrl\":\"https:\/\/nver.clinicaegurrola.com.mx\/wp-content\/uploads\/2023\/11\/qr-egurrola.jpg\",\"width\":450,\"height\":450,\"caption\":\"EGURROLA Cl\u00ednica Cosmetol\u00f3gica\"},\"image\":{\"@id\":\"https:\/\/nver.clinicaegurrola.com.mx\/#\/schema\/logo\/image\/\"}}]}<\/script>\n<!-- \/ Yoast SEO plugin. -->","yoast_head_json":{"title":"Productos - EGURROLA Cl\u00ednica Cosmetol\u00f3gica","robots":{"index":"index","follow":"follow","max-snippet":"max-snippet:-1","max-image-preview":"max-image-preview:large","max-video-preview":"max-video-preview:-1"},"canonical":"https:\/\/nver.clinicaegurrola.com.mx\/index.php\/productos-2\/","og_locale":"es_ES","og_type":"article","og_title":"Productos - EGURROLA Cl\u00ednica Cosmetol\u00f3gica","og_url":"https:\/\/nver.clinicaegurrola.com.mx\/index.php\/productos-2\/","og_site_name":"EGURROLA Cl\u00ednica Cosmetol\u00f3gica","article_modified_time":"2023-10-13T18:36:57+00:00","og_image":[{"url":"https:\/\/nver.clinicaegurrola.com.mx\/wp-content\/uploads\/2023\/08\/p1.jpg"}],"twitter_card":"summary_large_image","twitter_misc":{"Tiempo de lectura":"1 minuto"},"schema":{"@context":"https:\/\/schema.org","@graph":[{"@type":"WebPage","@id":"https:\/\/nver.clinicaegurrola.com.mx\/index.php\/productos-2\/","url":"https:\/\/nver.clinicaegurrola.com.mx\/index.php\/productos-2\/","name":"Productos - EGURROLA Cl\u00ednica Cosmetol\u00f3gica","isPartOf":{"@id":"https:\/\/nver.clinicaegurrola.com.mx\/#website"},"datePublished":"2023-07-28T18:05:09+00:00","dateModified":"2023-10-13T18:36:57+00:00","breadcrumb":{"@id":"https:\/\/nver.clinicaegurrola.com.mx\/index.php\/productos-2\/#breadcrumb"},"inLanguage":"es","potentialAction":[{"@type":"ReadAction","target":["https:\/\/nver.clinicaegurrola.com.mx\/index.php\/productos-2\/"]}]},{"@type":"BreadcrumbList","@id":"https:\/\/nver.clinicaegurrola.com.mx\/index.php\/productos-2\/#breadcrumb","itemListElement":[{"@type":"ListItem","position":1,"name":"Portada","item":"https:\/\/nver.clinicaegurrola.com.mx\/"},{"@type":"ListItem","position":2,"name":"Productos"}]},{"@type":"WebSite","@id":"https:\/\/nver.clinicaegurrola.com.mx\/#website","url":"https:\/\/nver.clinicaegurrola.com.mx\/","name":"EGURROLA Cl\u00ednica Cosmetol\u00f3gica","description":"","publisher":{"@id":"https:\/\/nver.clinicaegurrola.com.mx\/#organization"},"potentialAction":[{"@type":"SearchAction","target":{"@type":"EntryPoint","urlTemplate":"https:\/\/nver.clinicaegurrola.com.mx\/?s={search_term_string}"},"query-input":"required name=search_term_string"}],"inLanguage":"es"},{"@type":"Organization","@id":"https:\/\/nver.clinicaegurrola.com.mx\/#organization","name":"EGURROLA Cl\u00ednica Cosmetol\u00f3gica","url":"https:\/\/nver.clinicaegurrola.com.mx\/","logo":{"@type":"ImageObject","inLanguage":"es","@id":"https:\/\/nver.clinicaegurrola.com.mx\/#\/schema\/logo\/image\/","url":"https:\/\/nver.clinicaegurrola.com.mx\/wp-content\/uploads\/2023\/11\/qr-egurrola.jpg","contentUrl":"https:\/\/nver.clinicaegurrola.com.mx\/wp-content\/uploads\/2023\/11\/qr-egurrola.jpg","width":450,"height":450,"caption":"EGURROLA Cl\u00ednica Cosmetol\u00f3gica"},"image":{"@id":"https:\/\/nver.clinicaegurrola.com.mx\/#\/schema\/logo\/image\/"}}]}},"_links":{"self":[{"href":"https:\/\/nver.clinicaegurrola.com.mx\/index.php\/wp-json\/wp\/v2\/pages\/1504","targetHints":{"allow":["GET"]}}],"collection":[{"href":"https:\/\/nver.clinicaegurrola.com.mx\/index.php\/wp-json\/wp\/v2\/pages"}],"about":[{"href":"https:\/\/nver.clinicaegurrola.com.mx\/index.php\/wp-json\/wp\/v2\/types\/page"}],"author":[{"embeddable":true,"href":"https:\/\/nver.clinicaegurrola.com.mx\/index.php\/wp-json\/wp\/v2\/users\/1"}],"replies":[{"embeddable":true,"href":"https:\/\/nver.clinicaegurrola.com.mx\/index.php\/wp-json\/wp\/v2\/comments?post=1504"}],"version-history":[{"count":54,"href":"https:\/\/nver.clinicaegurrola.com.mx\/index.php\/wp-json\/wp\/v2\/pages\/1504\/revisions"}],"predecessor-version":[{"id":2912,"href":"https:\/\/nver.clinicaegurrola.com.mx\/index.php\/wp-json\/wp\/v2\/pages\/1504\/revisions\/2912"}],"wp:attachment":[{"href":"https:\/\/nver.clinicaegurrola.com.mx\/index.php\/wp-json\/wp\/v2\/media?parent=1504"}],"curies":[{"name":"wp","href":"https:\/\/api.w.org\/{rel}","templated":true}]}}