{"id":15,"date":"2023-07-04T18:10:48","date_gmt":"2023-07-04T18:10:48","guid":{"rendered":"https:\/\/nver.clinicaegurrola.com.mx\/?page_id=15"},"modified":"2023-11-21T19:50:14","modified_gmt":"2023-11-21T19:50:14","slug":"clinica","status":"publish","type":"page","link":"https:\/\/nver.clinicaegurrola.com.mx\/index.php\/clinica\/","title":{"rendered":"Historia"},"content":{"rendered":"\n<div class=\"section-wrapper\" data-id=\"cyZ5cr\"><section class=\"wp-block-gutenverse-section guten-element guten-section guten-cyZ5cr layout-boxed align-stretch\"><div class=\"guten-background-overlay\"><\/div><div class=\"guten-shape-divider guten-shape-divider-top\"><\/div><div class=\"guten-shape-divider guten-shape-divider-bottom\"><\/div><div class=\"guten-container guten-column-gap-no\">\n<div class=\"wp-block-gutenverse-column guten-element guten-column guten-SXAUec\"><div class=\"guten-background-overlay\"><\/div><div class=\"sticky-wrapper\" data-id=\"SXAUec\"><div class=\"guten-column-wrapper\">\n<h2 class=\"wp-block-gutenverse-heading guten-element guten-ebFwha animated guten-element-hide desktop-fadeInLeft\">Bienvenidos a Egurrola Cl\u00ednica Cosmetol\u00f3gica<\/h2>\n\n\n\n<h2 class=\"wp-block-gutenverse-heading guten-element guten-6C08Mc animated guten-element-hide desktop-fadeInLeft\">EGURROLA<\/h2>\n\n\n\n<div class=\"guten-element gutenverse-text-editor guten-XrA8Lk animated guten-element-hide desktop-fadeInLeft\"><div class=\"text-content-inner\">\n<p>Somos una Empresa L\u00edder en el Cuidado Experto de la Piel, +50 a\u00f1os de Experiencia nos Respaldan<\/p>\n<\/div><\/div>\n<\/div><\/div><\/div>\n\n\n\n<div class=\"wp-block-gutenverse-column guten-element guten-column guten-eGXS7L\"><div class=\"guten-background-overlay\"><\/div><div class=\"sticky-wrapper\" data-id=\"eGXS7L\"><div class=\"guten-column-wrapper\"><\/div><\/div><\/div>\n<\/div><\/section><\/div>\n\n\n\n<div class=\"section-wrapper\" data-id=\"OjF1sl\"><section class=\"wp-block-gutenverse-section guten-element guten-section guten-OjF1sl animated guten-element-hide desktop-fadeInUp layout-boxed align-stretch\"><div class=\"guten-background-overlay\"><\/div><div class=\"guten-shape-divider guten-shape-divider-top\"><\/div><div class=\"guten-shape-divider guten-shape-divider-bottom\"><\/div><div class=\"guten-container guten-column-gap-no\">\n<div class=\"wp-block-gutenverse-column guten-element guten-column guten-Bqv9RC\"><div class=\"guten-background-overlay\"><\/div><div class=\"sticky-wrapper\" data-id=\"Bqv9RC\"><div class=\"guten-column-wrapper\">\n<div class=\"wp-block-essential-blocks-interactive-promo\"><div class=\"eb-parent-wrapper eb-parent-eb-interactive-promo-nd0nv47 \"><div class=\"eb-interactive-promo-wrapper eb-interactive-promo-nd0nv47\"><div class=\"eb-interactive-promo-container\" data-effect=\"dexter\"><div class=\"eb-interactive-promo hover-effect\"><figure class=\"effect-dexter\"><img decoding=\"async\" src=\"https:\/\/nver.clinicaegurrola.com.mx\/wp-content\/uploads\/2023\/07\/INTRO1.jpg\" alt=\"\"\/><figcaption><h2 class=\"eb-interactive-promo-header\">EGURROLA<\/h2><p class=\"eb-interactive-promo-content\">Fuimos las primeras, somos las primeras y seguiremos siendo las primeras<\/p><\/figcaption><\/figure><\/div><\/div><\/div><\/div><\/div>\n<\/div><\/div><\/div>\n\n\n\n<div class=\"wp-block-gutenverse-column guten-element guten-column guten-V14UAk\"><div class=\"guten-background-overlay\"><\/div><div class=\"sticky-wrapper\" data-id=\"V14UAk\"><div class=\"guten-column-wrapper\">\n<div class=\"section-wrapper\" data-id=\"K0QFRc\"><section class=\"wp-block-gutenverse-section guten-element guten-section guten-K0QFRc animated guten-element-hide slow desktop-fadeInRight layout-fullwidth align-stretch\"><div class=\"guten-background-overlay\"><\/div><div class=\"guten-shape-divider guten-shape-divider-top\"><\/div><div class=\"guten-shape-divider guten-shape-divider-bottom\"><\/div><div class=\"guten-container guten-column-gap-no\">\n<div class=\"wp-block-gutenverse-column guten-element guten-column guten-u3GMps\"><div class=\"guten-background-overlay\"><\/div><div class=\"sticky-wrapper\" data-id=\"u3GMps\"><div class=\"guten-column-wrapper\">\n<h2 class=\"wp-block-gutenverse-heading guten-element guten-CxUUUO\">En la b\u00fasqueda del mejoramiento de nuestro cuerpo, <strong>Egurrola Cl\u00ednica Cosmetol\u00f3gica<\/strong> se compromete a buscar mejores alternativas y soluciones pr\u00e1cticas a nuestras necesidades.<br><br>Por tal raz\u00f3n, <strong>Egurrola Cl\u00ednica Cosmetol\u00f3gica<\/strong> ha buscado y acumulado la mayor experiencia posible para ofrecerle los mejores servicios en su empresa.<br><br><strong>Egurrola Cl\u00ednica Cosmetol\u00f3gica<\/strong> fue constituido desde 1970 y su principal objetivo ha sido brindarle lo mejor en:<br>\u00a0<br><strong>* SPA<br>* T\u00c9CNICA ESPA\u00d1OLA<br>* FACIALES, CAPILARES Y CORPORALES<\/strong><br><strong>* DEPILACI\u00d3N<br>* HIDROTERAPIA<br>* APARATOLOGIA<\/strong><br><strong>* DELINEADO PERMANENTE<\/strong><br><br><br><strong>misi\u00f3n<\/strong><br>Somos una empresa l\u00edder en el cuidado de la piel que brinda un servicio de calidad para lograr la completa satisfacci\u00f3n de nuestros usuarios, vali\u00e9ndonos de ambientes arm\u00f3nicos y relajantes.<br><br>Nuestro objetivo es mejorar constantemente las t\u00e9cnicas y procedimientos para mantenernos a la vanguardia, trascendiendo en el gusto de nuestro p\u00fablico.<br><br><br><strong>Visi\u00f3n<\/strong><br>Mantenernos como una empresa l\u00edder en el ramo, innovando en el cuidado de la piel y ofreciendo un servicio de excelencia en equipos, t\u00e9cnicas, procesos e infraestructuras.<br><br>A corto plazo, Egurrola Cl\u00ednica COSMETOL\u00d3GICA  est\u00c1 brindando un servicio de calidad internacional, a la altura de las mejores cl\u00ednicas del mundo, sin dejar a un lado la atenci\u00f3n personalizada, cuesti\u00f3n caracter\u00edstica de la organizaci\u00f3n. Y gracias a la creaci\u00f3n de tratamientos \u00fanicos que se gestan a trav\u00e9s de los diversos conocimientos en la materia.<\/h2>\n\n\n\n<div class=\"guten-element guten-spacer guten-YkcJBy\"><\/div>\n\n\n\n<h5 class=\"wp-block-gutenverse-heading guten-element guten-39jPHr\"><strong>Para atenci\u00f3n personalizada:<\/strong><br>&nbsp;<br><strong><a href=\"mailto:contacto@clinicaegurrola.com.mx\">BEGO\u00d1A EGURROLA RODR\u00cdGUEZ<\/a><br><\/strong>COSMETOLOGA<\/h5>\n\n\n\n<div class=\"wp-block-group alignfull is-layout-constrained wp-container-core-group-is-layout-23b1a4dc wp-block-group-is-layout-constrained\" style=\"padding-top:var(--wp--preset--spacing--30);padding-right:var(--wp--preset--spacing--30);padding-bottom:var(--wp--preset--spacing--30);padding-left:var(--wp--preset--spacing--30)\">\n<div class=\"wp-block-group alignwide is-content-justification-space-between is-layout-flex wp-container-core-group-is-layout-b585a4aa wp-block-group-is-layout-flex\">\n<div class=\"wp-block-columns is-layout-flex wp-container-core-columns-is-layout-28f84493 wp-block-columns-is-layout-flex\">\n<div class=\"wp-block-column is-layout-flow wp-block-column-is-layout-flow\" style=\"flex-basis:100%\">\n<div class=\"wp-block-group is-layout-flex wp-container-core-group-is-layout-7a92790e wp-block-group-is-layout-flex\">\n<div class=\"wp-block-columns is-layout-flex wp-container-core-columns-is-layout-28f84493 wp-block-columns-is-layout-flex\">\n<div class=\"wp-block-column is-vertically-aligned-center is-layout-flow wp-block-column-is-layout-flow\" style=\"flex-basis:150px\"><div class=\"wp-block-site-logo\"><img decoding=\"async\" width=\"172\" height=\"172\" src=\"https:\/\/nver.clinicaegurrola.com.mx\/wp-content\/uploads\/2023\/11\/qr-egurrola.jpg\" class=\"custom-logo\" alt=\"EGURROLA Cl\u00ednica Cosmetol\u00f3gica\" srcset=\"https:\/\/nver.clinicaegurrola.com.mx\/wp-content\/uploads\/2023\/11\/qr-egurrola.jpg 450w, https:\/\/nver.clinicaegurrola.com.mx\/wp-content\/uploads\/2023\/11\/qr-egurrola-300x300.jpg 300w, https:\/\/nver.clinicaegurrola.com.mx\/wp-content\/uploads\/2023\/11\/qr-egurrola-150x150.jpg 150w\" sizes=\"(max-width: 172px) 100vw, 172px\" \/><\/div><\/div>\n\n\n\n<div class=\"wp-block-column is-layout-flow wp-block-column-is-layout-flow\"><\/div>\n\n\n\n<div class=\"wp-block-column is-vertically-aligned-center is-layout-flow wp-block-column-is-layout-flow\" style=\"flex-basis:300px\">\n<h1 class=\"wp-block-heading has-large-font-size\" id=\"block-cd85106c-9ad3-4b64-b820-e38c6c6af223\">Visita nuestro curr\u00edculum<\/h1>\n<\/div>\n<\/div>\n<\/div>\n<\/div>\n<\/div>\n<\/div>\n<\/div>\n<\/div><\/div><\/div>\n<\/div><\/section><\/div>\n<\/div><\/div><\/div>\n<\/div><\/section><\/div>\n","protected":false},"excerpt":{"rendered":"","protected":false},"author":1,"featured_media":0,"parent":0,"menu_order":0,"comment_status":"closed","ping_status":"closed","template":"","meta":{"_eb_attr":"","footnotes":""},"class_list":["post-15","page","type-page","status-publish","hentry"],"yoast_head":"<!-- This site is optimized with the Yoast SEO plugin v21.0 - https:\/\/yoast.com\/wordpress\/plugins\/seo\/ -->\n<title>Historia - EGURROLA Cl\u00ednica Cosmetol\u00f3gica<\/title>\n<meta name=\"robots\" content=\"index, follow, max-snippet:-1, max-image-preview:large, max-video-preview:-1\" \/>\n<link rel=\"canonical\" href=\"https:\/\/nver.clinicaegurrola.com.mx\/index.php\/clinica\/\" \/>\n<meta property=\"og:locale\" content=\"es_ES\" \/>\n<meta property=\"og:type\" content=\"article\" \/>\n<meta property=\"og:title\" content=\"Historia - EGURROLA Cl\u00ednica Cosmetol\u00f3gica\" \/>\n<meta property=\"og:url\" content=\"https:\/\/nver.clinicaegurrola.com.mx\/index.php\/clinica\/\" \/>\n<meta property=\"og:site_name\" content=\"EGURROLA Cl\u00ednica Cosmetol\u00f3gica\" \/>\n<meta property=\"article:modified_time\" content=\"2023-11-21T19:50:14+00:00\" \/>\n<meta property=\"og:image\" content=\"https:\/\/nver.clinicaegurrola.com.mx\/wp-content\/uploads\/2023\/07\/INTRO1.jpg\" \/>\n<meta name=\"twitter:card\" content=\"summary_large_image\" \/>\n<meta name=\"twitter:label1\" content=\"Tiempo de lectura\" \/>\n\t<meta name=\"twitter:data1\" content=\"2 minutos\" \/>\n<script type=\"application\/ld+json\" class=\"yoast-schema-graph\">{\"@context\":\"https:\/\/schema.org\",\"@graph\":[{\"@type\":\"WebPage\",\"@id\":\"https:\/\/nver.clinicaegurrola.com.mx\/index.php\/clinica\/\",\"url\":\"https:\/\/nver.clinicaegurrola.com.mx\/index.php\/clinica\/\",\"name\":\"Historia - EGURROLA Cl\u00ednica Cosmetol\u00f3gica\",\"isPartOf\":{\"@id\":\"https:\/\/nver.clinicaegurrola.com.mx\/#website\"},\"datePublished\":\"2023-07-04T18:10:48+00:00\",\"dateModified\":\"2023-11-21T19:50:14+00:00\",\"breadcrumb\":{\"@id\":\"https:\/\/nver.clinicaegurrola.com.mx\/index.php\/clinica\/#breadcrumb\"},\"inLanguage\":\"es\",\"potentialAction\":[{\"@type\":\"ReadAction\",\"target\":[\"https:\/\/nver.clinicaegurrola.com.mx\/index.php\/clinica\/\"]}]},{\"@type\":\"BreadcrumbList\",\"@id\":\"https:\/\/nver.clinicaegurrola.com.mx\/index.php\/clinica\/#breadcrumb\",\"itemListElement\":[{\"@type\":\"ListItem\",\"position\":1,\"name\":\"Portada\",\"item\":\"https:\/\/nver.clinicaegurrola.com.mx\/\"},{\"@type\":\"ListItem\",\"position\":2,\"name\":\"Historia\"}]},{\"@type\":\"WebSite\",\"@id\":\"https:\/\/nver.clinicaegurrola.com.mx\/#website\",\"url\":\"https:\/\/nver.clinicaegurrola.com.mx\/\",\"name\":\"EGURROLA Cl\u00ednica Cosmetol\u00f3gica\",\"description\":\"\",\"publisher\":{\"@id\":\"https:\/\/nver.clinicaegurrola.com.mx\/#organization\"},\"potentialAction\":[{\"@type\":\"SearchAction\",\"target\":{\"@type\":\"EntryPoint\",\"urlTemplate\":\"https:\/\/nver.clinicaegurrola.com.mx\/?s={search_term_string}\"},\"query-input\":\"required name=search_term_string\"}],\"inLanguage\":\"es\"},{\"@type\":\"Organization\",\"@id\":\"https:\/\/nver.clinicaegurrola.com.mx\/#organization\",\"name\":\"EGURROLA Cl\u00ednica Cosmetol\u00f3gica\",\"url\":\"https:\/\/nver.clinicaegurrola.com.mx\/\",\"logo\":{\"@type\":\"ImageObject\",\"inLanguage\":\"es\",\"@id\":\"https:\/\/nver.clinicaegurrola.com.mx\/#\/schema\/logo\/image\/\",\"url\":\"https:\/\/nver.clinicaegurrola.com.mx\/wp-content\/uploads\/2023\/11\/qr-egurrola.jpg\",\"contentUrl\":\"https:\/\/nver.clinicaegurrola.com.mx\/wp-content\/uploads\/2023\/11\/qr-egurrola.jpg\",\"width\":450,\"height\":450,\"caption\":\"EGURROLA Cl\u00ednica Cosmetol\u00f3gica\"},\"image\":{\"@id\":\"https:\/\/nver.clinicaegurrola.com.mx\/#\/schema\/logo\/image\/\"}}]}<\/script>\n<!-- \/ Yoast SEO plugin. -->","yoast_head_json":{"title":"Historia - EGURROLA Cl\u00ednica Cosmetol\u00f3gica","robots":{"index":"index","follow":"follow","max-snippet":"max-snippet:-1","max-image-preview":"max-image-preview:large","max-video-preview":"max-video-preview:-1"},"canonical":"https:\/\/nver.clinicaegurrola.com.mx\/index.php\/clinica\/","og_locale":"es_ES","og_type":"article","og_title":"Historia - EGURROLA Cl\u00ednica Cosmetol\u00f3gica","og_url":"https:\/\/nver.clinicaegurrola.com.mx\/index.php\/clinica\/","og_site_name":"EGURROLA Cl\u00ednica Cosmetol\u00f3gica","article_modified_time":"2023-11-21T19:50:14+00:00","og_image":[{"url":"https:\/\/nver.clinicaegurrola.com.mx\/wp-content\/uploads\/2023\/07\/INTRO1.jpg"}],"twitter_card":"summary_large_image","twitter_misc":{"Tiempo de lectura":"2 minutos"},"schema":{"@context":"https:\/\/schema.org","@graph":[{"@type":"WebPage","@id":"https:\/\/nver.clinicaegurrola.com.mx\/index.php\/clinica\/","url":"https:\/\/nver.clinicaegurrola.com.mx\/index.php\/clinica\/","name":"Historia - EGURROLA Cl\u00ednica Cosmetol\u00f3gica","isPartOf":{"@id":"https:\/\/nver.clinicaegurrola.com.mx\/#website"},"datePublished":"2023-07-04T18:10:48+00:00","dateModified":"2023-11-21T19:50:14+00:00","breadcrumb":{"@id":"https:\/\/nver.clinicaegurrola.com.mx\/index.php\/clinica\/#breadcrumb"},"inLanguage":"es","potentialAction":[{"@type":"ReadAction","target":["https:\/\/nver.clinicaegurrola.com.mx\/index.php\/clinica\/"]}]},{"@type":"BreadcrumbList","@id":"https:\/\/nver.clinicaegurrola.com.mx\/index.php\/clinica\/#breadcrumb","itemListElement":[{"@type":"ListItem","position":1,"name":"Portada","item":"https:\/\/nver.clinicaegurrola.com.mx\/"},{"@type":"ListItem","position":2,"name":"Historia"}]},{"@type":"WebSite","@id":"https:\/\/nver.clinicaegurrola.com.mx\/#website","url":"https:\/\/nver.clinicaegurrola.com.mx\/","name":"EGURROLA Cl\u00ednica Cosmetol\u00f3gica","description":"","publisher":{"@id":"https:\/\/nver.clinicaegurrola.com.mx\/#organization"},"potentialAction":[{"@type":"SearchAction","target":{"@type":"EntryPoint","urlTemplate":"https:\/\/nver.clinicaegurrola.com.mx\/?s={search_term_string}"},"query-input":"required name=search_term_string"}],"inLanguage":"es"},{"@type":"Organization","@id":"https:\/\/nver.clinicaegurrola.com.mx\/#organization","name":"EGURROLA Cl\u00ednica Cosmetol\u00f3gica","url":"https:\/\/nver.clinicaegurrola.com.mx\/","logo":{"@type":"ImageObject","inLanguage":"es","@id":"https:\/\/nver.clinicaegurrola.com.mx\/#\/schema\/logo\/image\/","url":"https:\/\/nver.clinicaegurrola.com.mx\/wp-content\/uploads\/2023\/11\/qr-egurrola.jpg","contentUrl":"https:\/\/nver.clinicaegurrola.com.mx\/wp-content\/uploads\/2023\/11\/qr-egurrola.jpg","width":450,"height":450,"caption":"EGURROLA Cl\u00ednica Cosmetol\u00f3gica"},"image":{"@id":"https:\/\/nver.clinicaegurrola.com.mx\/#\/schema\/logo\/image\/"}}]}},"_links":{"self":[{"href":"https:\/\/nver.clinicaegurrola.com.mx\/index.php\/wp-json\/wp\/v2\/pages\/15","targetHints":{"allow":["GET"]}}],"collection":[{"href":"https:\/\/nver.clinicaegurrola.com.mx\/index.php\/wp-json\/wp\/v2\/pages"}],"about":[{"href":"https:\/\/nver.clinicaegurrola.com.mx\/index.php\/wp-json\/wp\/v2\/types\/page"}],"author":[{"embeddable":true,"href":"https:\/\/nver.clinicaegurrola.com.mx\/index.php\/wp-json\/wp\/v2\/users\/1"}],"replies":[{"embeddable":true,"href":"https:\/\/nver.clinicaegurrola.com.mx\/index.php\/wp-json\/wp\/v2\/comments?post=15"}],"version-history":[{"count":49,"href":"https:\/\/nver.clinicaegurrola.com.mx\/index.php\/wp-json\/wp\/v2\/pages\/15\/revisions"}],"predecessor-version":[{"id":2954,"href":"https:\/\/nver.clinicaegurrola.com.mx\/index.php\/wp-json\/wp\/v2\/pages\/15\/revisions\/2954"}],"wp:attachment":[{"href":"https:\/\/nver.clinicaegurrola.com.mx\/index.php\/wp-json\/wp\/v2\/media?parent=15"}],"curies":[{"name":"wp","href":"https:\/\/api.w.org\/{rel}","templated":true}]}}