{"id":1407,"date":"2023-07-26T19:41:43","date_gmt":"2023-07-26T19:41:43","guid":{"rendered":"https:\/\/nver.clinicaegurrola.com.mx\/?page_id=1407"},"modified":"2023-11-15T18:35:16","modified_gmt":"2023-11-15T18:35:16","slug":"spa-12","status":"publish","type":"page","link":"https:\/\/nver.clinicaegurrola.com.mx\/index.php\/spa-12\/","title":{"rendered":"SPA"},"content":{"rendered":"\n<div class=\"guten-element guten-advanced-heading guten-5Gqjoz\"><div class=\"heading-section outside-line\"><h2 class=\"heading-title\">Un Lujo para el Cuerpo y un Placer para la Mente<span class=\"heading-focus\"><\/span><\/h2><\/div><div class=\"heading-line between\"><\/div><span class=\"heading-subtitle\">Los beneficios de un Tratamiento SPA no empiezan ni acaban en el lugar en el que los recibimos, se extienden dentro y fuera de nosotros<\/span><\/div>\n\n\n\n<div class=\"section-wrapper\" data-id=\"DHNKmd\"><section class=\"wp-block-gutenverse-section guten-element guten-section guten-DHNKmd layout-boxed align-stretch\"><div class=\"guten-background-overlay\"><\/div><div class=\"guten-shape-divider guten-shape-divider-top\"><\/div><div class=\"guten-shape-divider guten-shape-divider-bottom\"><\/div><div class=\"guten-container guten-column-gap-default\">\n<div class=\"wp-block-gutenverse-column guten-element guten-column guten-XE0saw\"><div class=\"guten-background-overlay\"><\/div><div class=\"sticky-wrapper\" data-id=\"XE0saw\"><div class=\"guten-column-wrapper\">\n<h2 class=\"wp-block-gutenverse-heading guten-element guten-ZEs7X7 animated guten-element-hide desktop-fadeInLeft\"><strong><strong><strong><strong><strong><strong><strong><strong>INFRATHERAPIST<\/strong><\/strong><\/strong><\/strong><\/strong><\/strong><\/strong><\/strong><\/h2>\n\n\n\n<div class=\"guten-element gutenverse-text-editor guten-xcMjy6 animated guten-element-hide desktop-fadeInLeft\"><div class=\"text-content-inner\">\n<h2 class=\"wp-block-gutenverse-heading guten-element guten-5hbMZb\"><strong>\u00a1Luzca y Si\u00e9ntase mejor!<br>\u00a1Permanezca siempre en una grandiosa condici\u00f3n f\u00edsica con el sorprendente Sistema Infratherapist, usted puede hacer esto y m\u00e1s, c\u00f3modamente!<\/strong><br>&nbsp;<br>Al estimular tu metabolismo por medio del calor radiante Infrarrojo, este equipo de Termoterapia Regeneradora es ideal para tratamientos adelgazantes, reafirmantes, remodelaci\u00f3n corporal, obesidad y celulitis.<br><br>Produce sudoraci\u00f3n y depuraci\u00f3n general de toxinas del organismo, logrando as\u00ed retardar en forma significativa el proceso integral del envejecimiento.<br><br>El tratamiento de Infratherapist e comprobado, efectivo y seguro. M\u00e1s de 10 millones de personas alrededor del mundo (oriente, Europa, Estados Unidos, Australia, etc.) han recibido tratamientos con calor radiante infrarrojo obteniendo todos ellos resultados altamente satisfactorios.<br><br><strong>Belleza<\/strong><br>\u00bb Quema calor\u00edas y controla peso. (De 900 a 2,400 calor\u00edas en 30 minutos)<br>\u00bb Consume energ\u00eda corporal. (Equivalente a correr de 6 a 9 millas en 30 minutos)<br>\u00bb Elimina celulitis<br>\u00bb Elimina c\u00e9lulas muertas de la piel.<br>\u00bb Mejora y reafirma el tono y elasticidad de la piel<br>\u00bb Desvanece paulatinamente cicatrices. (A\u00fan Keloides)<br>\u00bb Estimula la producci\u00f3n de col\u00e1geno y elastina natural de la piel<br>\u00bb Retarda en forma significativa el proceso de envejecimiento integral<br><br><strong>Salud<\/strong><br>\u00bb Remueve toxinas y permite al organismo una mejor oxigenaci\u00f3n<br>\u00bb Incrementa la circulaci\u00f3n sangu\u00ednea<br>\u00bb Alivia dolores menstruales<br><br><strong>Los siguientes s\u00edntomas y enfermedades f\u00edsicas han sido reportados como aliviados o reducidos por el uso frecuente de InfraTherapist:<\/strong><\/h2>\n\n\n\n<div class=\"wp-block-essential-blocks-row alignfull\"><div class=\"eb-parent-wrapper eb-parent-eb-row-h8sah4t \"><div class=\"eb-row-root-container eb-row-h8sah4t\" data-id=\"eb-row-h8sah4t\"><div class=\"eb-row-wrapper\"><div class=\"eb-row-inner\">\n<div class=\"eb-parent-wrapper eb-parent-eb-column-ka0vab9  wp-block-essential-blocks-column\"><div class=\"eb-column-wrapper eb-column-ka0vab9\"><div class=\"eb-column-inner\">\n<h2 class=\"wp-block-gutenverse-heading guten-element guten-BQIYAQ\">\u00bb Baja presi\u00f3n<br>\u00bb Alta presi\u00f3n<br>\u00bb Artritis<br>\u00bb Dolores de c\u00e1ncer<br>\u00bb Cistitis<br>\u00bb Diabetes<br>\u00bb Insomnio<br>\u00bb Gastritis<br>\u00bb Estr\u00edas<br>\u00bb Enfermedades cr\u00f3nicas<br>\u00bb Neurodermatitis<br>\u00bb Reducci\u00f3n de peso<br>\u00bb Hipertensi\u00f3n<br>\u00bb Par\u00e1lisis facial<\/h2>\n<\/div><\/div><\/div>\n\n\n\n<div class=\"eb-parent-wrapper eb-parent-eb-column-pjfqta1  wp-block-essential-blocks-column\"><div class=\"eb-column-wrapper eb-column-pjfqta1\"><div class=\"eb-column-inner\">\n<h2 class=\"wp-block-gutenverse-heading guten-element guten-6lhZBj\">\u00bb Asma<br>\u00bb Bronquitis<br>\u00bb Ulcera duodenal<br>\u00bb Acn\u00e9<br>\u00bb Celulitis<br>\u00bb Diarrea<br>\u00bb Venas varicosas<br>\u00bb Hemorroides<br>\u00bb Tensi\u00f3n Muscular<br>\u00bb Dolores de espalda<br>\u00bb Neurastenia<br>\u00bb Artritis Rematoide<br>\u00bb Hepatitis<\/h2>\n<\/div><\/div><\/div>\n<\/div><\/div><\/div><\/div><\/div>\n<\/div><\/div>\n<\/div><\/div><\/div>\n\n\n\n<div class=\"wp-block-gutenverse-column guten-element guten-column guten-s4rqPi\"><div class=\"guten-background-overlay\"><\/div><div class=\"sticky-wrapper\" data-id=\"s4rqPi\"><div class=\"guten-column-wrapper\">\n<div class=\"guten-element guten-spacer guten-E0xqwB\"><\/div>\n<\/div><\/div><\/div>\n<\/div><\/section><\/div>\n\n\n\n<div class=\"guten-element guten-advanced-heading guten-8vIRSw\"><div class=\"heading-section outside-line\"><h2 class=\"heading-title\">NUESTROS TRATAMIENTOS SPA<span class=\"heading-focus\"><\/span><\/h2><\/div><span class=\"heading-subtitle\"><\/span><div class=\"heading-line bottom\"><\/div><\/div>\n\n\n\n<div class=\"section-wrapper\" data-id=\"Egpgxw\"><section class=\"wp-block-gutenverse-section guten-element guten-section guten-Egpgxw layout-fullwidth align-stretch\"><div class=\"guten-background-overlay\"><\/div><div class=\"guten-shape-divider guten-shape-divider-top\"><\/div><div class=\"guten-shape-divider guten-shape-divider-bottom\"><\/div><div class=\"guten-container guten-column-gap-default\">\n<div class=\"wp-block-gutenverse-column guten-element guten-column guten-ulD758\"><div class=\"guten-background-overlay\"><\/div><div class=\"sticky-wrapper\" data-id=\"ulD758\"><div class=\"guten-column-wrapper\">\n<div class=\"guten-element guten-8Je54l animated guten-element-hide desktop-fadeInLeft guten-icon-box icon-position-left\"><div class=\"guten-icon-box-wrapper hover-from-left\"><div class=\"icon-box icon-box-header\"><div class=\"icon style-color\"><a class=\"\" href=\"https:\/\/nver.clinicaegurrola.com.mx\/index.php\/spa-3\"><i class=\"gtn gtn-play-button-light\"><\/i><\/a><\/div><\/div><div class=\"icon-box icon-box-body\"><a class=\"\" href=\"https:\/\/nver.clinicaegurrola.com.mx\/index.php\/spa-3\"><h4 class=\"title\">Un d\u00eda en el SPA<\/h4><\/a><p class=\"icon-box-description\"><\/p><\/div><\/div><\/div>\n\n\n\n<div class=\"guten-element guten-spacer guten-vE5WAK\"><\/div>\n\n\n\n<div class=\"guten-element guten-YBQRLl animated guten-element-hide desktop-fadeInLeft guten-icon-box icon-position-left\"><div class=\"guten-icon-box-wrapper hover-from-left\"><div class=\"icon-box icon-box-header\"><div class=\"icon style-color\"><a class=\"\" href=\"https:\/\/nver.clinicaegurrola.com.mx\/index.php\/spa-4\"><i class=\"gtn gtn-play-button-light\"><\/i><\/a><\/div><\/div><div class=\"icon-box icon-box-body\"><a class=\"\" href=\"https:\/\/nver.clinicaegurrola.com.mx\/index.php\/spa-4\"><h4 class=\"title\">Ba\u00f1o de Novia<\/h4><\/a><p class=\"icon-box-description\"><\/p><\/div><\/div><\/div>\n\n\n\n<div class=\"guten-element guten-spacer guten-FPCBYI\"><\/div>\n\n\n\n<div class=\"guten-element guten-UrerAd animated guten-element-hide desktop-fadeInLeft guten-icon-box icon-position-left\"><div class=\"guten-icon-box-wrapper hover-from-left\"><div class=\"icon-box icon-box-header\"><div class=\"icon style-color\"><a class=\"\" href=\"https:\/\/nver.clinicaegurrola.com.mx\/index.php\/spa-5\"><i class=\"gtn gtn-play-button-light\"><\/i><\/a><\/div><\/div><div class=\"icon-box icon-box-body\"><a class=\"\" href=\"https:\/\/nver.clinicaegurrola.com.mx\/index.php\/spa-5\"><h4 class=\"title\">Tratamiento de medio d\u00eda<\/h4><\/a><p class=\"icon-box-description\"><\/p><\/div><\/div><\/div>\n\n\n\n<div class=\"guten-element guten-spacer guten-dhalug\"><\/div>\n\n\n\n<div class=\"guten-element guten-n0jEsy animated guten-element-hide desktop-fadeInLeft guten-icon-box icon-position-left\"><div class=\"guten-icon-box-wrapper hover-from-left\"><div class=\"icon-box icon-box-header\"><div class=\"icon style-color\"><a class=\"\" href=\"https:\/\/nver.clinicaegurrola.com.mx\/index.php\/spa-6\"><i class=\"gtn gtn-play-button-light\"><\/i><\/a><\/div><\/div><div class=\"icon-box icon-box-body\"><a class=\"\" href=\"https:\/\/nver.clinicaegurrola.com.mx\/index.php\/spa-6\"><h4 class=\"title\">Descanso muscular e hidrataci\u00f3n<\/h4><\/a><p class=\"icon-box-description\"><\/p><\/div><\/div><\/div>\n<\/div><\/div><\/div>\n\n\n\n<div class=\"wp-block-gutenverse-column guten-element guten-column guten-zBortE\"><div class=\"guten-background-overlay\"><\/div><div class=\"sticky-wrapper\" data-id=\"zBortE\"><div class=\"guten-column-wrapper\">\n<div class=\"guten-element guten-WWO0jE animated guten-element-hide desktop-fadeInLeft guten-icon-box icon-position-left\"><div class=\"guten-icon-box-wrapper hover-from-left\"><div class=\"icon-box icon-box-header\"><div class=\"icon style-color\"><a class=\"\" href=\"https:\/\/nver.clinicaegurrola.com.mx\/index.php\/spa-7\"><i class=\"gtn gtn-play-button-light\"><\/i><\/a><\/div><\/div><div class=\"icon-box icon-box-body\"><a class=\"\" href=\"https:\/\/nver.clinicaegurrola.com.mx\/index.php\/spa-7\"><h4 class=\"title\">Tratamiento mineral<\/h4><\/a><p class=\"icon-box-description\"><\/p><\/div><\/div><\/div>\n\n\n\n<div class=\"guten-element guten-spacer guten-0ghnXP\"><\/div>\n\n\n\n<div class=\"guten-element guten-ymAwij animated guten-element-hide desktop-fadeInLeft guten-icon-box icon-position-left\"><div class=\"guten-icon-box-wrapper hover-from-left\"><div class=\"icon-box icon-box-header\"><div class=\"icon style-color\"><a class=\"\" href=\"https:\/\/nver.clinicaegurrola.com.mx\/index.php\/spa-8\"><i class=\"gtn gtn-play-button-light\"><\/i><\/a><\/div><\/div><div class=\"icon-box icon-box-body\"><a class=\"\" href=\"https:\/\/nver.clinicaegurrola.com.mx\/index.php\/spa-8\"><h4 class=\"title\">Tratamiento t\u00e9rmico relajante<\/h4><\/a><p class=\"icon-box-description\"><\/p><\/div><\/div><\/div>\n\n\n\n<div class=\"guten-element guten-spacer guten-NiaL24\"><\/div>\n\n\n\n<div class=\"guten-element guten-N5OqEQ animated guten-element-hide desktop-fadeInLeft guten-icon-box icon-position-left\"><div class=\"guten-icon-box-wrapper hover-from-left\"><div class=\"icon-box icon-box-header\"><div class=\"icon style-color\"><a class=\"\" href=\"https:\/\/nver.clinicaegurrola.com.mx\/index.php\/spa-9\"><i class=\"gtn gtn-play-button-light\"><\/i><\/a><\/div><\/div><div class=\"icon-box icon-box-body\"><a class=\"\" href=\"https:\/\/nver.clinicaegurrola.com.mx\/index.php\/spa-9\"><h4 class=\"title\">Tratamiento con sales minerales<\/h4><\/a><p class=\"icon-box-description\"><\/p><\/div><\/div><\/div>\n\n\n\n<div class=\"guten-element guten-spacer guten-vUrWgP\"><\/div>\n\n\n\n<div class=\"guten-element guten-wt24Cy animated guten-element-hide desktop-fadeInLeft guten-icon-box icon-position-left\"><div class=\"guten-icon-box-wrapper hover-from-left\"><div class=\"icon-box icon-box-header\"><div class=\"icon style-color\"><a class=\"\" href=\"https:\/\/nver.clinicaegurrola.com.mx\/index.php\/spa-10\"><i class=\"gtn gtn-play-button-light\"><\/i><\/a><\/div><\/div><div class=\"icon-box icon-box-body\"><a class=\"\" href=\"https:\/\/nver.clinicaegurrola.com.mx\/index.php\/spa-10\"><h4 class=\"title\">Tratamiento relajante<\/h4><\/a><p class=\"icon-box-description\"><\/p><\/div><\/div><\/div>\n<\/div><\/div><\/div>\n\n\n\n<div class=\"wp-block-gutenverse-column guten-element guten-column guten-BFwS9v\"><div class=\"guten-background-overlay\"><\/div><div class=\"sticky-wrapper\" data-id=\"BFwS9v\"><div class=\"guten-column-wrapper\">\n<div class=\"guten-element guten-spacer guten-K6ItMH\"><\/div>\n\n\n\n<div class=\"guten-element guten-h5Kvm2 animated guten-element-hide desktop-fadeInLeft guten-icon-box icon-position-left\"><div class=\"guten-icon-box-wrapper hover-from-left\"><div class=\"icon-box icon-box-header\"><div class=\"icon style-color\"><a class=\"\" href=\"https:\/\/nver.clinicaegurrola.com.mx\/index.php\/spa-12\"><i class=\"gtn gtn-play-button-light\"><\/i><\/a><\/div><\/div><div class=\"icon-box icon-box-body\"><a class=\"\" href=\"https:\/\/nver.clinicaegurrola.com.mx\/index.php\/spa-12\"><h4 class=\"title\">Infratherapist<\/h4><\/a><p class=\"icon-box-description\"><\/p><\/div><\/div><\/div>\n\n\n\n<div class=\"guten-element guten-spacer guten-xNJRuI\"><\/div>\n\n\n\n<div class=\"guten-element guten-RjWCmH animated guten-element-hide desktop-fadeInLeft guten-icon-box icon-position-left\"><div class=\"guten-icon-box-wrapper hover-from-left\"><div class=\"icon-box icon-box-header\"><div class=\"icon style-color\"><a class=\"\" href=\"https:\/\/nver.clinicaegurrola.com.mx\/index.php\/spa-13\"><i class=\"gtn gtn-play-button-light\"><\/i><\/a><\/div><\/div><div class=\"icon-box icon-box-body\"><a class=\"\" href=\"https:\/\/nver.clinicaegurrola.com.mx\/index.php\/spa-13\"><h4 class=\"title\">Paquetes SPA<\/h4><\/a><p class=\"icon-box-description\"><\/p><\/div><\/div><\/div>\n<\/div><\/div><\/div>\n<\/div><\/section><\/div>\n","protected":false},"excerpt":{"rendered":"","protected":false},"author":1,"featured_media":0,"parent":0,"menu_order":0,"comment_status":"closed","ping_status":"closed","template":"wp-custom-template-base-2","meta":{"_eb_attr":"","footnotes":""},"class_list":["post-1407","page","type-page","status-publish","hentry"],"yoast_head":"<!-- This site is optimized with the Yoast SEO plugin v21.0 - https:\/\/yoast.com\/wordpress\/plugins\/seo\/ -->\n<title>SPA - EGURROLA Cl\u00ednica Cosmetol\u00f3gica<\/title>\n<meta name=\"robots\" content=\"index, follow, max-snippet:-1, max-image-preview:large, max-video-preview:-1\" \/>\n<link rel=\"canonical\" href=\"https:\/\/nver.clinicaegurrola.com.mx\/index.php\/spa-12\/\" \/>\n<meta property=\"og:locale\" content=\"es_ES\" \/>\n<meta property=\"og:type\" content=\"article\" \/>\n<meta property=\"og:title\" content=\"SPA - EGURROLA Cl\u00ednica Cosmetol\u00f3gica\" \/>\n<meta property=\"og:url\" content=\"https:\/\/nver.clinicaegurrola.com.mx\/index.php\/spa-12\/\" \/>\n<meta property=\"og:site_name\" content=\"EGURROLA Cl\u00ednica Cosmetol\u00f3gica\" \/>\n<meta property=\"article:modified_time\" content=\"2023-11-15T18:35:16+00:00\" \/>\n<meta name=\"twitter:card\" content=\"summary_large_image\" \/>\n<meta name=\"twitter:label1\" content=\"Tiempo de lectura\" \/>\n\t<meta name=\"twitter:data1\" content=\"2 minutos\" \/>\n<script type=\"application\/ld+json\" class=\"yoast-schema-graph\">{\"@context\":\"https:\/\/schema.org\",\"@graph\":[{\"@type\":\"WebPage\",\"@id\":\"https:\/\/nver.clinicaegurrola.com.mx\/index.php\/spa-12\/\",\"url\":\"https:\/\/nver.clinicaegurrola.com.mx\/index.php\/spa-12\/\",\"name\":\"SPA - EGURROLA Cl\u00ednica Cosmetol\u00f3gica\",\"isPartOf\":{\"@id\":\"https:\/\/nver.clinicaegurrola.com.mx\/#website\"},\"datePublished\":\"2023-07-26T19:41:43+00:00\",\"dateModified\":\"2023-11-15T18:35:16+00:00\",\"breadcrumb\":{\"@id\":\"https:\/\/nver.clinicaegurrola.com.mx\/index.php\/spa-12\/#breadcrumb\"},\"inLanguage\":\"es\",\"potentialAction\":[{\"@type\":\"ReadAction\",\"target\":[\"https:\/\/nver.clinicaegurrola.com.mx\/index.php\/spa-12\/\"]}]},{\"@type\":\"BreadcrumbList\",\"@id\":\"https:\/\/nver.clinicaegurrola.com.mx\/index.php\/spa-12\/#breadcrumb\",\"itemListElement\":[{\"@type\":\"ListItem\",\"position\":1,\"name\":\"Portada\",\"item\":\"https:\/\/nver.clinicaegurrola.com.mx\/\"},{\"@type\":\"ListItem\",\"position\":2,\"name\":\"SPA\"}]},{\"@type\":\"WebSite\",\"@id\":\"https:\/\/nver.clinicaegurrola.com.mx\/#website\",\"url\":\"https:\/\/nver.clinicaegurrola.com.mx\/\",\"name\":\"EGURROLA Cl\u00ednica Cosmetol\u00f3gica\",\"description\":\"\",\"publisher\":{\"@id\":\"https:\/\/nver.clinicaegurrola.com.mx\/#organization\"},\"potentialAction\":[{\"@type\":\"SearchAction\",\"target\":{\"@type\":\"EntryPoint\",\"urlTemplate\":\"https:\/\/nver.clinicaegurrola.com.mx\/?s={search_term_string}\"},\"query-input\":\"required name=search_term_string\"}],\"inLanguage\":\"es\"},{\"@type\":\"Organization\",\"@id\":\"https:\/\/nver.clinicaegurrola.com.mx\/#organization\",\"name\":\"EGURROLA Cl\u00ednica Cosmetol\u00f3gica\",\"url\":\"https:\/\/nver.clinicaegurrola.com.mx\/\",\"logo\":{\"@type\":\"ImageObject\",\"inLanguage\":\"es\",\"@id\":\"https:\/\/nver.clinicaegurrola.com.mx\/#\/schema\/logo\/image\/\",\"url\":\"https:\/\/nver.clinicaegurrola.com.mx\/wp-content\/uploads\/2023\/11\/qr-egurrola.jpg\",\"contentUrl\":\"https:\/\/nver.clinicaegurrola.com.mx\/wp-content\/uploads\/2023\/11\/qr-egurrola.jpg\",\"width\":450,\"height\":450,\"caption\":\"EGURROLA Cl\u00ednica Cosmetol\u00f3gica\"},\"image\":{\"@id\":\"https:\/\/nver.clinicaegurrola.com.mx\/#\/schema\/logo\/image\/\"}}]}<\/script>\n<!-- \/ Yoast SEO plugin. -->","yoast_head_json":{"title":"SPA - EGURROLA Cl\u00ednica Cosmetol\u00f3gica","robots":{"index":"index","follow":"follow","max-snippet":"max-snippet:-1","max-image-preview":"max-image-preview:large","max-video-preview":"max-video-preview:-1"},"canonical":"https:\/\/nver.clinicaegurrola.com.mx\/index.php\/spa-12\/","og_locale":"es_ES","og_type":"article","og_title":"SPA - EGURROLA Cl\u00ednica Cosmetol\u00f3gica","og_url":"https:\/\/nver.clinicaegurrola.com.mx\/index.php\/spa-12\/","og_site_name":"EGURROLA Cl\u00ednica Cosmetol\u00f3gica","article_modified_time":"2023-11-15T18:35:16+00:00","twitter_card":"summary_large_image","twitter_misc":{"Tiempo de lectura":"2 minutos"},"schema":{"@context":"https:\/\/schema.org","@graph":[{"@type":"WebPage","@id":"https:\/\/nver.clinicaegurrola.com.mx\/index.php\/spa-12\/","url":"https:\/\/nver.clinicaegurrola.com.mx\/index.php\/spa-12\/","name":"SPA - EGURROLA Cl\u00ednica Cosmetol\u00f3gica","isPartOf":{"@id":"https:\/\/nver.clinicaegurrola.com.mx\/#website"},"datePublished":"2023-07-26T19:41:43+00:00","dateModified":"2023-11-15T18:35:16+00:00","breadcrumb":{"@id":"https:\/\/nver.clinicaegurrola.com.mx\/index.php\/spa-12\/#breadcrumb"},"inLanguage":"es","potentialAction":[{"@type":"ReadAction","target":["https:\/\/nver.clinicaegurrola.com.mx\/index.php\/spa-12\/"]}]},{"@type":"BreadcrumbList","@id":"https:\/\/nver.clinicaegurrola.com.mx\/index.php\/spa-12\/#breadcrumb","itemListElement":[{"@type":"ListItem","position":1,"name":"Portada","item":"https:\/\/nver.clinicaegurrola.com.mx\/"},{"@type":"ListItem","position":2,"name":"SPA"}]},{"@type":"WebSite","@id":"https:\/\/nver.clinicaegurrola.com.mx\/#website","url":"https:\/\/nver.clinicaegurrola.com.mx\/","name":"EGURROLA Cl\u00ednica Cosmetol\u00f3gica","description":"","publisher":{"@id":"https:\/\/nver.clinicaegurrola.com.mx\/#organization"},"potentialAction":[{"@type":"SearchAction","target":{"@type":"EntryPoint","urlTemplate":"https:\/\/nver.clinicaegurrola.com.mx\/?s={search_term_string}"},"query-input":"required name=search_term_string"}],"inLanguage":"es"},{"@type":"Organization","@id":"https:\/\/nver.clinicaegurrola.com.mx\/#organization","name":"EGURROLA Cl\u00ednica Cosmetol\u00f3gica","url":"https:\/\/nver.clinicaegurrola.com.mx\/","logo":{"@type":"ImageObject","inLanguage":"es","@id":"https:\/\/nver.clinicaegurrola.com.mx\/#\/schema\/logo\/image\/","url":"https:\/\/nver.clinicaegurrola.com.mx\/wp-content\/uploads\/2023\/11\/qr-egurrola.jpg","contentUrl":"https:\/\/nver.clinicaegurrola.com.mx\/wp-content\/uploads\/2023\/11\/qr-egurrola.jpg","width":450,"height":450,"caption":"EGURROLA Cl\u00ednica Cosmetol\u00f3gica"},"image":{"@id":"https:\/\/nver.clinicaegurrola.com.mx\/#\/schema\/logo\/image\/"}}]}},"_links":{"self":[{"href":"https:\/\/nver.clinicaegurrola.com.mx\/index.php\/wp-json\/wp\/v2\/pages\/1407","targetHints":{"allow":["GET"]}}],"collection":[{"href":"https:\/\/nver.clinicaegurrola.com.mx\/index.php\/wp-json\/wp\/v2\/pages"}],"about":[{"href":"https:\/\/nver.clinicaegurrola.com.mx\/index.php\/wp-json\/wp\/v2\/types\/page"}],"author":[{"embeddable":true,"href":"https:\/\/nver.clinicaegurrola.com.mx\/index.php\/wp-json\/wp\/v2\/users\/1"}],"replies":[{"embeddable":true,"href":"https:\/\/nver.clinicaegurrola.com.mx\/index.php\/wp-json\/wp\/v2\/comments?post=1407"}],"version-history":[{"count":8,"href":"https:\/\/nver.clinicaegurrola.com.mx\/index.php\/wp-json\/wp\/v2\/pages\/1407\/revisions"}],"predecessor-version":[{"id":2987,"href":"https:\/\/nver.clinicaegurrola.com.mx\/index.php\/wp-json\/wp\/v2\/pages\/1407\/revisions\/2987"}],"wp:attachment":[{"href":"https:\/\/nver.clinicaegurrola.com.mx\/index.php\/wp-json\/wp\/v2\/media?parent=1407"}],"curies":[{"name":"wp","href":"https:\/\/api.w.org\/{rel}","templated":true}]}}