{"id":1240,"date":"2023-07-25T18:58:44","date_gmt":"2023-07-25T18:58:44","guid":{"rendered":"https:\/\/nver.clinicaegurrola.com.mx\/?page_id=1240"},"modified":"2023-11-15T18:57:13","modified_gmt":"2023-11-15T18:57:13","slug":"spa-2","status":"publish","type":"page","link":"https:\/\/nver.clinicaegurrola.com.mx\/index.php\/spa-2\/","title":{"rendered":"SPA"},"content":{"rendered":"\n<div class=\"guten-element guten-advanced-heading guten-5Gqjoz\"><div class=\"heading-section outside-line\"><h2 class=\"heading-title\">Un Lujo para el Cuerpo y un Placer para la Mente<span class=\"heading-focus\"><\/span><\/h2><\/div><div class=\"heading-line between\"><\/div><span class=\"heading-subtitle\">Los beneficios de un Tratamiento SPA no empiezan ni acaban en el lugar en el que los recibimos, se extienden dentro y fuera de nosotros<\/span><\/div>\n\n\n\n<div class=\"section-wrapper\" data-id=\"93cU7N\"><section class=\"wp-block-gutenverse-section guten-element guten-section guten-93cU7N layout-boxed align-stretch\"><div class=\"guten-background-overlay\"><\/div><div class=\"guten-shape-divider guten-shape-divider-top\"><\/div><div class=\"guten-shape-divider guten-shape-divider-bottom\"><\/div><div class=\"guten-container guten-column-gap-no\">\n<div class=\"wp-block-gutenverse-column guten-element guten-column guten-KVvpjN\"><div class=\"guten-background-overlay\"><\/div><div class=\"sticky-wrapper\" data-id=\"KVvpjN\"><div class=\"guten-column-wrapper\">\n<h2 class=\"wp-block-gutenverse-heading guten-element guten-UGytz2 animated guten-element-hide desktop-fadeInLeft\">El Mundo de Bienestar, Armon\u00eda y Belleza<\/h2>\n\n\n\n<div class=\"guten-element gutenverse-text-editor guten-RulDJv animated guten-element-hide desktop-fadeInLeft\"><div class=\"text-content-inner\">\n<h2 class=\"wp-block-gutenverse-heading guten-element guten-AVTaXe\">Nuestra misi\u00f3n es exceder las expectativas de nuestros clientes a trav\u00e9s de la mejora continua de nuestro trabajo, combinando los descubrimientos tecnol\u00f3gicos con los conocimientos ancestrales.<br><br>Es por ello que presentamos con mucho orgullo los tratamientos ideales para el trabajo en SPA .<br><br>La palabra SPA se deriv\u00f3 de la expresi\u00f3n SALUTE PER AQUA que quiere decir: Salud por medio de agua, debido a la utilizaci\u00f3n de aguas minerales y termales donde se practicaba la Hidroterapia, Balneoterapia y Thalassoterapia.<br><br>El concepto SPA ha evolucionado junto con la humanidad pero sin olvidar nunca el fundamento de su origen proporcionando, bienestar f\u00edsico y mental a trav\u00e9s de los nutrientes que la naturaleza nos brinda.<br><br>En la actualidad el agua del mar, las algas, los fangos son parte esencial del concepto SPA que, gracias a la ciencia y a la tecnolog\u00eda, la cosmetolog\u00eda y la est\u00e9tica pueden utilizarla como medio terap\u00e9utico.<br><br>Complement\u00e1ndose con la cromoterapia, termoterapia, filoterapia y aromaterapia. Los beneficios de una experiencia SPA se extiende m\u00e1s all\u00e1 del tiempo que se permanece ah\u00ed, involucran no solo el cuerpo sino tambi\u00e9n la mente.<br><br>Ayudan a eliminar el estr\u00e9s y a realzar el potencial interno. Los tratamientos SPA devuelven el vigor, ayudan a relajarse, a reducir medidas, a tonificarse, a consentirse y a tener una nueva imagen.<br><br>SPA Cl\u00ednica Egurrola pone a su disposici\u00f3n una gran variedad de tratamientos con todas las propiedades de la tierra y el oc\u00e9ano dise\u00f1ados para brindarle todos los beneficios para su cuerpo y mente.<\/h2>\n<\/div><\/div>\n<\/div><\/div><\/div>\n\n\n\n<div class=\"wp-block-gutenverse-column guten-element guten-column guten-IhMrOk animated guten-element-hide desktop-fadeInRight\"><div class=\"guten-background-overlay\"><\/div><div class=\"sticky-wrapper\" data-id=\"IhMrOk\"><div class=\"guten-column-wrapper\">\n<div class=\"guten-element guten-spacer guten-17C9ac\"><\/div>\n<\/div><\/div><\/div>\n<\/div><\/section><\/div>\n\n\n\n<div class=\"section-wrapper\" data-id=\"jXzTRt\"><section class=\"wp-block-gutenverse-section guten-element guten-section guten-jXzTRt layout-boxed align-stretch\"><div class=\"guten-background-overlay\"><\/div><div class=\"guten-shape-divider guten-shape-divider-top\"><\/div><div class=\"guten-shape-divider guten-shape-divider-bottom\"><\/div><div class=\"guten-container guten-column-gap-no\">\n<div class=\"wp-block-gutenverse-column guten-element guten-column guten-65RpHZ animated guten-element-hide desktop-fadeInLeft\"><div class=\"guten-background-overlay\"><\/div><div class=\"sticky-wrapper\" data-id=\"65RpHZ\"><div class=\"guten-column-wrapper\">\n<div class=\"guten-element guten-spacer guten-N2FTdM\"><\/div>\n<\/div><\/div><\/div>\n\n\n\n<div class=\"wp-block-gutenverse-column guten-element guten-column guten-t2nhf2\"><div class=\"guten-background-overlay\"><\/div><div class=\"sticky-wrapper\" data-id=\"t2nhf2\"><div class=\"guten-column-wrapper\">\n<div class=\"guten-element gutenverse-text-editor guten-RAaI3e animated guten-element-hide desktop-fadeInLeft\"><div class=\"text-content-inner\">\n<h2 class=\"wp-block-gutenverse-heading guten-element guten-jIp4oT\"><br><strong>Tratamiento arm\u00f3nico-est\u00e9ticas SPA<\/strong><br><br>Aplicadas mediante t\u00e9cnicas de trabajo espec\u00edficas, apoyadas por los beneficios del agua, los aromas, la m\u00fasica, los colores&#8230; y basados en la filosof\u00eda SPA : Escuchar el cuerpo y complacer los sentidos.<br><br>M\u00e9todos de trabajo exclusivos basados en t\u00e9cnicas de masaje que se inspiran en distintas culturas y que comparten los principios b\u00e1sicos de la Haptonom\u00eda (transmisi\u00f3n de sensaciones a trav\u00e9s del masaje): Masaje psico-sensitivo, Ayurveda, Shiatsu, Reflexoterapia, drenaje Linf\u00e1tico&#8230;<br><br>Protocolos detallados de acci\u00f3n para que, desde el principio hasta el final, el tratamiento arm\u00f3nico-est\u00e9tico SPA logre proporcionar a cada cliente una sensaci\u00f3n de profunda relajaci\u00f3n y bienestar.<br><br>Una amplia gama de complementos que har\u00e1n m\u00e1s agradable el tratamiento a los clientes y facilitar\u00e1n el trabajo del profesional: albornoces, s\u00e1banas, toallas, alfombrillas, delantal y pl\u00e1sticos para envolvimientos, boles, botella-spray y dosificadores que permiten el c\u00f3modo empleo de los productos y el CD \u00abUn paseo por el mar\u00bb de m\u00fasica relajante.<br><br>Y, como siempre, toda la informaci\u00f3n, formaci\u00f3n y asesoramiento que el centro SPA precise para conseguir la m\u00e1xima eficacia en los tratamientos SPA .riedad de tratamientos con todas las propiedades de la tierra y el oc\u00e9ano dise\u00f1ados para brindarle todos los beneficios para su cuerpo y mente.<\/h2>\n<\/div><\/div>\n<\/div><\/div><\/div>\n<\/div><\/section><\/div>\n\n\n\n<div class=\"guten-element guten-advanced-heading guten-8vIRSw\"><div class=\"heading-section outside-line\"><h2 class=\"heading-title\">NUESTROS TRATAMIENTOS SPA<span class=\"heading-focus\"><\/span><\/h2><\/div><span class=\"heading-subtitle\"><\/span><div class=\"heading-line bottom\"><\/div><\/div>\n\n\n\n<div class=\"section-wrapper\" data-id=\"Egpgxw\"><section class=\"wp-block-gutenverse-section guten-element guten-section guten-Egpgxw layout-fullwidth align-stretch\"><div class=\"guten-background-overlay\"><\/div><div class=\"guten-shape-divider guten-shape-divider-top\"><\/div><div class=\"guten-shape-divider guten-shape-divider-bottom\"><\/div><div class=\"guten-container guten-column-gap-default\">\n<div class=\"wp-block-gutenverse-column guten-element guten-column guten-ulD758\"><div class=\"guten-background-overlay\"><\/div><div class=\"sticky-wrapper\" data-id=\"ulD758\"><div class=\"guten-column-wrapper\">\n<div class=\"guten-element guten-8Je54l animated guten-element-hide desktop-fadeInLeft guten-icon-box icon-position-left\"><div class=\"guten-icon-box-wrapper hover-from-left\"><div class=\"icon-box icon-box-header\"><div class=\"icon style-color\"><a class=\"\" href=\"https:\/\/nver.clinicaegurrola.com.mx\/index.php\/spa-3\"><i class=\"gtn gtn-play-button-light\"><\/i><\/a><\/div><\/div><div class=\"icon-box icon-box-body\"><a class=\"\" href=\"https:\/\/nver.clinicaegurrola.com.mx\/index.php\/spa-3\"><h4 class=\"title\">Un d\u00eda en el SPA<\/h4><\/a><p class=\"icon-box-description\"><\/p><\/div><\/div><\/div>\n\n\n\n<div class=\"guten-element guten-spacer guten-vE5WAK\"><\/div>\n\n\n\n<div class=\"guten-element guten-YBQRLl animated guten-element-hide desktop-fadeInLeft guten-icon-box icon-position-left\"><div class=\"guten-icon-box-wrapper hover-from-left\"><div class=\"icon-box icon-box-header\"><div class=\"icon style-color\"><a class=\"\" href=\"https:\/\/nver.clinicaegurrola.com.mx\/index.php\/spa-4\"><i class=\"gtn gtn-play-button-light\"><\/i><\/a><\/div><\/div><div class=\"icon-box icon-box-body\"><a class=\"\" href=\"https:\/\/nver.clinicaegurrola.com.mx\/index.php\/spa-4\"><h4 class=\"title\">Ba\u00f1o de Novia<\/h4><\/a><p class=\"icon-box-description\"><\/p><\/div><\/div><\/div>\n\n\n\n<div class=\"guten-element guten-spacer guten-FPCBYI\"><\/div>\n\n\n\n<div class=\"guten-element guten-UrerAd animated guten-element-hide desktop-fadeInLeft guten-icon-box icon-position-left\"><div class=\"guten-icon-box-wrapper hover-from-left\"><div class=\"icon-box icon-box-header\"><div class=\"icon style-color\"><a class=\"\" href=\"https:\/\/nver.clinicaegurrola.com.mx\/index.php\/spa-5\"><i class=\"gtn gtn-play-button-light\"><\/i><\/a><\/div><\/div><div class=\"icon-box icon-box-body\"><a class=\"\" href=\"https:\/\/nver.clinicaegurrola.com.mx\/index.php\/spa-5\"><h4 class=\"title\">Tratamiento de medio d\u00eda<\/h4><\/a><p class=\"icon-box-description\"><\/p><\/div><\/div><\/div>\n\n\n\n<div class=\"guten-element guten-spacer guten-dhalug\"><\/div>\n\n\n\n<div class=\"guten-element guten-n0jEsy animated guten-element-hide desktop-fadeInLeft guten-icon-box icon-position-left\"><div class=\"guten-icon-box-wrapper hover-from-left\"><div class=\"icon-box icon-box-header\"><div class=\"icon style-color\"><a class=\"\" href=\"https:\/\/nver.clinicaegurrola.com.mx\/index.php\/spa-6\"><i class=\"gtn gtn-play-button-light\"><\/i><\/a><\/div><\/div><div class=\"icon-box icon-box-body\"><a class=\"\" href=\"https:\/\/nver.clinicaegurrola.com.mx\/index.php\/spa-6\"><h4 class=\"title\">Descanso muscular e hidrataci\u00f3n<\/h4><\/a><p class=\"icon-box-description\"><\/p><\/div><\/div><\/div>\n<\/div><\/div><\/div>\n\n\n\n<div class=\"wp-block-gutenverse-column guten-element guten-column guten-zBortE\"><div class=\"guten-background-overlay\"><\/div><div class=\"sticky-wrapper\" data-id=\"zBortE\"><div class=\"guten-column-wrapper\">\n<div class=\"guten-element guten-WWO0jE animated guten-element-hide desktop-fadeInLeft guten-icon-box icon-position-left\"><div class=\"guten-icon-box-wrapper hover-from-left\"><div class=\"icon-box icon-box-header\"><div class=\"icon style-color\"><a class=\"\" href=\"https:\/\/nver.clinicaegurrola.com.mx\/index.php\/spa-7\"><i class=\"gtn gtn-play-button-light\"><\/i><\/a><\/div><\/div><div class=\"icon-box icon-box-body\"><a class=\"\" href=\"https:\/\/nver.clinicaegurrola.com.mx\/index.php\/spa-7\"><h4 class=\"title\">Tratamiento mineral<\/h4><\/a><p class=\"icon-box-description\"><\/p><\/div><\/div><\/div>\n\n\n\n<div class=\"guten-element guten-spacer guten-0ghnXP\"><\/div>\n\n\n\n<div class=\"guten-element guten-ymAwij animated guten-element-hide desktop-fadeInLeft guten-icon-box icon-position-left\"><div class=\"guten-icon-box-wrapper hover-from-left\"><div class=\"icon-box icon-box-header\"><div class=\"icon style-color\"><a class=\"\" href=\"https:\/\/nver.clinicaegurrola.com.mx\/index.php\/spa-8\"><i class=\"gtn gtn-play-button-light\"><\/i><\/a><\/div><\/div><div class=\"icon-box icon-box-body\"><a class=\"\" href=\"https:\/\/nver.clinicaegurrola.com.mx\/index.php\/spa-8\"><h4 class=\"title\">Tratamiento t\u00e9rmico relajante<\/h4><\/a><p class=\"icon-box-description\"><\/p><\/div><\/div><\/div>\n\n\n\n<div class=\"guten-element guten-spacer guten-NiaL24\"><\/div>\n\n\n\n<div class=\"guten-element guten-N5OqEQ animated guten-element-hide desktop-fadeInLeft guten-icon-box icon-position-left\"><div class=\"guten-icon-box-wrapper hover-from-left\"><div class=\"icon-box icon-box-header\"><div class=\"icon style-color\"><a class=\"\" href=\"https:\/\/nver.clinicaegurrola.com.mx\/index.php\/spa-9\"><i class=\"gtn gtn-play-button-light\"><\/i><\/a><\/div><\/div><div class=\"icon-box icon-box-body\"><a class=\"\" href=\"https:\/\/nver.clinicaegurrola.com.mx\/index.php\/spa-9\"><h4 class=\"title\">Tratamiento con sales minerales<\/h4><\/a><p class=\"icon-box-description\"><\/p><\/div><\/div><\/div>\n\n\n\n<div class=\"guten-element guten-spacer guten-vUrWgP\"><\/div>\n\n\n\n<div class=\"guten-element guten-wt24Cy animated guten-element-hide desktop-fadeInLeft guten-icon-box icon-position-left\"><div class=\"guten-icon-box-wrapper hover-from-left\"><div class=\"icon-box icon-box-header\"><div class=\"icon style-color\"><a class=\"\" href=\"https:\/\/nver.clinicaegurrola.com.mx\/index.php\/spa-10\"><i class=\"gtn gtn-play-button-light\"><\/i><\/a><\/div><\/div><div class=\"icon-box icon-box-body\"><a class=\"\" href=\"https:\/\/nver.clinicaegurrola.com.mx\/index.php\/spa-10\"><h4 class=\"title\">Tratamiento relajante<\/h4><\/a><p class=\"icon-box-description\"><\/p><\/div><\/div><\/div>\n<\/div><\/div><\/div>\n\n\n\n<div class=\"wp-block-gutenverse-column guten-element guten-column guten-BFwS9v\"><div class=\"guten-background-overlay\"><\/div><div class=\"sticky-wrapper\" data-id=\"BFwS9v\"><div class=\"guten-column-wrapper\">\n<div class=\"guten-element guten-spacer guten-K6ItMH\"><\/div>\n\n\n\n<div class=\"guten-element guten-h5Kvm2 animated guten-element-hide desktop-fadeInLeft guten-icon-box icon-position-left\"><div class=\"guten-icon-box-wrapper hover-from-left\"><div class=\"icon-box icon-box-header\"><div class=\"icon style-color\"><a class=\"\" href=\"https:\/\/nver.clinicaegurrola.com.mx\/index.php\/spa-12\"><i class=\"gtn gtn-play-button-light\"><\/i><\/a><\/div><\/div><div class=\"icon-box icon-box-body\"><a class=\"\" href=\"https:\/\/nver.clinicaegurrola.com.mx\/index.php\/spa-12\"><h4 class=\"title\">Infratherapist<\/h4><\/a><p class=\"icon-box-description\"><\/p><\/div><\/div><\/div>\n\n\n\n<div class=\"guten-element guten-spacer guten-xNJRuI\"><\/div>\n\n\n\n<div class=\"guten-element guten-RjWCmH animated guten-element-hide desktop-fadeInLeft guten-icon-box icon-position-left\"><div class=\"guten-icon-box-wrapper hover-from-left\"><div class=\"icon-box icon-box-header\"><div class=\"icon style-color\"><a class=\"\" href=\"https:\/\/nver.clinicaegurrola.com.mx\/index.php\/spa-13\"><i class=\"gtn gtn-play-button-light\"><\/i><\/a><\/div><\/div><div class=\"icon-box icon-box-body\"><a class=\"\" href=\"https:\/\/nver.clinicaegurrola.com.mx\/index.php\/spa-13\"><h4 class=\"title\">Paquetes SPA<\/h4><\/a><p class=\"icon-box-description\"><\/p><\/div><\/div><\/div>\n<\/div><\/div><\/div>\n<\/div><\/section><\/div>\n","protected":false},"excerpt":{"rendered":"","protected":false},"author":1,"featured_media":0,"parent":0,"menu_order":0,"comment_status":"closed","ping_status":"closed","template":"wp-custom-template-base-2","meta":{"_eb_attr":"","footnotes":""},"class_list":["post-1240","page","type-page","status-publish","hentry"],"yoast_head":"<!-- This site is optimized with the Yoast SEO plugin v21.0 - https:\/\/yoast.com\/wordpress\/plugins\/seo\/ -->\n<title>SPA - EGURROLA Cl\u00ednica Cosmetol\u00f3gica<\/title>\n<meta name=\"robots\" content=\"index, follow, max-snippet:-1, max-image-preview:large, max-video-preview:-1\" \/>\n<link rel=\"canonical\" href=\"https:\/\/nver.clinicaegurrola.com.mx\/index.php\/spa-2\/\" \/>\n<meta property=\"og:locale\" content=\"es_ES\" \/>\n<meta property=\"og:type\" content=\"article\" \/>\n<meta property=\"og:title\" content=\"SPA - EGURROLA Cl\u00ednica Cosmetol\u00f3gica\" \/>\n<meta property=\"og:url\" content=\"https:\/\/nver.clinicaegurrola.com.mx\/index.php\/spa-2\/\" \/>\n<meta property=\"og:site_name\" content=\"EGURROLA Cl\u00ednica Cosmetol\u00f3gica\" \/>\n<meta property=\"article:modified_time\" content=\"2023-11-15T18:57:13+00:00\" \/>\n<meta name=\"twitter:card\" content=\"summary_large_image\" \/>\n<meta name=\"twitter:label1\" content=\"Tiempo de lectura\" \/>\n\t<meta name=\"twitter:data1\" content=\"3 minutos\" \/>\n<script type=\"application\/ld+json\" class=\"yoast-schema-graph\">{\"@context\":\"https:\/\/schema.org\",\"@graph\":[{\"@type\":\"WebPage\",\"@id\":\"https:\/\/nver.clinicaegurrola.com.mx\/index.php\/spa-2\/\",\"url\":\"https:\/\/nver.clinicaegurrola.com.mx\/index.php\/spa-2\/\",\"name\":\"SPA - EGURROLA Cl\u00ednica Cosmetol\u00f3gica\",\"isPartOf\":{\"@id\":\"https:\/\/nver.clinicaegurrola.com.mx\/#website\"},\"datePublished\":\"2023-07-25T18:58:44+00:00\",\"dateModified\":\"2023-11-15T18:57:13+00:00\",\"breadcrumb\":{\"@id\":\"https:\/\/nver.clinicaegurrola.com.mx\/index.php\/spa-2\/#breadcrumb\"},\"inLanguage\":\"es\",\"potentialAction\":[{\"@type\":\"ReadAction\",\"target\":[\"https:\/\/nver.clinicaegurrola.com.mx\/index.php\/spa-2\/\"]}]},{\"@type\":\"BreadcrumbList\",\"@id\":\"https:\/\/nver.clinicaegurrola.com.mx\/index.php\/spa-2\/#breadcrumb\",\"itemListElement\":[{\"@type\":\"ListItem\",\"position\":1,\"name\":\"Portada\",\"item\":\"https:\/\/nver.clinicaegurrola.com.mx\/\"},{\"@type\":\"ListItem\",\"position\":2,\"name\":\"SPA\"}]},{\"@type\":\"WebSite\",\"@id\":\"https:\/\/nver.clinicaegurrola.com.mx\/#website\",\"url\":\"https:\/\/nver.clinicaegurrola.com.mx\/\",\"name\":\"EGURROLA Cl\u00ednica Cosmetol\u00f3gica\",\"description\":\"\",\"publisher\":{\"@id\":\"https:\/\/nver.clinicaegurrola.com.mx\/#organization\"},\"potentialAction\":[{\"@type\":\"SearchAction\",\"target\":{\"@type\":\"EntryPoint\",\"urlTemplate\":\"https:\/\/nver.clinicaegurrola.com.mx\/?s={search_term_string}\"},\"query-input\":\"required name=search_term_string\"}],\"inLanguage\":\"es\"},{\"@type\":\"Organization\",\"@id\":\"https:\/\/nver.clinicaegurrola.com.mx\/#organization\",\"name\":\"EGURROLA Cl\u00ednica Cosmetol\u00f3gica\",\"url\":\"https:\/\/nver.clinicaegurrola.com.mx\/\",\"logo\":{\"@type\":\"ImageObject\",\"inLanguage\":\"es\",\"@id\":\"https:\/\/nver.clinicaegurrola.com.mx\/#\/schema\/logo\/image\/\",\"url\":\"https:\/\/nver.clinicaegurrola.com.mx\/wp-content\/uploads\/2023\/11\/qr-egurrola.jpg\",\"contentUrl\":\"https:\/\/nver.clinicaegurrola.com.mx\/wp-content\/uploads\/2023\/11\/qr-egurrola.jpg\",\"width\":450,\"height\":450,\"caption\":\"EGURROLA Cl\u00ednica Cosmetol\u00f3gica\"},\"image\":{\"@id\":\"https:\/\/nver.clinicaegurrola.com.mx\/#\/schema\/logo\/image\/\"}}]}<\/script>\n<!-- \/ Yoast SEO plugin. -->","yoast_head_json":{"title":"SPA - EGURROLA Cl\u00ednica Cosmetol\u00f3gica","robots":{"index":"index","follow":"follow","max-snippet":"max-snippet:-1","max-image-preview":"max-image-preview:large","max-video-preview":"max-video-preview:-1"},"canonical":"https:\/\/nver.clinicaegurrola.com.mx\/index.php\/spa-2\/","og_locale":"es_ES","og_type":"article","og_title":"SPA - EGURROLA Cl\u00ednica Cosmetol\u00f3gica","og_url":"https:\/\/nver.clinicaegurrola.com.mx\/index.php\/spa-2\/","og_site_name":"EGURROLA Cl\u00ednica Cosmetol\u00f3gica","article_modified_time":"2023-11-15T18:57:13+00:00","twitter_card":"summary_large_image","twitter_misc":{"Tiempo de lectura":"3 minutos"},"schema":{"@context":"https:\/\/schema.org","@graph":[{"@type":"WebPage","@id":"https:\/\/nver.clinicaegurrola.com.mx\/index.php\/spa-2\/","url":"https:\/\/nver.clinicaegurrola.com.mx\/index.php\/spa-2\/","name":"SPA - EGURROLA Cl\u00ednica Cosmetol\u00f3gica","isPartOf":{"@id":"https:\/\/nver.clinicaegurrola.com.mx\/#website"},"datePublished":"2023-07-25T18:58:44+00:00","dateModified":"2023-11-15T18:57:13+00:00","breadcrumb":{"@id":"https:\/\/nver.clinicaegurrola.com.mx\/index.php\/spa-2\/#breadcrumb"},"inLanguage":"es","potentialAction":[{"@type":"ReadAction","target":["https:\/\/nver.clinicaegurrola.com.mx\/index.php\/spa-2\/"]}]},{"@type":"BreadcrumbList","@id":"https:\/\/nver.clinicaegurrola.com.mx\/index.php\/spa-2\/#breadcrumb","itemListElement":[{"@type":"ListItem","position":1,"name":"Portada","item":"https:\/\/nver.clinicaegurrola.com.mx\/"},{"@type":"ListItem","position":2,"name":"SPA"}]},{"@type":"WebSite","@id":"https:\/\/nver.clinicaegurrola.com.mx\/#website","url":"https:\/\/nver.clinicaegurrola.com.mx\/","name":"EGURROLA Cl\u00ednica Cosmetol\u00f3gica","description":"","publisher":{"@id":"https:\/\/nver.clinicaegurrola.com.mx\/#organization"},"potentialAction":[{"@type":"SearchAction","target":{"@type":"EntryPoint","urlTemplate":"https:\/\/nver.clinicaegurrola.com.mx\/?s={search_term_string}"},"query-input":"required name=search_term_string"}],"inLanguage":"es"},{"@type":"Organization","@id":"https:\/\/nver.clinicaegurrola.com.mx\/#organization","name":"EGURROLA Cl\u00ednica Cosmetol\u00f3gica","url":"https:\/\/nver.clinicaegurrola.com.mx\/","logo":{"@type":"ImageObject","inLanguage":"es","@id":"https:\/\/nver.clinicaegurrola.com.mx\/#\/schema\/logo\/image\/","url":"https:\/\/nver.clinicaegurrola.com.mx\/wp-content\/uploads\/2023\/11\/qr-egurrola.jpg","contentUrl":"https:\/\/nver.clinicaegurrola.com.mx\/wp-content\/uploads\/2023\/11\/qr-egurrola.jpg","width":450,"height":450,"caption":"EGURROLA Cl\u00ednica Cosmetol\u00f3gica"},"image":{"@id":"https:\/\/nver.clinicaegurrola.com.mx\/#\/schema\/logo\/image\/"}}]}},"_links":{"self":[{"href":"https:\/\/nver.clinicaegurrola.com.mx\/index.php\/wp-json\/wp\/v2\/pages\/1240","targetHints":{"allow":["GET"]}}],"collection":[{"href":"https:\/\/nver.clinicaegurrola.com.mx\/index.php\/wp-json\/wp\/v2\/pages"}],"about":[{"href":"https:\/\/nver.clinicaegurrola.com.mx\/index.php\/wp-json\/wp\/v2\/types\/page"}],"author":[{"embeddable":true,"href":"https:\/\/nver.clinicaegurrola.com.mx\/index.php\/wp-json\/wp\/v2\/users\/1"}],"replies":[{"embeddable":true,"href":"https:\/\/nver.clinicaegurrola.com.mx\/index.php\/wp-json\/wp\/v2\/comments?post=1240"}],"version-history":[{"count":49,"href":"https:\/\/nver.clinicaegurrola.com.mx\/index.php\/wp-json\/wp\/v2\/pages\/1240\/revisions"}],"predecessor-version":[{"id":2994,"href":"https:\/\/nver.clinicaegurrola.com.mx\/index.php\/wp-json\/wp\/v2\/pages\/1240\/revisions\/2994"}],"wp:attachment":[{"href":"https:\/\/nver.clinicaegurrola.com.mx\/index.php\/wp-json\/wp\/v2\/media?parent=1240"}],"curies":[{"name":"wp","href":"https:\/\/api.w.org\/{rel}","templated":true}]}}